{"id":2902,"date":"2023-03-13T13:39:48","date_gmt":"2023-03-13T12:39:48","guid":{"rendered":"https:\/\/tfp.kriet.hu\/borok\/egri-bikaver-superior-2013\/"},"modified":"2023-03-13T13:39:48","modified_gmt":"2023-03-13T12:39:48","slug":"egri-bikaver-superior-2013","status":"publish","type":"product","link":"https:\/\/tothferencpinceszet.hu\/en\/termek\/egri-bikaver-superior-2013\/","title":{"rendered":"Egri Bikav\u00e9r Superior 2013"},"content":{"rendered":"","protected":false},"excerpt":{"rendered":"<p>Only dry red wines of protected origin may be marketed under the name Egri Bikav\u00e9r. The world-famous wine of the wine-growing region is Bikav\u00e9r, which is a blend of different red wines: the base wines must be aged in wooden barrels for at least one year and then in bottle for six months after blending. With K\u00e9kfrankos grape as backbone, the three Bordeaux varieties, Pinot Noir and Kadarka are used in this blend. Velvety tannins with intense violet and plum aromas, notes of cherry and spice on the nose. Unusually rich Bikav\u00e9r style with serious structure and a long finish.<\/p>\n","protected":false},"featured_media":1553,"template":"","meta":{"_jet_sm_ready_style":"","_jet_sm_style":"","_jet_sm_controls_values":"","_jet_sm_fonts_collection":"","_jet_sm_fonts_links":""},"product_brand":[],"product_cat":[102],"product_tag":[],"class_list":{"0":"post-2902","1":"product","2":"type-product","3":"status-publish","4":"has-post-thumbnail","6":"product_cat-limited","8":"first","9":"instock","10":"shipping-taxable","11":"purchasable","12":"product-type-simple"},"yoast_head":"<!-- This site is optimized with the Yoast SEO plugin v27.4 - https:\/\/yoast.com\/product\/yoast-seo-wordpress\/ -->\n<title>Egri Bikav\u00e9r Superior 2013 - T\u00f3th Ferenc Pinc\u00e9szet<\/title>\n<meta name=\"robots\" content=\"index, follow, max-snippet:-1, max-image-preview:large, max-video-preview:-1\" \/>\n<link rel=\"canonical\" href=\"https:\/\/tothferencpinceszet.hu\/termek\/egri-bikaver-superior-2013\/\" \/>\n<meta property=\"og:locale\" content=\"en_US\" \/>\n<meta property=\"og:type\" content=\"article\" \/>\n<meta property=\"og:title\" content=\"Egri Bikav\u00e9r Superior 2013 - T\u00f3th Ferenc Pinc\u00e9szet\" \/>\n<meta property=\"og:description\" content=\"Only dry red wines of protected origin may be marketed under the name Egri Bikav\u00e9r. The world-famous wine of the wine-growing region is Bikav\u00e9r, which is a blend of different red wines: the base wines must be aged in wooden barrels for at least one year and then in bottle for six months after blending. With K\u00e9kfrankos grape as backbone, the three Bordeaux varieties, Pinot Noir and Kadarka are used in this blend. Velvety tannins with intense violet and plum aromas, notes of cherry and spice on the nose. Unusually rich Bikav\u00e9r style with serious structure and a long finish.\" \/>\n<meta property=\"og:url\" content=\"https:\/\/tothferencpinceszet.hu\/termek\/egri-bikaver-superior-2013\/\" \/>\n<meta property=\"og:site_name\" content=\"T\u00f3th Ferenc Pinc\u00e9szet\" \/>\n<meta property=\"og:image\" content=\"https:\/\/tothferencpinceszet.hu\/wp-content\/uploads\/2023\/03\/egri_bikaver_sup_13@1200.png\" \/>\n\t<meta property=\"og:image:width\" content=\"1200\" \/>\n\t<meta property=\"og:image:height\" content=\"1200\" \/>\n\t<meta property=\"og:image:type\" content=\"image\/png\" \/>\n<meta name=\"twitter:card\" content=\"summary_large_image\" \/>\n<script type=\"application\/ld+json\" class=\"yoast-schema-graph\">{\"@context\":\"https:\\\/\\\/schema.org\",\"@graph\":[{\"@type\":\"WebPage\",\"@id\":\"https:\\\/\\\/tothferencpinceszet.hu\\\/termek\\\/egri-bikaver-superior-2013\\\/\",\"url\":\"https:\\\/\\\/tothferencpinceszet.hu\\\/termek\\\/egri-bikaver-superior-2013\\\/\",\"name\":\"Egri Bikav\u00e9r Superior 2013 - T\u00f3th Ferenc Pinc\u00e9szet\",\"isPartOf\":{\"@id\":\"https:\\\/\\\/tothferencpinceszet.hu\\\/#website\"},\"primaryImageOfPage\":{\"@id\":\"https:\\\/\\\/tothferencpinceszet.hu\\\/termek\\\/egri-bikaver-superior-2013\\\/#primaryimage\"},\"image\":{\"@id\":\"https:\\\/\\\/tothferencpinceszet.hu\\\/termek\\\/egri-bikaver-superior-2013\\\/#primaryimage\"},\"thumbnailUrl\":\"https:\\\/\\\/tothferencpinceszet.hu\\\/wp-content\\\/uploads\\\/2023\\\/03\\\/egri_bikaver_sup_13@1200.png\",\"datePublished\":\"2023-03-13T12:39:48+00:00\",\"breadcrumb\":{\"@id\":\"https:\\\/\\\/tothferencpinceszet.hu\\\/termek\\\/egri-bikaver-superior-2013\\\/#breadcrumb\"},\"inLanguage\":\"en-US\",\"potentialAction\":[{\"@type\":\"ReadAction\",\"target\":[\"https:\\\/\\\/tothferencpinceszet.hu\\\/termek\\\/egri-bikaver-superior-2013\\\/\"]}]},{\"@type\":\"ImageObject\",\"inLanguage\":\"en-US\",\"@id\":\"https:\\\/\\\/tothferencpinceszet.hu\\\/termek\\\/egri-bikaver-superior-2013\\\/#primaryimage\",\"url\":\"https:\\\/\\\/tothferencpinceszet.hu\\\/wp-content\\\/uploads\\\/2023\\\/03\\\/egri_bikaver_sup_13@1200.png\",\"contentUrl\":\"https:\\\/\\\/tothferencpinceszet.hu\\\/wp-content\\\/uploads\\\/2023\\\/03\\\/egri_bikaver_sup_13@1200.png\",\"width\":1200,\"height\":1200},{\"@type\":\"BreadcrumbList\",\"@id\":\"https:\\\/\\\/tothferencpinceszet.hu\\\/termek\\\/egri-bikaver-superior-2013\\\/#breadcrumb\",\"itemListElement\":[{\"@type\":\"ListItem\",\"position\":1,\"name\":\"Kezd\u0151lap\",\"item\":\"https:\\\/\\\/tothferencpinceszet.hu\\\/en\\\/\"},{\"@type\":\"ListItem\",\"position\":2,\"name\":\"Shop\",\"item\":\"https:\\\/\\\/tothferencpinceszet.hu\\\/en\\\/shop\\\/\"},{\"@type\":\"ListItem\",\"position\":3,\"name\":\"Egri Bikav\u00e9r Superior 2013\"}]},{\"@type\":\"WebSite\",\"@id\":\"https:\\\/\\\/tothferencpinceszet.hu\\\/#website\",\"url\":\"https:\\\/\\\/tothferencpinceszet.hu\\\/\",\"name\":\"T\u00f3th Ferenc Pinc\u00e9szet\",\"description\":\"40 \u00e9ve az Egri Borvid\u00e9ken\",\"publisher\":{\"@id\":\"https:\\\/\\\/tothferencpinceszet.hu\\\/#organization\"},\"potentialAction\":[{\"@type\":\"SearchAction\",\"target\":{\"@type\":\"EntryPoint\",\"urlTemplate\":\"https:\\\/\\\/tothferencpinceszet.hu\\\/?s={search_term_string}\"},\"query-input\":{\"@type\":\"PropertyValueSpecification\",\"valueRequired\":true,\"valueName\":\"search_term_string\"}}],\"inLanguage\":\"en-US\"},{\"@type\":\"Organization\",\"@id\":\"https:\\\/\\\/tothferencpinceszet.hu\\\/#organization\",\"name\":\"T\u00f3th Ferenc Pinc\u00e9szet\",\"url\":\"https:\\\/\\\/tothferencpinceszet.hu\\\/\",\"logo\":{\"@type\":\"ImageObject\",\"inLanguage\":\"en-US\",\"@id\":\"https:\\\/\\\/tothferencpinceszet.hu\\\/#\\\/schema\\\/logo\\\/image\\\/\",\"url\":\"https:\\\/\\\/tothferencpinceszet.hu\\\/wp-content\\\/uploads\\\/2022\\\/11\\\/cropped-tfp_logo_dark4x.png\",\"contentUrl\":\"https:\\\/\\\/tothferencpinceszet.hu\\\/wp-content\\\/uploads\\\/2022\\\/11\\\/cropped-tfp_logo_dark4x.png\",\"width\":1294,\"height\":679,\"caption\":\"T\u00f3th Ferenc Pinc\u00e9szet\"},\"image\":{\"@id\":\"https:\\\/\\\/tothferencpinceszet.hu\\\/#\\\/schema\\\/logo\\\/image\\\/\"}}]}<\/script>\n<!-- \/ Yoast SEO plugin. -->","yoast_head_json":{"title":"Egri Bikav\u00e9r Superior 2013 - T\u00f3th Ferenc Pinc\u00e9szet","robots":{"index":"index","follow":"follow","max-snippet":"max-snippet:-1","max-image-preview":"max-image-preview:large","max-video-preview":"max-video-preview:-1"},"canonical":"https:\/\/tothferencpinceszet.hu\/termek\/egri-bikaver-superior-2013\/","og_locale":"en_US","og_type":"article","og_title":"Egri Bikav\u00e9r Superior 2013 - T\u00f3th Ferenc Pinc\u00e9szet","og_description":"Only dry red wines of protected origin may be marketed under the name Egri Bikav\u00e9r. The world-famous wine of the wine-growing region is Bikav\u00e9r, which is a blend of different red wines: the base wines must be aged in wooden barrels for at least one year and then in bottle for six months after blending. With K\u00e9kfrankos grape as backbone, the three Bordeaux varieties, Pinot Noir and Kadarka are used in this blend. Velvety tannins with intense violet and plum aromas, notes of cherry and spice on the nose. Unusually rich Bikav\u00e9r style with serious structure and a long finish.","og_url":"https:\/\/tothferencpinceszet.hu\/termek\/egri-bikaver-superior-2013\/","og_site_name":"T\u00f3th Ferenc Pinc\u00e9szet","og_image":[{"width":1200,"height":1200,"url":"https:\/\/tothferencpinceszet.hu\/wp-content\/uploads\/2023\/03\/egri_bikaver_sup_13@1200.png","type":"image\/png"}],"twitter_card":"summary_large_image","schema":{"@context":"https:\/\/schema.org","@graph":[{"@type":"WebPage","@id":"https:\/\/tothferencpinceszet.hu\/termek\/egri-bikaver-superior-2013\/","url":"https:\/\/tothferencpinceszet.hu\/termek\/egri-bikaver-superior-2013\/","name":"Egri Bikav\u00e9r Superior 2013 - T\u00f3th Ferenc Pinc\u00e9szet","isPartOf":{"@id":"https:\/\/tothferencpinceszet.hu\/#website"},"primaryImageOfPage":{"@id":"https:\/\/tothferencpinceszet.hu\/termek\/egri-bikaver-superior-2013\/#primaryimage"},"image":{"@id":"https:\/\/tothferencpinceszet.hu\/termek\/egri-bikaver-superior-2013\/#primaryimage"},"thumbnailUrl":"https:\/\/tothferencpinceszet.hu\/wp-content\/uploads\/2023\/03\/egri_bikaver_sup_13@1200.png","datePublished":"2023-03-13T12:39:48+00:00","breadcrumb":{"@id":"https:\/\/tothferencpinceszet.hu\/termek\/egri-bikaver-superior-2013\/#breadcrumb"},"inLanguage":"en-US","potentialAction":[{"@type":"ReadAction","target":["https:\/\/tothferencpinceszet.hu\/termek\/egri-bikaver-superior-2013\/"]}]},{"@type":"ImageObject","inLanguage":"en-US","@id":"https:\/\/tothferencpinceszet.hu\/termek\/egri-bikaver-superior-2013\/#primaryimage","url":"https:\/\/tothferencpinceszet.hu\/wp-content\/uploads\/2023\/03\/egri_bikaver_sup_13@1200.png","contentUrl":"https:\/\/tothferencpinceszet.hu\/wp-content\/uploads\/2023\/03\/egri_bikaver_sup_13@1200.png","width":1200,"height":1200},{"@type":"BreadcrumbList","@id":"https:\/\/tothferencpinceszet.hu\/termek\/egri-bikaver-superior-2013\/#breadcrumb","itemListElement":[{"@type":"ListItem","position":1,"name":"Kezd\u0151lap","item":"https:\/\/tothferencpinceszet.hu\/en\/"},{"@type":"ListItem","position":2,"name":"Shop","item":"https:\/\/tothferencpinceszet.hu\/en\/shop\/"},{"@type":"ListItem","position":3,"name":"Egri Bikav\u00e9r Superior 2013"}]},{"@type":"WebSite","@id":"https:\/\/tothferencpinceszet.hu\/#website","url":"https:\/\/tothferencpinceszet.hu\/","name":"T\u00f3th Ferenc Pinc\u00e9szet","description":"40 \u00e9ve az Egri Borvid\u00e9ken","publisher":{"@id":"https:\/\/tothferencpinceszet.hu\/#organization"},"potentialAction":[{"@type":"SearchAction","target":{"@type":"EntryPoint","urlTemplate":"https:\/\/tothferencpinceszet.hu\/?s={search_term_string}"},"query-input":{"@type":"PropertyValueSpecification","valueRequired":true,"valueName":"search_term_string"}}],"inLanguage":"en-US"},{"@type":"Organization","@id":"https:\/\/tothferencpinceszet.hu\/#organization","name":"T\u00f3th Ferenc Pinc\u00e9szet","url":"https:\/\/tothferencpinceszet.hu\/","logo":{"@type":"ImageObject","inLanguage":"en-US","@id":"https:\/\/tothferencpinceszet.hu\/#\/schema\/logo\/image\/","url":"https:\/\/tothferencpinceszet.hu\/wp-content\/uploads\/2022\/11\/cropped-tfp_logo_dark4x.png","contentUrl":"https:\/\/tothferencpinceszet.hu\/wp-content\/uploads\/2022\/11\/cropped-tfp_logo_dark4x.png","width":1294,"height":679,"caption":"T\u00f3th Ferenc Pinc\u00e9szet"},"image":{"@id":"https:\/\/tothferencpinceszet.hu\/#\/schema\/logo\/image\/"}}]}},"_links":{"self":[{"href":"https:\/\/tothferencpinceszet.hu\/en\/wp-json\/wp\/v2\/product\/2902","targetHints":{"allow":["GET"]}}],"collection":[{"href":"https:\/\/tothferencpinceszet.hu\/en\/wp-json\/wp\/v2\/product"}],"about":[{"href":"https:\/\/tothferencpinceszet.hu\/en\/wp-json\/wp\/v2\/types\/product"}],"version-history":[{"count":0,"href":"https:\/\/tothferencpinceszet.hu\/en\/wp-json\/wp\/v2\/product\/2902\/revisions"}],"wp:featuredmedia":[{"embeddable":true,"href":"https:\/\/tothferencpinceszet.hu\/en\/wp-json\/wp\/v2\/media\/1553"}],"wp:attachment":[{"href":"https:\/\/tothferencpinceszet.hu\/en\/wp-json\/wp\/v2\/media?parent=2902"}],"wp:term":[{"taxonomy":"product_brand","embeddable":true,"href":"https:\/\/tothferencpinceszet.hu\/en\/wp-json\/wp\/v2\/product_brand?post=2902"},{"taxonomy":"product_cat","embeddable":true,"href":"https:\/\/tothferencpinceszet.hu\/en\/wp-json\/wp\/v2\/product_cat?post=2902"},{"taxonomy":"product_tag","embeddable":true,"href":"https:\/\/tothferencpinceszet.hu\/en\/wp-json\/wp\/v2\/product_tag?post=2902"}],"curies":[{"name":"wp","href":"https:\/\/api.w.org\/{rel}","templated":true}]}}