{"id":2889,"date":"2023-03-13T13:39:52","date_gmt":"2023-03-13T12:39:52","guid":{"rendered":"https:\/\/tfp.kriet.hu\/borok\/varvedo-2009\/"},"modified":"2023-03-13T13:39:52","modified_gmt":"2023-03-13T12:39:52","slug":"varvedo-2009","status":"publish","type":"product","link":"https:\/\/tothferencpinceszet.hu\/en\/termek\/varvedo-2009\/","title":{"rendered":"V\u00e1rv\u00e9d\u0151 2009"},"content":{"rendered":"","protected":false},"excerpt":{"rendered":"<p>Deep ruby colour. Exciting spicy ripe fruits on the nose. Full, creamy, succulent, along with flavours. A velvety wine with good proportions and a rich world of flavours. The flagship wine of the winery. We produce this red blend only in the finest vintages. The name &#8220;&#8221;V\u00e1rv\u00e9d\u0151&#8221;&#8221; (&#8220;&#8221;Castle Defender&#8221;&#8221;) recalls the heroic soldiers of Egri Castle who stopped the Turkish army 40 years before Europe. The first vintage was made by Uncle Feri to celebrate the 450th anniversary of the defence of Eger Castle.<\/p>\n","protected":false},"featured_media":1537,"template":"","meta":{"_jet_sm_ready_style":"","_jet_sm_style":"","_jet_sm_controls_values":"","_jet_sm_fonts_collection":"","_jet_sm_fonts_links":""},"product_brand":[],"product_cat":[103],"product_tag":[],"class_list":{"0":"post-2889","1":"product","2":"type-product","3":"status-publish","4":"has-post-thumbnail","6":"product_cat-vintage","8":"first","9":"instock","10":"shipping-taxable","11":"purchasable","12":"product-type-simple"},"yoast_head":"<!-- This site is optimized with the Yoast SEO plugin v27.4 - https:\/\/yoast.com\/product\/yoast-seo-wordpress\/ -->\n<title>V\u00e1rv\u00e9d\u0151 2009 - T\u00f3th Ferenc Pinc\u00e9szet<\/title>\n<meta name=\"robots\" content=\"index, follow, max-snippet:-1, max-image-preview:large, max-video-preview:-1\" \/>\n<link rel=\"canonical\" href=\"https:\/\/tothferencpinceszet.hu\/termek\/varvedo-2009\/\" \/>\n<meta property=\"og:locale\" content=\"en_US\" \/>\n<meta property=\"og:type\" content=\"article\" \/>\n<meta property=\"og:title\" content=\"V\u00e1rv\u00e9d\u0151 2009 - T\u00f3th Ferenc Pinc\u00e9szet\" \/>\n<meta property=\"og:description\" content=\"Deep ruby colour. Exciting spicy ripe fruits on the nose. Full, creamy, succulent, along with flavours. A velvety wine with good proportions and a rich world of flavours. The flagship wine of the winery. We produce this red blend only in the finest vintages. The name &quot;&quot;V\u00e1rv\u00e9d\u0151&quot;&quot; (&quot;&quot;Castle Defender&quot;&quot;) recalls the heroic soldiers of Egri Castle who stopped the Turkish army 40 years before Europe. The first vintage was made by Uncle Feri to celebrate the 450th anniversary of the defence of Eger Castle.\" \/>\n<meta property=\"og:url\" content=\"https:\/\/tothferencpinceszet.hu\/termek\/varvedo-2009\/\" \/>\n<meta property=\"og:site_name\" content=\"T\u00f3th Ferenc Pinc\u00e9szet\" \/>\n<meta property=\"og:image\" content=\"https:\/\/tothferencpinceszet.hu\/wp-content\/uploads\/2023\/03\/varvedo_09@1200.png\" \/>\n\t<meta property=\"og:image:width\" content=\"1200\" \/>\n\t<meta property=\"og:image:height\" content=\"1200\" \/>\n\t<meta property=\"og:image:type\" content=\"image\/png\" \/>\n<meta name=\"twitter:card\" content=\"summary_large_image\" \/>\n<script type=\"application\/ld+json\" class=\"yoast-schema-graph\">{\"@context\":\"https:\\\/\\\/schema.org\",\"@graph\":[{\"@type\":\"WebPage\",\"@id\":\"https:\\\/\\\/tothferencpinceszet.hu\\\/termek\\\/varvedo-2009\\\/\",\"url\":\"https:\\\/\\\/tothferencpinceszet.hu\\\/termek\\\/varvedo-2009\\\/\",\"name\":\"V\u00e1rv\u00e9d\u0151 2009 - T\u00f3th Ferenc Pinc\u00e9szet\",\"isPartOf\":{\"@id\":\"https:\\\/\\\/tothferencpinceszet.hu\\\/#website\"},\"primaryImageOfPage\":{\"@id\":\"https:\\\/\\\/tothferencpinceszet.hu\\\/termek\\\/varvedo-2009\\\/#primaryimage\"},\"image\":{\"@id\":\"https:\\\/\\\/tothferencpinceszet.hu\\\/termek\\\/varvedo-2009\\\/#primaryimage\"},\"thumbnailUrl\":\"https:\\\/\\\/tothferencpinceszet.hu\\\/wp-content\\\/uploads\\\/2023\\\/03\\\/varvedo_09@1200.png\",\"datePublished\":\"2023-03-13T12:39:52+00:00\",\"breadcrumb\":{\"@id\":\"https:\\\/\\\/tothferencpinceszet.hu\\\/termek\\\/varvedo-2009\\\/#breadcrumb\"},\"inLanguage\":\"en-US\",\"potentialAction\":[{\"@type\":\"ReadAction\",\"target\":[\"https:\\\/\\\/tothferencpinceszet.hu\\\/termek\\\/varvedo-2009\\\/\"]}]},{\"@type\":\"ImageObject\",\"inLanguage\":\"en-US\",\"@id\":\"https:\\\/\\\/tothferencpinceszet.hu\\\/termek\\\/varvedo-2009\\\/#primaryimage\",\"url\":\"https:\\\/\\\/tothferencpinceszet.hu\\\/wp-content\\\/uploads\\\/2023\\\/03\\\/varvedo_09@1200.png\",\"contentUrl\":\"https:\\\/\\\/tothferencpinceszet.hu\\\/wp-content\\\/uploads\\\/2023\\\/03\\\/varvedo_09@1200.png\",\"width\":1200,\"height\":1200},{\"@type\":\"BreadcrumbList\",\"@id\":\"https:\\\/\\\/tothferencpinceszet.hu\\\/termek\\\/varvedo-2009\\\/#breadcrumb\",\"itemListElement\":[{\"@type\":\"ListItem\",\"position\":1,\"name\":\"Kezd\u0151lap\",\"item\":\"https:\\\/\\\/tothferencpinceszet.hu\\\/en\\\/\"},{\"@type\":\"ListItem\",\"position\":2,\"name\":\"Shop\",\"item\":\"https:\\\/\\\/tothferencpinceszet.hu\\\/en\\\/shop\\\/\"},{\"@type\":\"ListItem\",\"position\":3,\"name\":\"V\u00e1rv\u00e9d\u0151 2009\"}]},{\"@type\":\"WebSite\",\"@id\":\"https:\\\/\\\/tothferencpinceszet.hu\\\/#website\",\"url\":\"https:\\\/\\\/tothferencpinceszet.hu\\\/\",\"name\":\"T\u00f3th Ferenc Pinc\u00e9szet\",\"description\":\"40 \u00e9ve az Egri Borvid\u00e9ken\",\"publisher\":{\"@id\":\"https:\\\/\\\/tothferencpinceszet.hu\\\/#organization\"},\"potentialAction\":[{\"@type\":\"SearchAction\",\"target\":{\"@type\":\"EntryPoint\",\"urlTemplate\":\"https:\\\/\\\/tothferencpinceszet.hu\\\/?s={search_term_string}\"},\"query-input\":{\"@type\":\"PropertyValueSpecification\",\"valueRequired\":true,\"valueName\":\"search_term_string\"}}],\"inLanguage\":\"en-US\"},{\"@type\":\"Organization\",\"@id\":\"https:\\\/\\\/tothferencpinceszet.hu\\\/#organization\",\"name\":\"T\u00f3th Ferenc Pinc\u00e9szet\",\"url\":\"https:\\\/\\\/tothferencpinceszet.hu\\\/\",\"logo\":{\"@type\":\"ImageObject\",\"inLanguage\":\"en-US\",\"@id\":\"https:\\\/\\\/tothferencpinceszet.hu\\\/#\\\/schema\\\/logo\\\/image\\\/\",\"url\":\"https:\\\/\\\/tothferencpinceszet.hu\\\/wp-content\\\/uploads\\\/2022\\\/11\\\/cropped-tfp_logo_dark4x.png\",\"contentUrl\":\"https:\\\/\\\/tothferencpinceszet.hu\\\/wp-content\\\/uploads\\\/2022\\\/11\\\/cropped-tfp_logo_dark4x.png\",\"width\":1294,\"height\":679,\"caption\":\"T\u00f3th Ferenc Pinc\u00e9szet\"},\"image\":{\"@id\":\"https:\\\/\\\/tothferencpinceszet.hu\\\/#\\\/schema\\\/logo\\\/image\\\/\"}}]}<\/script>\n<!-- \/ Yoast SEO plugin. -->","yoast_head_json":{"title":"V\u00e1rv\u00e9d\u0151 2009 - T\u00f3th Ferenc Pinc\u00e9szet","robots":{"index":"index","follow":"follow","max-snippet":"max-snippet:-1","max-image-preview":"max-image-preview:large","max-video-preview":"max-video-preview:-1"},"canonical":"https:\/\/tothferencpinceszet.hu\/termek\/varvedo-2009\/","og_locale":"en_US","og_type":"article","og_title":"V\u00e1rv\u00e9d\u0151 2009 - T\u00f3th Ferenc Pinc\u00e9szet","og_description":"Deep ruby colour. Exciting spicy ripe fruits on the nose. Full, creamy, succulent, along with flavours. A velvety wine with good proportions and a rich world of flavours. The flagship wine of the winery. We produce this red blend only in the finest vintages. The name \"\"V\u00e1rv\u00e9d\u0151\"\" (\"\"Castle Defender\"\") recalls the heroic soldiers of Egri Castle who stopped the Turkish army 40 years before Europe. The first vintage was made by Uncle Feri to celebrate the 450th anniversary of the defence of Eger Castle.","og_url":"https:\/\/tothferencpinceszet.hu\/termek\/varvedo-2009\/","og_site_name":"T\u00f3th Ferenc Pinc\u00e9szet","og_image":[{"width":1200,"height":1200,"url":"https:\/\/tothferencpinceszet.hu\/wp-content\/uploads\/2023\/03\/varvedo_09@1200.png","type":"image\/png"}],"twitter_card":"summary_large_image","schema":{"@context":"https:\/\/schema.org","@graph":[{"@type":"WebPage","@id":"https:\/\/tothferencpinceszet.hu\/termek\/varvedo-2009\/","url":"https:\/\/tothferencpinceszet.hu\/termek\/varvedo-2009\/","name":"V\u00e1rv\u00e9d\u0151 2009 - T\u00f3th Ferenc Pinc\u00e9szet","isPartOf":{"@id":"https:\/\/tothferencpinceszet.hu\/#website"},"primaryImageOfPage":{"@id":"https:\/\/tothferencpinceszet.hu\/termek\/varvedo-2009\/#primaryimage"},"image":{"@id":"https:\/\/tothferencpinceszet.hu\/termek\/varvedo-2009\/#primaryimage"},"thumbnailUrl":"https:\/\/tothferencpinceszet.hu\/wp-content\/uploads\/2023\/03\/varvedo_09@1200.png","datePublished":"2023-03-13T12:39:52+00:00","breadcrumb":{"@id":"https:\/\/tothferencpinceszet.hu\/termek\/varvedo-2009\/#breadcrumb"},"inLanguage":"en-US","potentialAction":[{"@type":"ReadAction","target":["https:\/\/tothferencpinceszet.hu\/termek\/varvedo-2009\/"]}]},{"@type":"ImageObject","inLanguage":"en-US","@id":"https:\/\/tothferencpinceszet.hu\/termek\/varvedo-2009\/#primaryimage","url":"https:\/\/tothferencpinceszet.hu\/wp-content\/uploads\/2023\/03\/varvedo_09@1200.png","contentUrl":"https:\/\/tothferencpinceszet.hu\/wp-content\/uploads\/2023\/03\/varvedo_09@1200.png","width":1200,"height":1200},{"@type":"BreadcrumbList","@id":"https:\/\/tothferencpinceszet.hu\/termek\/varvedo-2009\/#breadcrumb","itemListElement":[{"@type":"ListItem","position":1,"name":"Kezd\u0151lap","item":"https:\/\/tothferencpinceszet.hu\/en\/"},{"@type":"ListItem","position":2,"name":"Shop","item":"https:\/\/tothferencpinceszet.hu\/en\/shop\/"},{"@type":"ListItem","position":3,"name":"V\u00e1rv\u00e9d\u0151 2009"}]},{"@type":"WebSite","@id":"https:\/\/tothferencpinceszet.hu\/#website","url":"https:\/\/tothferencpinceszet.hu\/","name":"T\u00f3th Ferenc Pinc\u00e9szet","description":"40 \u00e9ve az Egri Borvid\u00e9ken","publisher":{"@id":"https:\/\/tothferencpinceszet.hu\/#organization"},"potentialAction":[{"@type":"SearchAction","target":{"@type":"EntryPoint","urlTemplate":"https:\/\/tothferencpinceszet.hu\/?s={search_term_string}"},"query-input":{"@type":"PropertyValueSpecification","valueRequired":true,"valueName":"search_term_string"}}],"inLanguage":"en-US"},{"@type":"Organization","@id":"https:\/\/tothferencpinceszet.hu\/#organization","name":"T\u00f3th Ferenc Pinc\u00e9szet","url":"https:\/\/tothferencpinceszet.hu\/","logo":{"@type":"ImageObject","inLanguage":"en-US","@id":"https:\/\/tothferencpinceszet.hu\/#\/schema\/logo\/image\/","url":"https:\/\/tothferencpinceszet.hu\/wp-content\/uploads\/2022\/11\/cropped-tfp_logo_dark4x.png","contentUrl":"https:\/\/tothferencpinceszet.hu\/wp-content\/uploads\/2022\/11\/cropped-tfp_logo_dark4x.png","width":1294,"height":679,"caption":"T\u00f3th Ferenc Pinc\u00e9szet"},"image":{"@id":"https:\/\/tothferencpinceszet.hu\/#\/schema\/logo\/image\/"}}]}},"_links":{"self":[{"href":"https:\/\/tothferencpinceszet.hu\/en\/wp-json\/wp\/v2\/product\/2889","targetHints":{"allow":["GET"]}}],"collection":[{"href":"https:\/\/tothferencpinceszet.hu\/en\/wp-json\/wp\/v2\/product"}],"about":[{"href":"https:\/\/tothferencpinceszet.hu\/en\/wp-json\/wp\/v2\/types\/product"}],"version-history":[{"count":0,"href":"https:\/\/tothferencpinceszet.hu\/en\/wp-json\/wp\/v2\/product\/2889\/revisions"}],"wp:featuredmedia":[{"embeddable":true,"href":"https:\/\/tothferencpinceszet.hu\/en\/wp-json\/wp\/v2\/media\/1537"}],"wp:attachment":[{"href":"https:\/\/tothferencpinceszet.hu\/en\/wp-json\/wp\/v2\/media?parent=2889"}],"wp:term":[{"taxonomy":"product_brand","embeddable":true,"href":"https:\/\/tothferencpinceszet.hu\/en\/wp-json\/wp\/v2\/product_brand?post=2889"},{"taxonomy":"product_cat","embeddable":true,"href":"https:\/\/tothferencpinceszet.hu\/en\/wp-json\/wp\/v2\/product_cat?post=2889"},{"taxonomy":"product_tag","embeddable":true,"href":"https:\/\/tothferencpinceszet.hu\/en\/wp-json\/wp\/v2\/product_tag?post=2889"}],"curies":[{"name":"wp","href":"https:\/\/api.w.org\/{rel}","templated":true}]}}