{"id":2843,"date":"2022-11-25T08:46:55","date_gmt":"2022-11-25T07:46:55","guid":{"rendered":"https:\/\/tfp.kriet.hu\/borok\/superior-wine-tasting-experience-and-vineyard-trip\/"},"modified":"2024-02-27T09:38:47","modified_gmt":"2024-02-27T08:38:47","slug":"superior-wine-tasting-experience-and-vineyard-trip","status":"publish","type":"product","link":"https:\/\/tothferencpinceszet.hu\/en\/termek\/superior-wine-tasting-experience-and-vineyard-trip\/","title":{"rendered":"Superior Wine Tasting Experience and Vineyard Trip"},"content":{"rendered":"","protected":false},"excerpt":{"rendered":"<p><strong>Package contents<\/strong><\/p>\n<ul>\n<li>Welcome wine (<span class=\"\">Le\u00e1nyka \u201922<\/span>) at the Wine Cellar (Kist\u00e1lyai st. 40)<\/li>\n<li>Cellar visit in the winery<\/li>\n<li>Trip to the S\u00edkhegy, arriving to <em><strong>T\u00f3th\u00e9k<\/strong><\/em><\/li>\n<li>Superior tasting with 5 wines\n<ul>\n<li><span class=\"\">Egri Csillag Superior 2022<\/span><\/li>\n<li><span class=\"\">Egri Kadarka Superior 2018<\/span><\/li>\n<li><span class=\"\">Egri K\u00e9kfrankos Superior 2018<\/span><\/li>\n<li><span class=\"\">Egri Bikav\u00e9r Selection 2018<\/span><\/li>\n<li><span class=\"\">V\u00e1rv\u00e9d\u0151 Egri Bikav\u00e9r Superior 2018<\/span><\/li>\n<\/ul>\n<\/li>\n<li>Picnic at <em><strong>T\u00f3th\u00e9k<\/strong><\/em>\n<ul>\n<li>Baguette, spreads, must, soda<\/li>\n<\/ul>\n<\/li>\n<li>Return to the winery and have a goodbye glass of late-harvest Egri Le\u00e1nyka Superior 2018<\/li>\n<\/ul>\n<p>By purchasing this product, you can enjoy a wine tasting experience without a set date for any number of people, according to the quantity you select from the tasting. The appointment can be arranged individually after the purchase within 1 year at the following contact details: +36 20 444-0173 | katatoth@tothferencpinceszet.hu<\/p>\n<p>Holding the tasting experience depends on the weather.<\/p>\n","protected":false},"featured_media":19810,"template":"","meta":{"_jet_sm_ready_style":"","_jet_sm_style":"","_jet_sm_controls_values":"","_jet_sm_fonts_collection":"","_jet_sm_fonts_links":""},"product_brand":[],"product_cat":[98,95],"product_tag":[],"class_list":{"0":"post-2843","1":"product","2":"type-product","3":"status-publish","4":"has-post-thumbnail","6":"product_cat-sikhegy","7":"product_cat-wine-tasting","9":"first","10":"instock","11":"virtual","12":"purchasable","13":"product-type-simple"},"yoast_head":"<!-- This site is optimized with the Yoast SEO plugin v27.4 - https:\/\/yoast.com\/product\/yoast-seo-wordpress\/ -->\n<title>Superior Wine Tasting Experience and Vineyard Trip - T\u00f3th Ferenc Pinc\u00e9szet<\/title>\n<meta name=\"robots\" content=\"index, follow, max-snippet:-1, max-image-preview:large, max-video-preview:-1\" \/>\n<link rel=\"canonical\" href=\"https:\/\/tothferencpinceszet.hu\/termek\/superior-wine-tasting-experience-and-vineyard-trip\/\" \/>\n<meta property=\"og:locale\" content=\"en_US\" \/>\n<meta property=\"og:type\" content=\"article\" \/>\n<meta property=\"og:title\" content=\"Superior Wine Tasting Experience and Vineyard Trip - T\u00f3th Ferenc Pinc\u00e9szet\" \/>\n<meta property=\"og:description\" content=\"Package contents   Welcome wine (Le\u00e1nyka \u201922) at the Wine Cellar (Kist\u00e1lyai st. 40)  Cellar visit in the winery  Trip to the S\u00edkhegy, arriving to T\u00f3th\u00e9k  Superior tasting with 5 wines   Egri Csillag Superior 2022  Egri Kadarka Superior 2018  Egri K\u00e9kfrankos Superior 2018  Egri Bikav\u00e9r Selection 2018  V\u00e1rv\u00e9d\u0151 Egri Bikav\u00e9r Superior 2018    Picnic at T\u00f3th\u00e9k   Baguette, spreads, must, soda    Return to the winery and have a goodbye glass of late-harvest Egri Le\u00e1nyka Superior 2018  By purchasing this product, you can enjoy a wine tasting experience without a set date for any number of people, according to the quantity you select from the tasting. The appointment can be arranged individually after the purchase within 1 year at the following contact details: +36 20 444-0173 | katatoth@tothferencpinceszet.hu  Holding the tasting experience depends on the weather.\" \/>\n<meta property=\"og:url\" content=\"https:\/\/tothferencpinceszet.hu\/termek\/superior-wine-tasting-experience-and-vineyard-trip\/\" \/>\n<meta property=\"og:site_name\" content=\"T\u00f3th Ferenc Pinc\u00e9szet\" \/>\n<meta property=\"article:modified_time\" content=\"2024-02-27T08:38:47+00:00\" \/>\n<meta property=\"og:image\" content=\"https:\/\/tothferencpinceszet.hu\/wp-content\/uploads\/2022\/11\/tothek.jpg\" \/>\n\t<meta property=\"og:image:width\" content=\"870\" \/>\n\t<meta property=\"og:image:height\" content=\"796\" \/>\n\t<meta property=\"og:image:type\" content=\"image\/jpeg\" \/>\n<meta name=\"twitter:card\" content=\"summary_large_image\" \/>\n<script type=\"application\/ld+json\" class=\"yoast-schema-graph\">{\"@context\":\"https:\\\/\\\/schema.org\",\"@graph\":[{\"@type\":\"WebPage\",\"@id\":\"https:\\\/\\\/tothferencpinceszet.hu\\\/termek\\\/superior-wine-tasting-experience-and-vineyard-trip\\\/\",\"url\":\"https:\\\/\\\/tothferencpinceszet.hu\\\/termek\\\/superior-wine-tasting-experience-and-vineyard-trip\\\/\",\"name\":\"Superior Wine Tasting Experience and Vineyard Trip - T\u00f3th Ferenc Pinc\u00e9szet\",\"isPartOf\":{\"@id\":\"https:\\\/\\\/tothferencpinceszet.hu\\\/#website\"},\"primaryImageOfPage\":{\"@id\":\"https:\\\/\\\/tothferencpinceszet.hu\\\/termek\\\/superior-wine-tasting-experience-and-vineyard-trip\\\/#primaryimage\"},\"image\":{\"@id\":\"https:\\\/\\\/tothferencpinceszet.hu\\\/termek\\\/superior-wine-tasting-experience-and-vineyard-trip\\\/#primaryimage\"},\"thumbnailUrl\":\"https:\\\/\\\/tothferencpinceszet.hu\\\/wp-content\\\/uploads\\\/2022\\\/11\\\/tothek.jpg\",\"datePublished\":\"2022-11-25T07:46:55+00:00\",\"dateModified\":\"2024-02-27T08:38:47+00:00\",\"breadcrumb\":{\"@id\":\"https:\\\/\\\/tothferencpinceszet.hu\\\/termek\\\/superior-wine-tasting-experience-and-vineyard-trip\\\/#breadcrumb\"},\"inLanguage\":\"en-US\",\"potentialAction\":[{\"@type\":\"ReadAction\",\"target\":[\"https:\\\/\\\/tothferencpinceszet.hu\\\/termek\\\/superior-wine-tasting-experience-and-vineyard-trip\\\/\"]}]},{\"@type\":\"ImageObject\",\"inLanguage\":\"en-US\",\"@id\":\"https:\\\/\\\/tothferencpinceszet.hu\\\/termek\\\/superior-wine-tasting-experience-and-vineyard-trip\\\/#primaryimage\",\"url\":\"https:\\\/\\\/tothferencpinceszet.hu\\\/wp-content\\\/uploads\\\/2022\\\/11\\\/tothek.jpg\",\"contentUrl\":\"https:\\\/\\\/tothferencpinceszet.hu\\\/wp-content\\\/uploads\\\/2022\\\/11\\\/tothek.jpg\",\"width\":870,\"height\":796},{\"@type\":\"BreadcrumbList\",\"@id\":\"https:\\\/\\\/tothferencpinceszet.hu\\\/termek\\\/superior-wine-tasting-experience-and-vineyard-trip\\\/#breadcrumb\",\"itemListElement\":[{\"@type\":\"ListItem\",\"position\":1,\"name\":\"Kezd\u0151lap\",\"item\":\"https:\\\/\\\/tothferencpinceszet.hu\\\/en\\\/\"},{\"@type\":\"ListItem\",\"position\":2,\"name\":\"Shop\",\"item\":\"https:\\\/\\\/tothferencpinceszet.hu\\\/en\\\/shop\\\/\"},{\"@type\":\"ListItem\",\"position\":3,\"name\":\"Superior Wine Tasting Experience and Vineyard Trip\"}]},{\"@type\":\"WebSite\",\"@id\":\"https:\\\/\\\/tothferencpinceszet.hu\\\/#website\",\"url\":\"https:\\\/\\\/tothferencpinceszet.hu\\\/\",\"name\":\"T\u00f3th Ferenc Pinc\u00e9szet\",\"description\":\"40 \u00e9ve az Egri Borvid\u00e9ken\",\"publisher\":{\"@id\":\"https:\\\/\\\/tothferencpinceszet.hu\\\/#organization\"},\"potentialAction\":[{\"@type\":\"SearchAction\",\"target\":{\"@type\":\"EntryPoint\",\"urlTemplate\":\"https:\\\/\\\/tothferencpinceszet.hu\\\/?s={search_term_string}\"},\"query-input\":{\"@type\":\"PropertyValueSpecification\",\"valueRequired\":true,\"valueName\":\"search_term_string\"}}],\"inLanguage\":\"en-US\"},{\"@type\":\"Organization\",\"@id\":\"https:\\\/\\\/tothferencpinceszet.hu\\\/#organization\",\"name\":\"T\u00f3th Ferenc Pinc\u00e9szet\",\"url\":\"https:\\\/\\\/tothferencpinceszet.hu\\\/\",\"logo\":{\"@type\":\"ImageObject\",\"inLanguage\":\"en-US\",\"@id\":\"https:\\\/\\\/tothferencpinceszet.hu\\\/#\\\/schema\\\/logo\\\/image\\\/\",\"url\":\"https:\\\/\\\/tothferencpinceszet.hu\\\/wp-content\\\/uploads\\\/2022\\\/11\\\/cropped-tfp_logo_dark4x.png\",\"contentUrl\":\"https:\\\/\\\/tothferencpinceszet.hu\\\/wp-content\\\/uploads\\\/2022\\\/11\\\/cropped-tfp_logo_dark4x.png\",\"width\":1294,\"height\":679,\"caption\":\"T\u00f3th Ferenc Pinc\u00e9szet\"},\"image\":{\"@id\":\"https:\\\/\\\/tothferencpinceszet.hu\\\/#\\\/schema\\\/logo\\\/image\\\/\"}}]}<\/script>\n<!-- \/ Yoast SEO plugin. -->","yoast_head_json":{"title":"Superior Wine Tasting Experience and Vineyard Trip - T\u00f3th Ferenc Pinc\u00e9szet","robots":{"index":"index","follow":"follow","max-snippet":"max-snippet:-1","max-image-preview":"max-image-preview:large","max-video-preview":"max-video-preview:-1"},"canonical":"https:\/\/tothferencpinceszet.hu\/termek\/superior-wine-tasting-experience-and-vineyard-trip\/","og_locale":"en_US","og_type":"article","og_title":"Superior Wine Tasting Experience and Vineyard Trip - T\u00f3th Ferenc Pinc\u00e9szet","og_description":"Package contents   Welcome wine (Le\u00e1nyka \u201922) at the Wine Cellar (Kist\u00e1lyai st. 40)  Cellar visit in the winery  Trip to the S\u00edkhegy, arriving to T\u00f3th\u00e9k  Superior tasting with 5 wines   Egri Csillag Superior 2022  Egri Kadarka Superior 2018  Egri K\u00e9kfrankos Superior 2018  Egri Bikav\u00e9r Selection 2018  V\u00e1rv\u00e9d\u0151 Egri Bikav\u00e9r Superior 2018    Picnic at T\u00f3th\u00e9k   Baguette, spreads, must, soda    Return to the winery and have a goodbye glass of late-harvest Egri Le\u00e1nyka Superior 2018  By purchasing this product, you can enjoy a wine tasting experience without a set date for any number of people, according to the quantity you select from the tasting. The appointment can be arranged individually after the purchase within 1 year at the following contact details: +36 20 444-0173 | katatoth@tothferencpinceszet.hu  Holding the tasting experience depends on the weather.","og_url":"https:\/\/tothferencpinceszet.hu\/termek\/superior-wine-tasting-experience-and-vineyard-trip\/","og_site_name":"T\u00f3th Ferenc Pinc\u00e9szet","article_modified_time":"2024-02-27T08:38:47+00:00","og_image":[{"width":870,"height":796,"url":"https:\/\/tothferencpinceszet.hu\/wp-content\/uploads\/2022\/11\/tothek.jpg","type":"image\/jpeg"}],"twitter_card":"summary_large_image","schema":{"@context":"https:\/\/schema.org","@graph":[{"@type":"WebPage","@id":"https:\/\/tothferencpinceszet.hu\/termek\/superior-wine-tasting-experience-and-vineyard-trip\/","url":"https:\/\/tothferencpinceszet.hu\/termek\/superior-wine-tasting-experience-and-vineyard-trip\/","name":"Superior Wine Tasting Experience and Vineyard Trip - T\u00f3th Ferenc Pinc\u00e9szet","isPartOf":{"@id":"https:\/\/tothferencpinceszet.hu\/#website"},"primaryImageOfPage":{"@id":"https:\/\/tothferencpinceszet.hu\/termek\/superior-wine-tasting-experience-and-vineyard-trip\/#primaryimage"},"image":{"@id":"https:\/\/tothferencpinceszet.hu\/termek\/superior-wine-tasting-experience-and-vineyard-trip\/#primaryimage"},"thumbnailUrl":"https:\/\/tothferencpinceszet.hu\/wp-content\/uploads\/2022\/11\/tothek.jpg","datePublished":"2022-11-25T07:46:55+00:00","dateModified":"2024-02-27T08:38:47+00:00","breadcrumb":{"@id":"https:\/\/tothferencpinceszet.hu\/termek\/superior-wine-tasting-experience-and-vineyard-trip\/#breadcrumb"},"inLanguage":"en-US","potentialAction":[{"@type":"ReadAction","target":["https:\/\/tothferencpinceszet.hu\/termek\/superior-wine-tasting-experience-and-vineyard-trip\/"]}]},{"@type":"ImageObject","inLanguage":"en-US","@id":"https:\/\/tothferencpinceszet.hu\/termek\/superior-wine-tasting-experience-and-vineyard-trip\/#primaryimage","url":"https:\/\/tothferencpinceszet.hu\/wp-content\/uploads\/2022\/11\/tothek.jpg","contentUrl":"https:\/\/tothferencpinceszet.hu\/wp-content\/uploads\/2022\/11\/tothek.jpg","width":870,"height":796},{"@type":"BreadcrumbList","@id":"https:\/\/tothferencpinceszet.hu\/termek\/superior-wine-tasting-experience-and-vineyard-trip\/#breadcrumb","itemListElement":[{"@type":"ListItem","position":1,"name":"Kezd\u0151lap","item":"https:\/\/tothferencpinceszet.hu\/en\/"},{"@type":"ListItem","position":2,"name":"Shop","item":"https:\/\/tothferencpinceszet.hu\/en\/shop\/"},{"@type":"ListItem","position":3,"name":"Superior Wine Tasting Experience and Vineyard Trip"}]},{"@type":"WebSite","@id":"https:\/\/tothferencpinceszet.hu\/#website","url":"https:\/\/tothferencpinceszet.hu\/","name":"T\u00f3th Ferenc Pinc\u00e9szet","description":"40 \u00e9ve az Egri Borvid\u00e9ken","publisher":{"@id":"https:\/\/tothferencpinceszet.hu\/#organization"},"potentialAction":[{"@type":"SearchAction","target":{"@type":"EntryPoint","urlTemplate":"https:\/\/tothferencpinceszet.hu\/?s={search_term_string}"},"query-input":{"@type":"PropertyValueSpecification","valueRequired":true,"valueName":"search_term_string"}}],"inLanguage":"en-US"},{"@type":"Organization","@id":"https:\/\/tothferencpinceszet.hu\/#organization","name":"T\u00f3th Ferenc Pinc\u00e9szet","url":"https:\/\/tothferencpinceszet.hu\/","logo":{"@type":"ImageObject","inLanguage":"en-US","@id":"https:\/\/tothferencpinceszet.hu\/#\/schema\/logo\/image\/","url":"https:\/\/tothferencpinceszet.hu\/wp-content\/uploads\/2022\/11\/cropped-tfp_logo_dark4x.png","contentUrl":"https:\/\/tothferencpinceszet.hu\/wp-content\/uploads\/2022\/11\/cropped-tfp_logo_dark4x.png","width":1294,"height":679,"caption":"T\u00f3th Ferenc Pinc\u00e9szet"},"image":{"@id":"https:\/\/tothferencpinceszet.hu\/#\/schema\/logo\/image\/"}}]}},"_links":{"self":[{"href":"https:\/\/tothferencpinceszet.hu\/en\/wp-json\/wp\/v2\/product\/2843","targetHints":{"allow":["GET"]}}],"collection":[{"href":"https:\/\/tothferencpinceszet.hu\/en\/wp-json\/wp\/v2\/product"}],"about":[{"href":"https:\/\/tothferencpinceszet.hu\/en\/wp-json\/wp\/v2\/types\/product"}],"version-history":[{"count":0,"href":"https:\/\/tothferencpinceszet.hu\/en\/wp-json\/wp\/v2\/product\/2843\/revisions"}],"wp:featuredmedia":[{"embeddable":true,"href":"https:\/\/tothferencpinceszet.hu\/en\/wp-json\/wp\/v2\/media\/19810"}],"wp:attachment":[{"href":"https:\/\/tothferencpinceszet.hu\/en\/wp-json\/wp\/v2\/media?parent=2843"}],"wp:term":[{"taxonomy":"product_brand","embeddable":true,"href":"https:\/\/tothferencpinceszet.hu\/en\/wp-json\/wp\/v2\/product_brand?post=2843"},{"taxonomy":"product_cat","embeddable":true,"href":"https:\/\/tothferencpinceszet.hu\/en\/wp-json\/wp\/v2\/product_cat?post=2843"},{"taxonomy":"product_tag","embeddable":true,"href":"https:\/\/tothferencpinceszet.hu\/en\/wp-json\/wp\/v2\/product_tag?post=2843"}],"curies":[{"name":"wp","href":"https:\/\/api.w.org\/{rel}","templated":true}]}}