{"id":2837,"date":"2023-03-28T21:51:48","date_gmt":"2023-03-28T19:51:48","guid":{"rendered":"https:\/\/tfp.kriet.hu\/borok\/superior-tasting-with-5-wines\/"},"modified":"2024-02-27T09:40:47","modified_gmt":"2024-02-27T08:40:47","slug":"superior-tasting-with-5-wines","status":"publish","type":"product","link":"https:\/\/tothferencpinceszet.hu\/en\/termek\/superior-tasting-with-5-wines\/","title":{"rendered":"SUPERIOR TASTING WITH 5 WINES"},"content":{"rendered":"","protected":false},"excerpt":{"rendered":"<p><strong>Package content<\/strong><\/p>\n<ul>\n<li>Tasting of 5 superior wines\n<ul>\n<li>Eger Csillag Superior 2022<\/li>\n<li>Kadarka Siller 2022<\/li>\n<li>Eger Kadarka Superior 2018<\/li>\n<li>V\u00e1rv\u00e9d\u0151 Egri Bikav\u00e9r Superior 2018<\/li>\n<li>Eger Le\u00e1nyka Superior 2018<\/li>\n<\/ul>\n<\/li>\n<\/ul>\n<p>Cheese platter available to order with wine tasting (10 dkg): HUF 1000\/person, payable on site (please indicate your request in the comments or during the appointment scheduling).<\/p>\n<p>With the purchase of the product, an appointment-free wine tasting experience is required for as many people as the quantity selected from the tasting. The appointment can be arranged individually after the purchase, within 1 year from the date of purchase, at the following contacts: <a href=\"mailto:tourism@tothferencpinceszet.hu\" target=\"_blank\" rel=\"noopener\">tourism@tothferencpinceszet.hu<\/a>\u00a0| +36 30 178 70 42<\/p>\n","protected":false},"featured_media":19353,"template":"","meta":{"_jet_sm_ready_style":"","_jet_sm_style":"","_jet_sm_controls_values":"","_jet_sm_fonts_collection":"","_jet_sm_fonts_links":""},"product_brand":[],"product_cat":[97,95],"product_tag":[],"class_list":{"0":"post-2837","1":"product","2":"type-product","3":"status-publish","4":"has-post-thumbnail","6":"product_cat-in-the-valley","7":"product_cat-wine-tasting","9":"first","10":"instock","11":"virtual","12":"purchasable","13":"product-type-simple"},"yoast_head":"<!-- This site is optimized with the Yoast SEO plugin v27.4 - https:\/\/yoast.com\/product\/yoast-seo-wordpress\/ -->\n<title>SUPERIOR TASTING WITH 5 WINES - T\u00f3th Ferenc Pinc\u00e9szet<\/title>\n<meta name=\"robots\" content=\"index, follow, max-snippet:-1, max-image-preview:large, max-video-preview:-1\" \/>\n<link rel=\"canonical\" href=\"https:\/\/tothferencpinceszet.hu\/termek\/superior-tasting-with-5-wines\/\" \/>\n<meta property=\"og:locale\" content=\"en_US\" \/>\n<meta property=\"og:type\" content=\"article\" \/>\n<meta property=\"og:title\" content=\"SUPERIOR TASTING WITH 5 WINES - T\u00f3th Ferenc Pinc\u00e9szet\" \/>\n<meta property=\"og:description\" content=\"Package content   Tasting of 5 superior wines   Eger Csillag Superior 2022  Kadarka Siller 2022  Eger Kadarka Superior 2018  V\u00e1rv\u00e9d\u0151 Egri Bikav\u00e9r Superior 2018  Eger Le\u00e1nyka Superior 2018    Cheese platter available to order with wine tasting (10 dkg): HUF 1000\/person, payable on site (please indicate your request in the comments or during the appointment scheduling).  With the purchase of the product, an appointment-free wine tasting experience is required for as many people as the quantity selected from the tasting. The appointment can be arranged individually after the purchase, within 1 year from the date of purchase, at the following contacts: tourism@tothferencpinceszet.hu\u00a0| +36 30 178 70 42\" \/>\n<meta property=\"og:url\" content=\"https:\/\/tothferencpinceszet.hu\/termek\/superior-tasting-with-5-wines\/\" \/>\n<meta property=\"og:site_name\" content=\"T\u00f3th Ferenc Pinc\u00e9szet\" \/>\n<meta property=\"article:modified_time\" content=\"2024-02-27T08:40:47+00:00\" \/>\n<meta property=\"og:image\" content=\"https:\/\/tothferencpinceszet.hu\/wp-content\/uploads\/2023\/03\/464198275_1008666774605714_4497446309054752653_n-e1739367861117.jpg\" \/>\n\t<meta property=\"og:image:width\" content=\"1365\" \/>\n\t<meta property=\"og:image:height\" content=\"1706\" \/>\n\t<meta property=\"og:image:type\" content=\"image\/jpeg\" \/>\n<meta name=\"twitter:card\" content=\"summary_large_image\" \/>\n<script type=\"application\/ld+json\" class=\"yoast-schema-graph\">{\"@context\":\"https:\\\/\\\/schema.org\",\"@graph\":[{\"@type\":\"WebPage\",\"@id\":\"https:\\\/\\\/tothferencpinceszet.hu\\\/termek\\\/superior-tasting-with-5-wines\\\/\",\"url\":\"https:\\\/\\\/tothferencpinceszet.hu\\\/termek\\\/superior-tasting-with-5-wines\\\/\",\"name\":\"SUPERIOR TASTING WITH 5 WINES - T\u00f3th Ferenc Pinc\u00e9szet\",\"isPartOf\":{\"@id\":\"https:\\\/\\\/tothferencpinceszet.hu\\\/#website\"},\"primaryImageOfPage\":{\"@id\":\"https:\\\/\\\/tothferencpinceszet.hu\\\/termek\\\/superior-tasting-with-5-wines\\\/#primaryimage\"},\"image\":{\"@id\":\"https:\\\/\\\/tothferencpinceszet.hu\\\/termek\\\/superior-tasting-with-5-wines\\\/#primaryimage\"},\"thumbnailUrl\":\"https:\\\/\\\/tothferencpinceszet.hu\\\/wp-content\\\/uploads\\\/2023\\\/03\\\/464198275_1008666774605714_4497446309054752653_n-e1739367861117.jpg\",\"datePublished\":\"2023-03-28T19:51:48+00:00\",\"dateModified\":\"2024-02-27T08:40:47+00:00\",\"breadcrumb\":{\"@id\":\"https:\\\/\\\/tothferencpinceszet.hu\\\/termek\\\/superior-tasting-with-5-wines\\\/#breadcrumb\"},\"inLanguage\":\"en-US\",\"potentialAction\":[{\"@type\":\"ReadAction\",\"target\":[\"https:\\\/\\\/tothferencpinceszet.hu\\\/termek\\\/superior-tasting-with-5-wines\\\/\"]}]},{\"@type\":\"ImageObject\",\"inLanguage\":\"en-US\",\"@id\":\"https:\\\/\\\/tothferencpinceszet.hu\\\/termek\\\/superior-tasting-with-5-wines\\\/#primaryimage\",\"url\":\"https:\\\/\\\/tothferencpinceszet.hu\\\/wp-content\\\/uploads\\\/2023\\\/03\\\/464198275_1008666774605714_4497446309054752653_n-e1739367861117.jpg\",\"contentUrl\":\"https:\\\/\\\/tothferencpinceszet.hu\\\/wp-content\\\/uploads\\\/2023\\\/03\\\/464198275_1008666774605714_4497446309054752653_n-e1739367861117.jpg\",\"width\":1365,\"height\":1706},{\"@type\":\"BreadcrumbList\",\"@id\":\"https:\\\/\\\/tothferencpinceszet.hu\\\/termek\\\/superior-tasting-with-5-wines\\\/#breadcrumb\",\"itemListElement\":[{\"@type\":\"ListItem\",\"position\":1,\"name\":\"Kezd\u0151lap\",\"item\":\"https:\\\/\\\/tothferencpinceszet.hu\\\/en\\\/\"},{\"@type\":\"ListItem\",\"position\":2,\"name\":\"Shop\",\"item\":\"https:\\\/\\\/tothferencpinceszet.hu\\\/en\\\/shop\\\/\"},{\"@type\":\"ListItem\",\"position\":3,\"name\":\"SUPERIOR TASTING WITH 5 WINES\"}]},{\"@type\":\"WebSite\",\"@id\":\"https:\\\/\\\/tothferencpinceszet.hu\\\/#website\",\"url\":\"https:\\\/\\\/tothferencpinceszet.hu\\\/\",\"name\":\"T\u00f3th Ferenc Pinc\u00e9szet\",\"description\":\"40 \u00e9ve az Egri Borvid\u00e9ken\",\"publisher\":{\"@id\":\"https:\\\/\\\/tothferencpinceszet.hu\\\/#organization\"},\"potentialAction\":[{\"@type\":\"SearchAction\",\"target\":{\"@type\":\"EntryPoint\",\"urlTemplate\":\"https:\\\/\\\/tothferencpinceszet.hu\\\/?s={search_term_string}\"},\"query-input\":{\"@type\":\"PropertyValueSpecification\",\"valueRequired\":true,\"valueName\":\"search_term_string\"}}],\"inLanguage\":\"en-US\"},{\"@type\":\"Organization\",\"@id\":\"https:\\\/\\\/tothferencpinceszet.hu\\\/#organization\",\"name\":\"T\u00f3th Ferenc Pinc\u00e9szet\",\"url\":\"https:\\\/\\\/tothferencpinceszet.hu\\\/\",\"logo\":{\"@type\":\"ImageObject\",\"inLanguage\":\"en-US\",\"@id\":\"https:\\\/\\\/tothferencpinceszet.hu\\\/#\\\/schema\\\/logo\\\/image\\\/\",\"url\":\"https:\\\/\\\/tothferencpinceszet.hu\\\/wp-content\\\/uploads\\\/2022\\\/11\\\/cropped-tfp_logo_dark4x.png\",\"contentUrl\":\"https:\\\/\\\/tothferencpinceszet.hu\\\/wp-content\\\/uploads\\\/2022\\\/11\\\/cropped-tfp_logo_dark4x.png\",\"width\":1294,\"height\":679,\"caption\":\"T\u00f3th Ferenc Pinc\u00e9szet\"},\"image\":{\"@id\":\"https:\\\/\\\/tothferencpinceszet.hu\\\/#\\\/schema\\\/logo\\\/image\\\/\"}}]}<\/script>\n<!-- \/ Yoast SEO plugin. -->","yoast_head_json":{"title":"SUPERIOR TASTING WITH 5 WINES - T\u00f3th Ferenc Pinc\u00e9szet","robots":{"index":"index","follow":"follow","max-snippet":"max-snippet:-1","max-image-preview":"max-image-preview:large","max-video-preview":"max-video-preview:-1"},"canonical":"https:\/\/tothferencpinceszet.hu\/termek\/superior-tasting-with-5-wines\/","og_locale":"en_US","og_type":"article","og_title":"SUPERIOR TASTING WITH 5 WINES - T\u00f3th Ferenc Pinc\u00e9szet","og_description":"Package content   Tasting of 5 superior wines   Eger Csillag Superior 2022  Kadarka Siller 2022  Eger Kadarka Superior 2018  V\u00e1rv\u00e9d\u0151 Egri Bikav\u00e9r Superior 2018  Eger Le\u00e1nyka Superior 2018    Cheese platter available to order with wine tasting (10 dkg): HUF 1000\/person, payable on site (please indicate your request in the comments or during the appointment scheduling).  With the purchase of the product, an appointment-free wine tasting experience is required for as many people as the quantity selected from the tasting. The appointment can be arranged individually after the purchase, within 1 year from the date of purchase, at the following contacts: tourism@tothferencpinceszet.hu\u00a0| +36 30 178 70 42","og_url":"https:\/\/tothferencpinceszet.hu\/termek\/superior-tasting-with-5-wines\/","og_site_name":"T\u00f3th Ferenc Pinc\u00e9szet","article_modified_time":"2024-02-27T08:40:47+00:00","og_image":[{"width":1365,"height":1706,"url":"https:\/\/tothferencpinceszet.hu\/wp-content\/uploads\/2023\/03\/464198275_1008666774605714_4497446309054752653_n-e1739367861117.jpg","type":"image\/jpeg"}],"twitter_card":"summary_large_image","schema":{"@context":"https:\/\/schema.org","@graph":[{"@type":"WebPage","@id":"https:\/\/tothferencpinceszet.hu\/termek\/superior-tasting-with-5-wines\/","url":"https:\/\/tothferencpinceszet.hu\/termek\/superior-tasting-with-5-wines\/","name":"SUPERIOR TASTING WITH 5 WINES - T\u00f3th Ferenc Pinc\u00e9szet","isPartOf":{"@id":"https:\/\/tothferencpinceszet.hu\/#website"},"primaryImageOfPage":{"@id":"https:\/\/tothferencpinceszet.hu\/termek\/superior-tasting-with-5-wines\/#primaryimage"},"image":{"@id":"https:\/\/tothferencpinceszet.hu\/termek\/superior-tasting-with-5-wines\/#primaryimage"},"thumbnailUrl":"https:\/\/tothferencpinceszet.hu\/wp-content\/uploads\/2023\/03\/464198275_1008666774605714_4497446309054752653_n-e1739367861117.jpg","datePublished":"2023-03-28T19:51:48+00:00","dateModified":"2024-02-27T08:40:47+00:00","breadcrumb":{"@id":"https:\/\/tothferencpinceszet.hu\/termek\/superior-tasting-with-5-wines\/#breadcrumb"},"inLanguage":"en-US","potentialAction":[{"@type":"ReadAction","target":["https:\/\/tothferencpinceszet.hu\/termek\/superior-tasting-with-5-wines\/"]}]},{"@type":"ImageObject","inLanguage":"en-US","@id":"https:\/\/tothferencpinceszet.hu\/termek\/superior-tasting-with-5-wines\/#primaryimage","url":"https:\/\/tothferencpinceszet.hu\/wp-content\/uploads\/2023\/03\/464198275_1008666774605714_4497446309054752653_n-e1739367861117.jpg","contentUrl":"https:\/\/tothferencpinceszet.hu\/wp-content\/uploads\/2023\/03\/464198275_1008666774605714_4497446309054752653_n-e1739367861117.jpg","width":1365,"height":1706},{"@type":"BreadcrumbList","@id":"https:\/\/tothferencpinceszet.hu\/termek\/superior-tasting-with-5-wines\/#breadcrumb","itemListElement":[{"@type":"ListItem","position":1,"name":"Kezd\u0151lap","item":"https:\/\/tothferencpinceszet.hu\/en\/"},{"@type":"ListItem","position":2,"name":"Shop","item":"https:\/\/tothferencpinceszet.hu\/en\/shop\/"},{"@type":"ListItem","position":3,"name":"SUPERIOR TASTING WITH 5 WINES"}]},{"@type":"WebSite","@id":"https:\/\/tothferencpinceszet.hu\/#website","url":"https:\/\/tothferencpinceszet.hu\/","name":"T\u00f3th Ferenc Pinc\u00e9szet","description":"40 \u00e9ve az Egri Borvid\u00e9ken","publisher":{"@id":"https:\/\/tothferencpinceszet.hu\/#organization"},"potentialAction":[{"@type":"SearchAction","target":{"@type":"EntryPoint","urlTemplate":"https:\/\/tothferencpinceszet.hu\/?s={search_term_string}"},"query-input":{"@type":"PropertyValueSpecification","valueRequired":true,"valueName":"search_term_string"}}],"inLanguage":"en-US"},{"@type":"Organization","@id":"https:\/\/tothferencpinceszet.hu\/#organization","name":"T\u00f3th Ferenc Pinc\u00e9szet","url":"https:\/\/tothferencpinceszet.hu\/","logo":{"@type":"ImageObject","inLanguage":"en-US","@id":"https:\/\/tothferencpinceszet.hu\/#\/schema\/logo\/image\/","url":"https:\/\/tothferencpinceszet.hu\/wp-content\/uploads\/2022\/11\/cropped-tfp_logo_dark4x.png","contentUrl":"https:\/\/tothferencpinceszet.hu\/wp-content\/uploads\/2022\/11\/cropped-tfp_logo_dark4x.png","width":1294,"height":679,"caption":"T\u00f3th Ferenc Pinc\u00e9szet"},"image":{"@id":"https:\/\/tothferencpinceszet.hu\/#\/schema\/logo\/image\/"}}]}},"_links":{"self":[{"href":"https:\/\/tothferencpinceszet.hu\/en\/wp-json\/wp\/v2\/product\/2837","targetHints":{"allow":["GET"]}}],"collection":[{"href":"https:\/\/tothferencpinceszet.hu\/en\/wp-json\/wp\/v2\/product"}],"about":[{"href":"https:\/\/tothferencpinceszet.hu\/en\/wp-json\/wp\/v2\/types\/product"}],"version-history":[{"count":0,"href":"https:\/\/tothferencpinceszet.hu\/en\/wp-json\/wp\/v2\/product\/2837\/revisions"}],"wp:featuredmedia":[{"embeddable":true,"href":"https:\/\/tothferencpinceszet.hu\/en\/wp-json\/wp\/v2\/media\/19353"}],"wp:attachment":[{"href":"https:\/\/tothferencpinceszet.hu\/en\/wp-json\/wp\/v2\/media?parent=2837"}],"wp:term":[{"taxonomy":"product_brand","embeddable":true,"href":"https:\/\/tothferencpinceszet.hu\/en\/wp-json\/wp\/v2\/product_brand?post=2837"},{"taxonomy":"product_cat","embeddable":true,"href":"https:\/\/tothferencpinceszet.hu\/en\/wp-json\/wp\/v2\/product_cat?post=2837"},{"taxonomy":"product_tag","embeddable":true,"href":"https:\/\/tothferencpinceszet.hu\/en\/wp-json\/wp\/v2\/product_tag?post=2837"}],"curies":[{"name":"wp","href":"https:\/\/api.w.org\/{rel}","templated":true}]}}