{"id":2833,"date":"2022-11-25T08:15:48","date_gmt":"2022-11-25T07:15:48","guid":{"rendered":"https:\/\/tfp.kriet.hu\/borok\/favorites-of-katalin-toth-wine-tasting\/"},"modified":"2024-02-27T09:35:17","modified_gmt":"2024-02-27T08:35:17","slug":"favourites-of-katalin-toth-wine-tasting","status":"publish","type":"product","link":"https:\/\/tothferencpinceszet.hu\/en\/termek\/favourites-of-katalin-toth-wine-tasting\/","title":{"rendered":"Favourites of Katalin T\u00f3th &#8211; Wine Tasting"},"content":{"rendered":"","protected":false},"excerpt":{"rendered":"<p><strong>Package contents<\/strong><\/p>\n<ul>\n<li>A guided tour with T\u00f3th Kati and tasting of her 6 favourite wines:\n<ul>\n<li>Egri Csillag Superior 2022<\/li>\n<li>Egri Rajnai Rizling 2022<\/li>\n<li>Egri Kadarka Superior 2018<\/li>\n<li>Egri K\u00e9kfrankos Superior 2018<\/li>\n<li>V\u00e1rv\u00e9d\u0151 Egri Bikav\u00e9r 2018<\/li>\n<li>Late Harvest Egri Le\u00e1nyka Superior 2018<\/li>\n<\/ul>\n<\/li>\n<\/ul>\n<p>By purchasing this product, you can enjoy a wine tasting experience without a set date for a minimum of 6 people, according to the quantity you select from the tasting. The appointment can be arranged individually after the purchase within 1 year at the following contact details: <a href=\"mailto:tourism@tothferencpinceszet.hu\" target=\"_blank\" rel=\"noopener\">tourism@tothferencpinceszet.hu<\/a>\u00a0| +36 30 178 70 42<\/p>\n","protected":false},"featured_media":19343,"template":"","meta":{"_jet_sm_ready_style":"","_jet_sm_style":"","_jet_sm_controls_values":"","_jet_sm_fonts_collection":"","_jet_sm_fonts_links":""},"product_brand":[],"product_cat":[96,95],"product_tag":[],"class_list":{"0":"post-2833","1":"product","2":"type-product","3":"status-publish","4":"has-post-thumbnail","6":"product_cat-cellar","7":"product_cat-wine-tasting","9":"first","10":"instock","11":"virtual","12":"purchasable","13":"product-type-simple"},"yoast_head":"<!-- This site is optimized with the Yoast SEO plugin v27.4 - https:\/\/yoast.com\/product\/yoast-seo-wordpress\/ -->\n<title>Favourites of Katalin T\u00f3th - Wine Tasting - T\u00f3th Ferenc Pinc\u00e9szet<\/title>\n<meta name=\"robots\" content=\"index, follow, max-snippet:-1, max-image-preview:large, max-video-preview:-1\" \/>\n<link rel=\"canonical\" href=\"https:\/\/tothferencpinceszet.hu\/termek\/favourites-of-katalin-toth-wine-tasting\/\" \/>\n<meta property=\"og:locale\" content=\"en_US\" \/>\n<meta property=\"og:type\" content=\"article\" \/>\n<meta property=\"og:title\" content=\"Favourites of Katalin T\u00f3th - Wine Tasting - T\u00f3th Ferenc Pinc\u00e9szet\" \/>\n<meta property=\"og:description\" content=\"Package contents   A guided tour with T\u00f3th Kati and tasting of her 6 favourite wines:   Egri Csillag Superior 2022  Egri Rajnai Rizling 2022  Egri Kadarka Superior 2018  Egri K\u00e9kfrankos Superior 2018  V\u00e1rv\u00e9d\u0151 Egri Bikav\u00e9r 2018  Late Harvest Egri Le\u00e1nyka Superior 2018    By purchasing this product, you can enjoy a wine tasting experience without a set date for a minimum of 6 people, according to the quantity you select from the tasting. The appointment can be arranged individually after the purchase within 1 year at the following contact details: tourism@tothferencpinceszet.hu\u00a0| +36 30 178 70 42\" \/>\n<meta property=\"og:url\" content=\"https:\/\/tothferencpinceszet.hu\/termek\/favourites-of-katalin-toth-wine-tasting\/\" \/>\n<meta property=\"og:site_name\" content=\"T\u00f3th Ferenc Pinc\u00e9szet\" \/>\n<meta property=\"article:modified_time\" content=\"2024-02-27T08:35:17+00:00\" \/>\n<meta property=\"og:image\" content=\"https:\/\/tothferencpinceszet.hu\/wp-content\/uploads\/2022\/11\/464425769_1008671924605199_3444976185500570963_n-e1739367250735.jpg\" \/>\n\t<meta property=\"og:image:width\" content=\"1365\" \/>\n\t<meta property=\"og:image:height\" content=\"1706\" \/>\n\t<meta property=\"og:image:type\" content=\"image\/jpeg\" \/>\n<meta name=\"twitter:card\" content=\"summary_large_image\" \/>\n<script type=\"application\/ld+json\" class=\"yoast-schema-graph\">{\"@context\":\"https:\\\/\\\/schema.org\",\"@graph\":[{\"@type\":\"WebPage\",\"@id\":\"https:\\\/\\\/tothferencpinceszet.hu\\\/termek\\\/favourites-of-katalin-toth-wine-tasting\\\/\",\"url\":\"https:\\\/\\\/tothferencpinceszet.hu\\\/termek\\\/favourites-of-katalin-toth-wine-tasting\\\/\",\"name\":\"Favourites of Katalin T\u00f3th - Wine Tasting - T\u00f3th Ferenc Pinc\u00e9szet\",\"isPartOf\":{\"@id\":\"https:\\\/\\\/tothferencpinceszet.hu\\\/#website\"},\"primaryImageOfPage\":{\"@id\":\"https:\\\/\\\/tothferencpinceszet.hu\\\/termek\\\/favourites-of-katalin-toth-wine-tasting\\\/#primaryimage\"},\"image\":{\"@id\":\"https:\\\/\\\/tothferencpinceszet.hu\\\/termek\\\/favourites-of-katalin-toth-wine-tasting\\\/#primaryimage\"},\"thumbnailUrl\":\"https:\\\/\\\/tothferencpinceszet.hu\\\/wp-content\\\/uploads\\\/2022\\\/11\\\/464425769_1008671924605199_3444976185500570963_n-e1739367250735.jpg\",\"datePublished\":\"2022-11-25T07:15:48+00:00\",\"dateModified\":\"2024-02-27T08:35:17+00:00\",\"breadcrumb\":{\"@id\":\"https:\\\/\\\/tothferencpinceszet.hu\\\/termek\\\/favourites-of-katalin-toth-wine-tasting\\\/#breadcrumb\"},\"inLanguage\":\"en-US\",\"potentialAction\":[{\"@type\":\"ReadAction\",\"target\":[\"https:\\\/\\\/tothferencpinceszet.hu\\\/termek\\\/favourites-of-katalin-toth-wine-tasting\\\/\"]}]},{\"@type\":\"ImageObject\",\"inLanguage\":\"en-US\",\"@id\":\"https:\\\/\\\/tothferencpinceszet.hu\\\/termek\\\/favourites-of-katalin-toth-wine-tasting\\\/#primaryimage\",\"url\":\"https:\\\/\\\/tothferencpinceszet.hu\\\/wp-content\\\/uploads\\\/2022\\\/11\\\/464425769_1008671924605199_3444976185500570963_n-e1739367250735.jpg\",\"contentUrl\":\"https:\\\/\\\/tothferencpinceszet.hu\\\/wp-content\\\/uploads\\\/2022\\\/11\\\/464425769_1008671924605199_3444976185500570963_n-e1739367250735.jpg\",\"width\":1365,\"height\":1706},{\"@type\":\"BreadcrumbList\",\"@id\":\"https:\\\/\\\/tothferencpinceszet.hu\\\/termek\\\/favourites-of-katalin-toth-wine-tasting\\\/#breadcrumb\",\"itemListElement\":[{\"@type\":\"ListItem\",\"position\":1,\"name\":\"Kezd\u0151lap\",\"item\":\"https:\\\/\\\/tothferencpinceszet.hu\\\/en\\\/\"},{\"@type\":\"ListItem\",\"position\":2,\"name\":\"Shop\",\"item\":\"https:\\\/\\\/tothferencpinceszet.hu\\\/en\\\/shop\\\/\"},{\"@type\":\"ListItem\",\"position\":3,\"name\":\"Favourites of Katalin T\u00f3th &#8211; Wine Tasting\"}]},{\"@type\":\"WebSite\",\"@id\":\"https:\\\/\\\/tothferencpinceszet.hu\\\/#website\",\"url\":\"https:\\\/\\\/tothferencpinceszet.hu\\\/\",\"name\":\"T\u00f3th Ferenc Pinc\u00e9szet\",\"description\":\"40 \u00e9ve az Egri Borvid\u00e9ken\",\"publisher\":{\"@id\":\"https:\\\/\\\/tothferencpinceszet.hu\\\/#organization\"},\"potentialAction\":[{\"@type\":\"SearchAction\",\"target\":{\"@type\":\"EntryPoint\",\"urlTemplate\":\"https:\\\/\\\/tothferencpinceszet.hu\\\/?s={search_term_string}\"},\"query-input\":{\"@type\":\"PropertyValueSpecification\",\"valueRequired\":true,\"valueName\":\"search_term_string\"}}],\"inLanguage\":\"en-US\"},{\"@type\":\"Organization\",\"@id\":\"https:\\\/\\\/tothferencpinceszet.hu\\\/#organization\",\"name\":\"T\u00f3th Ferenc Pinc\u00e9szet\",\"url\":\"https:\\\/\\\/tothferencpinceszet.hu\\\/\",\"logo\":{\"@type\":\"ImageObject\",\"inLanguage\":\"en-US\",\"@id\":\"https:\\\/\\\/tothferencpinceszet.hu\\\/#\\\/schema\\\/logo\\\/image\\\/\",\"url\":\"https:\\\/\\\/tothferencpinceszet.hu\\\/wp-content\\\/uploads\\\/2022\\\/11\\\/cropped-tfp_logo_dark4x.png\",\"contentUrl\":\"https:\\\/\\\/tothferencpinceszet.hu\\\/wp-content\\\/uploads\\\/2022\\\/11\\\/cropped-tfp_logo_dark4x.png\",\"width\":1294,\"height\":679,\"caption\":\"T\u00f3th Ferenc Pinc\u00e9szet\"},\"image\":{\"@id\":\"https:\\\/\\\/tothferencpinceszet.hu\\\/#\\\/schema\\\/logo\\\/image\\\/\"}}]}<\/script>\n<!-- \/ Yoast SEO plugin. -->","yoast_head_json":{"title":"Favourites of Katalin T\u00f3th - Wine Tasting - T\u00f3th Ferenc Pinc\u00e9szet","robots":{"index":"index","follow":"follow","max-snippet":"max-snippet:-1","max-image-preview":"max-image-preview:large","max-video-preview":"max-video-preview:-1"},"canonical":"https:\/\/tothferencpinceszet.hu\/termek\/favourites-of-katalin-toth-wine-tasting\/","og_locale":"en_US","og_type":"article","og_title":"Favourites of Katalin T\u00f3th - Wine Tasting - T\u00f3th Ferenc Pinc\u00e9szet","og_description":"Package contents   A guided tour with T\u00f3th Kati and tasting of her 6 favourite wines:   Egri Csillag Superior 2022  Egri Rajnai Rizling 2022  Egri Kadarka Superior 2018  Egri K\u00e9kfrankos Superior 2018  V\u00e1rv\u00e9d\u0151 Egri Bikav\u00e9r 2018  Late Harvest Egri Le\u00e1nyka Superior 2018    By purchasing this product, you can enjoy a wine tasting experience without a set date for a minimum of 6 people, according to the quantity you select from the tasting. The appointment can be arranged individually after the purchase within 1 year at the following contact details: tourism@tothferencpinceszet.hu\u00a0| +36 30 178 70 42","og_url":"https:\/\/tothferencpinceszet.hu\/termek\/favourites-of-katalin-toth-wine-tasting\/","og_site_name":"T\u00f3th Ferenc Pinc\u00e9szet","article_modified_time":"2024-02-27T08:35:17+00:00","og_image":[{"width":1365,"height":1706,"url":"https:\/\/tothferencpinceszet.hu\/wp-content\/uploads\/2022\/11\/464425769_1008671924605199_3444976185500570963_n-e1739367250735.jpg","type":"image\/jpeg"}],"twitter_card":"summary_large_image","schema":{"@context":"https:\/\/schema.org","@graph":[{"@type":"WebPage","@id":"https:\/\/tothferencpinceszet.hu\/termek\/favourites-of-katalin-toth-wine-tasting\/","url":"https:\/\/tothferencpinceszet.hu\/termek\/favourites-of-katalin-toth-wine-tasting\/","name":"Favourites of Katalin T\u00f3th - Wine Tasting - T\u00f3th Ferenc Pinc\u00e9szet","isPartOf":{"@id":"https:\/\/tothferencpinceszet.hu\/#website"},"primaryImageOfPage":{"@id":"https:\/\/tothferencpinceszet.hu\/termek\/favourites-of-katalin-toth-wine-tasting\/#primaryimage"},"image":{"@id":"https:\/\/tothferencpinceszet.hu\/termek\/favourites-of-katalin-toth-wine-tasting\/#primaryimage"},"thumbnailUrl":"https:\/\/tothferencpinceszet.hu\/wp-content\/uploads\/2022\/11\/464425769_1008671924605199_3444976185500570963_n-e1739367250735.jpg","datePublished":"2022-11-25T07:15:48+00:00","dateModified":"2024-02-27T08:35:17+00:00","breadcrumb":{"@id":"https:\/\/tothferencpinceszet.hu\/termek\/favourites-of-katalin-toth-wine-tasting\/#breadcrumb"},"inLanguage":"en-US","potentialAction":[{"@type":"ReadAction","target":["https:\/\/tothferencpinceszet.hu\/termek\/favourites-of-katalin-toth-wine-tasting\/"]}]},{"@type":"ImageObject","inLanguage":"en-US","@id":"https:\/\/tothferencpinceszet.hu\/termek\/favourites-of-katalin-toth-wine-tasting\/#primaryimage","url":"https:\/\/tothferencpinceszet.hu\/wp-content\/uploads\/2022\/11\/464425769_1008671924605199_3444976185500570963_n-e1739367250735.jpg","contentUrl":"https:\/\/tothferencpinceszet.hu\/wp-content\/uploads\/2022\/11\/464425769_1008671924605199_3444976185500570963_n-e1739367250735.jpg","width":1365,"height":1706},{"@type":"BreadcrumbList","@id":"https:\/\/tothferencpinceszet.hu\/termek\/favourites-of-katalin-toth-wine-tasting\/#breadcrumb","itemListElement":[{"@type":"ListItem","position":1,"name":"Kezd\u0151lap","item":"https:\/\/tothferencpinceszet.hu\/en\/"},{"@type":"ListItem","position":2,"name":"Shop","item":"https:\/\/tothferencpinceszet.hu\/en\/shop\/"},{"@type":"ListItem","position":3,"name":"Favourites of Katalin T\u00f3th &#8211; Wine Tasting"}]},{"@type":"WebSite","@id":"https:\/\/tothferencpinceszet.hu\/#website","url":"https:\/\/tothferencpinceszet.hu\/","name":"T\u00f3th Ferenc Pinc\u00e9szet","description":"40 \u00e9ve az Egri Borvid\u00e9ken","publisher":{"@id":"https:\/\/tothferencpinceszet.hu\/#organization"},"potentialAction":[{"@type":"SearchAction","target":{"@type":"EntryPoint","urlTemplate":"https:\/\/tothferencpinceszet.hu\/?s={search_term_string}"},"query-input":{"@type":"PropertyValueSpecification","valueRequired":true,"valueName":"search_term_string"}}],"inLanguage":"en-US"},{"@type":"Organization","@id":"https:\/\/tothferencpinceszet.hu\/#organization","name":"T\u00f3th Ferenc Pinc\u00e9szet","url":"https:\/\/tothferencpinceszet.hu\/","logo":{"@type":"ImageObject","inLanguage":"en-US","@id":"https:\/\/tothferencpinceszet.hu\/#\/schema\/logo\/image\/","url":"https:\/\/tothferencpinceszet.hu\/wp-content\/uploads\/2022\/11\/cropped-tfp_logo_dark4x.png","contentUrl":"https:\/\/tothferencpinceszet.hu\/wp-content\/uploads\/2022\/11\/cropped-tfp_logo_dark4x.png","width":1294,"height":679,"caption":"T\u00f3th Ferenc Pinc\u00e9szet"},"image":{"@id":"https:\/\/tothferencpinceszet.hu\/#\/schema\/logo\/image\/"}}]}},"_links":{"self":[{"href":"https:\/\/tothferencpinceszet.hu\/en\/wp-json\/wp\/v2\/product\/2833","targetHints":{"allow":["GET"]}}],"collection":[{"href":"https:\/\/tothferencpinceszet.hu\/en\/wp-json\/wp\/v2\/product"}],"about":[{"href":"https:\/\/tothferencpinceszet.hu\/en\/wp-json\/wp\/v2\/types\/product"}],"version-history":[{"count":0,"href":"https:\/\/tothferencpinceszet.hu\/en\/wp-json\/wp\/v2\/product\/2833\/revisions"}],"wp:featuredmedia":[{"embeddable":true,"href":"https:\/\/tothferencpinceszet.hu\/en\/wp-json\/wp\/v2\/media\/19343"}],"wp:attachment":[{"href":"https:\/\/tothferencpinceszet.hu\/en\/wp-json\/wp\/v2\/media?parent=2833"}],"wp:term":[{"taxonomy":"product_brand","embeddable":true,"href":"https:\/\/tothferencpinceszet.hu\/en\/wp-json\/wp\/v2\/product_brand?post=2833"},{"taxonomy":"product_cat","embeddable":true,"href":"https:\/\/tothferencpinceszet.hu\/en\/wp-json\/wp\/v2\/product_cat?post=2833"},{"taxonomy":"product_tag","embeddable":true,"href":"https:\/\/tothferencpinceszet.hu\/en\/wp-json\/wp\/v2\/product_tag?post=2833"}],"curies":[{"name":"wp","href":"https:\/\/api.w.org\/{rel}","templated":true}]}}