{"id":20795,"date":"2026-03-16T14:08:46","date_gmt":"2026-03-16T13:08:46","guid":{"rendered":"https:\/\/tothferencpinceszet.hu\/?post_type=product&#038;p=20795"},"modified":"2026-03-16T14:16:40","modified_gmt":"2026-03-16T13:16:40","slug":"leanyka-2024-masolat","status":"publish","type":"product","link":"https:\/\/tothferencpinceszet.hu\/en\/termek\/leanyka-2024-masolat\/","title":{"rendered":"Le\u00e1nyka 2024 5+1"},"content":{"rendered":"","protected":false},"excerpt":{"rendered":"<p>&#8220;A straw-orange wine with a rich, intense nose. Lightly perfumed aromas, reminiscent of grape blossom, with citrus fruit and a hint of herbaceousness. Its lively acidity harmonises well with its sweetness. On the palate, the herbaceous character is also present, but the citrus is joined by a strong flavour of pear compote. Acidity keeps the wine light and fresh. Long finish, playful and silky, with notes of green apple, citrus and a return of pears at the very end.<br \/>\nA lovely, light wine, but rich in aromas.&#8221; &#8211; Bern\u00e1th Ulcz Ad\u00e9l<\/p>\n<p><img decoding=\"async\" class=\"alignnone wp-image-18392\" src=\"https:\/\/tothferencpinceszet.hu\/wp-content\/uploads\/2024\/07\/DRS_logo_EGYUTAS_withtext_final.png\" alt=\"\" width=\"70\" height=\"70\" srcset=\"https:\/\/tothferencpinceszet.hu\/wp-content\/uploads\/2024\/07\/DRS_logo_EGYUTAS_withtext_final.png 237w, https:\/\/tothferencpinceszet.hu\/wp-content\/uploads\/2024\/07\/DRS_logo_EGYUTAS_withtext_final-150x150.png 150w, https:\/\/tothferencpinceszet.hu\/wp-content\/uploads\/2024\/07\/DRS_logo_EGYUTAS_withtext_final-230x230.png 230w, https:\/\/tothferencpinceszet.hu\/wp-content\/uploads\/2024\/07\/DRS_logo_EGYUTAS_withtext_final-100x100.png 100w\" sizes=\"(max-width: 70px) 100vw, 70px\" \/><\/p>\n","protected":false},"featured_media":20797,"template":"","meta":{"_jet_sm_ready_style":"","_jet_sm_style":"","_jet_sm_controls_values":"","_jet_sm_fonts_collection":"","_jet_sm_fonts_links":""},"product_brand":[],"product_cat":[100],"product_tag":[],"class_list":{"0":"post-20795","1":"product","2":"type-product","3":"status-publish","4":"has-post-thumbnail","6":"product_cat-white","8":"first","9":"instock","10":"sale","11":"shipping-taxable","12":"purchasable","13":"product-type-simple"},"yoast_head":"<!-- This site is optimized with the Yoast SEO plugin v27.0 - https:\/\/yoast.com\/product\/yoast-seo-wordpress\/ -->\n<title>Le\u00e1nyka 2024 5+1 - T\u00f3th Ferenc Pinc\u00e9szet<\/title>\n<meta name=\"robots\" content=\"index, follow, max-snippet:-1, max-image-preview:large, max-video-preview:-1\" \/>\n<link rel=\"canonical\" href=\"https:\/\/tothferencpinceszet.hu\/en\/termek\/leanyka-2024-masolat\/\" \/>\n<meta property=\"og:locale\" content=\"en_US\" \/>\n<meta property=\"og:type\" content=\"article\" \/>\n<meta property=\"og:title\" content=\"Le\u00e1nyka 2024 5+1 - T\u00f3th Ferenc Pinc\u00e9szet\" \/>\n<meta property=\"og:description\" content=\"&quot;A straw-orange wine with a rich, intense nose. Lightly perfumed aromas, reminiscent of grape blossom, with citrus fruit and a hint of herbaceousness. Its lively acidity harmonises well with its sweetness. On the palate, the herbaceous character is also present, but the citrus is joined by a strong flavour of pear compote. Acidity keeps the wine light and fresh. Long finish, playful and silky, with notes of green apple, citrus and a return of pears at the very end. A lovely, light wine, but rich in aromas.&quot; - Bern\u00e1th Ulcz Ad\u00e9l\" \/>\n<meta property=\"og:url\" content=\"https:\/\/tothferencpinceszet.hu\/en\/termek\/leanyka-2024-masolat\/\" \/>\n<meta property=\"og:site_name\" content=\"T\u00f3th Ferenc Pinc\u00e9szet\" \/>\n<meta property=\"article:modified_time\" content=\"2026-03-16T13:16:40+00:00\" \/>\n<meta property=\"og:image\" content=\"https:\/\/tothferencpinceszet.hu\/wp-content\/uploads\/2026\/03\/leanyka_24_51@1200.webp\" \/>\n\t<meta property=\"og:image:width\" content=\"1200\" \/>\n\t<meta property=\"og:image:height\" content=\"1200\" \/>\n\t<meta property=\"og:image:type\" content=\"image\/webp\" \/>\n<meta name=\"twitter:card\" content=\"summary_large_image\" \/>\n<script type=\"application\/ld+json\" class=\"yoast-schema-graph\">{\"@context\":\"https:\/\/schema.org\",\"@graph\":[{\"@type\":\"WebPage\",\"@id\":\"https:\/\/tothferencpinceszet.hu\/en\/termek\/leanyka-2024-masolat\/\",\"url\":\"https:\/\/tothferencpinceszet.hu\/en\/termek\/leanyka-2024-masolat\/\",\"name\":\"Le\u00e1nyka 2024 5+1 - T\u00f3th Ferenc Pinc\u00e9szet\",\"isPartOf\":{\"@id\":\"https:\/\/tothferencpinceszet.hu\/#website\"},\"primaryImageOfPage\":{\"@id\":\"https:\/\/tothferencpinceszet.hu\/en\/termek\/leanyka-2024-masolat\/#primaryimage\"},\"image\":{\"@id\":\"https:\/\/tothferencpinceszet.hu\/en\/termek\/leanyka-2024-masolat\/#primaryimage\"},\"thumbnailUrl\":\"https:\/\/tothferencpinceszet.hu\/wp-content\/uploads\/2026\/03\/leanyka_24_51@1200.webp\",\"datePublished\":\"2026-03-16T13:08:46+00:00\",\"dateModified\":\"2026-03-16T13:16:40+00:00\",\"breadcrumb\":{\"@id\":\"https:\/\/tothferencpinceszet.hu\/en\/termek\/leanyka-2024-masolat\/#breadcrumb\"},\"inLanguage\":\"en-US\",\"potentialAction\":[{\"@type\":\"ReadAction\",\"target\":[\"https:\/\/tothferencpinceszet.hu\/en\/termek\/leanyka-2024-masolat\/\"]}]},{\"@type\":\"ImageObject\",\"inLanguage\":\"en-US\",\"@id\":\"https:\/\/tothferencpinceszet.hu\/en\/termek\/leanyka-2024-masolat\/#primaryimage\",\"url\":\"https:\/\/tothferencpinceszet.hu\/wp-content\/uploads\/2026\/03\/leanyka_24_51@1200.webp\",\"contentUrl\":\"https:\/\/tothferencpinceszet.hu\/wp-content\/uploads\/2026\/03\/leanyka_24_51@1200.webp\",\"width\":1200,\"height\":1200,\"caption\":\"Le\u00e1nyka 2024 5+1\"},{\"@type\":\"BreadcrumbList\",\"@id\":\"https:\/\/tothferencpinceszet.hu\/en\/termek\/leanyka-2024-masolat\/#breadcrumb\",\"itemListElement\":[{\"@type\":\"ListItem\",\"position\":1,\"name\":\"Kezd\u0151lap\",\"item\":\"https:\/\/tothferencpinceszet.hu\/en\/\"},{\"@type\":\"ListItem\",\"position\":2,\"name\":\"Shop\",\"item\":\"https:\/\/tothferencpinceszet.hu\/en\/shop\/\"},{\"@type\":\"ListItem\",\"position\":3,\"name\":\"Le\u00e1nyka 2024 5+1\"}]},{\"@type\":\"WebSite\",\"@id\":\"https:\/\/tothferencpinceszet.hu\/#website\",\"url\":\"https:\/\/tothferencpinceszet.hu\/\",\"name\":\"T\u00f3th Ferenc Pinc\u00e9szet\",\"description\":\"40 \u00e9ve az Egri Borvid\u00e9ken\",\"publisher\":{\"@id\":\"https:\/\/tothferencpinceszet.hu\/#organization\"},\"potentialAction\":[{\"@type\":\"SearchAction\",\"target\":{\"@type\":\"EntryPoint\",\"urlTemplate\":\"https:\/\/tothferencpinceszet.hu\/?s={search_term_string}\"},\"query-input\":{\"@type\":\"PropertyValueSpecification\",\"valueRequired\":true,\"valueName\":\"search_term_string\"}}],\"inLanguage\":\"en-US\"},{\"@type\":\"Organization\",\"@id\":\"https:\/\/tothferencpinceszet.hu\/#organization\",\"name\":\"T\u00f3th Ferenc Pinc\u00e9szet\",\"url\":\"https:\/\/tothferencpinceszet.hu\/\",\"logo\":{\"@type\":\"ImageObject\",\"inLanguage\":\"en-US\",\"@id\":\"https:\/\/tothferencpinceszet.hu\/#\/schema\/logo\/image\/\",\"url\":\"https:\/\/tothferencpinceszet.hu\/wp-content\/uploads\/2022\/11\/cropped-tfp_logo_dark4x.png\",\"contentUrl\":\"https:\/\/tothferencpinceszet.hu\/wp-content\/uploads\/2022\/11\/cropped-tfp_logo_dark4x.png\",\"width\":1294,\"height\":679,\"caption\":\"T\u00f3th Ferenc Pinc\u00e9szet\"},\"image\":{\"@id\":\"https:\/\/tothferencpinceszet.hu\/#\/schema\/logo\/image\/\"}}]}<\/script>\n<!-- \/ Yoast SEO plugin. -->","yoast_head_json":{"title":"Le\u00e1nyka 2024 5+1 - T\u00f3th Ferenc Pinc\u00e9szet","robots":{"index":"index","follow":"follow","max-snippet":"max-snippet:-1","max-image-preview":"max-image-preview:large","max-video-preview":"max-video-preview:-1"},"canonical":"https:\/\/tothferencpinceszet.hu\/en\/termek\/leanyka-2024-masolat\/","og_locale":"en_US","og_type":"article","og_title":"Le\u00e1nyka 2024 5+1 - T\u00f3th Ferenc Pinc\u00e9szet","og_description":"\"A straw-orange wine with a rich, intense nose. Lightly perfumed aromas, reminiscent of grape blossom, with citrus fruit and a hint of herbaceousness. Its lively acidity harmonises well with its sweetness. On the palate, the herbaceous character is also present, but the citrus is joined by a strong flavour of pear compote. Acidity keeps the wine light and fresh. Long finish, playful and silky, with notes of green apple, citrus and a return of pears at the very end. A lovely, light wine, but rich in aromas.\" - Bern\u00e1th Ulcz Ad\u00e9l","og_url":"https:\/\/tothferencpinceszet.hu\/en\/termek\/leanyka-2024-masolat\/","og_site_name":"T\u00f3th Ferenc Pinc\u00e9szet","article_modified_time":"2026-03-16T13:16:40+00:00","og_image":[{"width":1200,"height":1200,"url":"https:\/\/tothferencpinceszet.hu\/wp-content\/uploads\/2026\/03\/leanyka_24_51@1200.webp","type":"image\/webp"}],"twitter_card":"summary_large_image","schema":{"@context":"https:\/\/schema.org","@graph":[{"@type":"WebPage","@id":"https:\/\/tothferencpinceszet.hu\/en\/termek\/leanyka-2024-masolat\/","url":"https:\/\/tothferencpinceszet.hu\/en\/termek\/leanyka-2024-masolat\/","name":"Le\u00e1nyka 2024 5+1 - T\u00f3th Ferenc Pinc\u00e9szet","isPartOf":{"@id":"https:\/\/tothferencpinceszet.hu\/#website"},"primaryImageOfPage":{"@id":"https:\/\/tothferencpinceszet.hu\/en\/termek\/leanyka-2024-masolat\/#primaryimage"},"image":{"@id":"https:\/\/tothferencpinceszet.hu\/en\/termek\/leanyka-2024-masolat\/#primaryimage"},"thumbnailUrl":"https:\/\/tothferencpinceszet.hu\/wp-content\/uploads\/2026\/03\/leanyka_24_51@1200.webp","datePublished":"2026-03-16T13:08:46+00:00","dateModified":"2026-03-16T13:16:40+00:00","breadcrumb":{"@id":"https:\/\/tothferencpinceszet.hu\/en\/termek\/leanyka-2024-masolat\/#breadcrumb"},"inLanguage":"en-US","potentialAction":[{"@type":"ReadAction","target":["https:\/\/tothferencpinceszet.hu\/en\/termek\/leanyka-2024-masolat\/"]}]},{"@type":"ImageObject","inLanguage":"en-US","@id":"https:\/\/tothferencpinceszet.hu\/en\/termek\/leanyka-2024-masolat\/#primaryimage","url":"https:\/\/tothferencpinceszet.hu\/wp-content\/uploads\/2026\/03\/leanyka_24_51@1200.webp","contentUrl":"https:\/\/tothferencpinceszet.hu\/wp-content\/uploads\/2026\/03\/leanyka_24_51@1200.webp","width":1200,"height":1200,"caption":"Le\u00e1nyka 2024 5+1"},{"@type":"BreadcrumbList","@id":"https:\/\/tothferencpinceszet.hu\/en\/termek\/leanyka-2024-masolat\/#breadcrumb","itemListElement":[{"@type":"ListItem","position":1,"name":"Kezd\u0151lap","item":"https:\/\/tothferencpinceszet.hu\/en\/"},{"@type":"ListItem","position":2,"name":"Shop","item":"https:\/\/tothferencpinceszet.hu\/en\/shop\/"},{"@type":"ListItem","position":3,"name":"Le\u00e1nyka 2024 5+1"}]},{"@type":"WebSite","@id":"https:\/\/tothferencpinceszet.hu\/#website","url":"https:\/\/tothferencpinceszet.hu\/","name":"T\u00f3th Ferenc Pinc\u00e9szet","description":"40 \u00e9ve az Egri Borvid\u00e9ken","publisher":{"@id":"https:\/\/tothferencpinceszet.hu\/#organization"},"potentialAction":[{"@type":"SearchAction","target":{"@type":"EntryPoint","urlTemplate":"https:\/\/tothferencpinceszet.hu\/?s={search_term_string}"},"query-input":{"@type":"PropertyValueSpecification","valueRequired":true,"valueName":"search_term_string"}}],"inLanguage":"en-US"},{"@type":"Organization","@id":"https:\/\/tothferencpinceszet.hu\/#organization","name":"T\u00f3th Ferenc Pinc\u00e9szet","url":"https:\/\/tothferencpinceszet.hu\/","logo":{"@type":"ImageObject","inLanguage":"en-US","@id":"https:\/\/tothferencpinceszet.hu\/#\/schema\/logo\/image\/","url":"https:\/\/tothferencpinceszet.hu\/wp-content\/uploads\/2022\/11\/cropped-tfp_logo_dark4x.png","contentUrl":"https:\/\/tothferencpinceszet.hu\/wp-content\/uploads\/2022\/11\/cropped-tfp_logo_dark4x.png","width":1294,"height":679,"caption":"T\u00f3th Ferenc Pinc\u00e9szet"},"image":{"@id":"https:\/\/tothferencpinceszet.hu\/#\/schema\/logo\/image\/"}}]}},"_links":{"self":[{"href":"https:\/\/tothferencpinceszet.hu\/en\/wp-json\/wp\/v2\/product\/20795","targetHints":{"allow":["GET"]}}],"collection":[{"href":"https:\/\/tothferencpinceszet.hu\/en\/wp-json\/wp\/v2\/product"}],"about":[{"href":"https:\/\/tothferencpinceszet.hu\/en\/wp-json\/wp\/v2\/types\/product"}],"version-history":[{"count":1,"href":"https:\/\/tothferencpinceszet.hu\/en\/wp-json\/wp\/v2\/product\/20795\/revisions"}],"predecessor-version":[{"id":20799,"href":"https:\/\/tothferencpinceszet.hu\/en\/wp-json\/wp\/v2\/product\/20795\/revisions\/20799"}],"wp:featuredmedia":[{"embeddable":true,"href":"https:\/\/tothferencpinceszet.hu\/en\/wp-json\/wp\/v2\/media\/20797"}],"wp:attachment":[{"href":"https:\/\/tothferencpinceszet.hu\/en\/wp-json\/wp\/v2\/media?parent=20795"}],"wp:term":[{"taxonomy":"product_brand","embeddable":true,"href":"https:\/\/tothferencpinceszet.hu\/en\/wp-json\/wp\/v2\/product_brand?post=20795"},{"taxonomy":"product_cat","embeddable":true,"href":"https:\/\/tothferencpinceszet.hu\/en\/wp-json\/wp\/v2\/product_cat?post=20795"},{"taxonomy":"product_tag","embeddable":true,"href":"https:\/\/tothferencpinceszet.hu\/en\/wp-json\/wp\/v2\/product_tag?post=20795"}],"curies":[{"name":"wp","href":"https:\/\/api.w.org\/{rel}","templated":true}]}}