{"id":20384,"date":"2025-11-26T20:35:42","date_gmt":"2025-11-26T19:35:42","guid":{"rendered":"https:\/\/tothferencpinceszet.hu\/?post_type=product&#038;p=20384"},"modified":"2025-11-26T20:56:13","modified_gmt":"2025-11-26T19:56:13","slug":"varvedo-egri-bikaver-grand-superior-2022-magnum-masolat","status":"publish","type":"product","link":"https:\/\/tothferencpinceszet.hu\/en\/termek\/varvedo-egri-bikaver-grand-superior-2022-magnum-masolat\/","title":{"rendered":"V\u00e1rv\u00e9d\u0151 Egri Bikav\u00e9r Grand Superior 2022 Magnum + Wooden Box"},"content":{"rendered":"","protected":false},"excerpt":{"rendered":"<p>A sparkling, deep ruby-colored wine, whose aroma is even more magnificent than its color. The alcohol is intense in the aroma, but not unpleasant. Violet, cocoa powder, cherry, nutmeg, and vanilla lend it elegance and complexity. There is also a hint of pipe tobacco. Its tannins and acids are intense and firm. Its flavor evokes a classic Black Forest cake, with notes of chocolate, sour cherry, and cherry. A hint of cranberry and rosehip also flashes at the end of each sip. A vibrant, lively, full-bodied, very long wine with great potential. \u2013 Ad\u00e9l Bern\u00e1th-Ulcz<\/p>\n","protected":false},"featured_media":20386,"template":"","meta":{"_jet_sm_ready_style":"","_jet_sm_style":"","_jet_sm_controls_values":"","_jet_sm_fonts_collection":"","_jet_sm_fonts_links":""},"product_brand":[],"product_cat":[122,99],"product_tag":[],"class_list":{"0":"post-20384","1":"product","2":"type-product","3":"status-publish","4":"has-post-thumbnail","6":"product_cat-featured","7":"product_cat-red","9":"first","10":"instock","11":"shipping-taxable","12":"purchasable","13":"product-type-simple"},"yoast_head":"<!-- This site is optimized with the Yoast SEO plugin v27.0 - https:\/\/yoast.com\/product\/yoast-seo-wordpress\/ -->\n<title>V\u00e1rv\u00e9d\u0151 Egri Bikav\u00e9r Grand Superior 2022 Magnum + Wooden Box - T\u00f3th Ferenc Pinc\u00e9szet<\/title>\n<meta name=\"robots\" content=\"index, follow, max-snippet:-1, max-image-preview:large, max-video-preview:-1\" \/>\n<link rel=\"canonical\" href=\"https:\/\/tothferencpinceszet.hu\/termek\/varvedo-egri-bikaver-grand-superior-2022-magnum-masolat\/\" \/>\n<meta property=\"og:locale\" content=\"en_US\" \/>\n<meta property=\"og:type\" content=\"article\" \/>\n<meta property=\"og:title\" content=\"V\u00e1rv\u00e9d\u0151 Egri Bikav\u00e9r Grand Superior 2022 Magnum + Wooden Box - T\u00f3th Ferenc Pinc\u00e9szet\" \/>\n<meta property=\"og:description\" content=\"A sparkling, deep ruby-colored wine, whose aroma is even more magnificent than its color. The alcohol is intense in the aroma, but not unpleasant. Violet, cocoa powder, cherry, nutmeg, and vanilla lend it elegance and complexity. There is also a hint of pipe tobacco. Its tannins and acids are intense and firm. Its flavor evokes a classic Black Forest cake, with notes of chocolate, sour cherry, and cherry. A hint of cranberry and rosehip also flashes at the end of each sip. A vibrant, lively, full-bodied, very long wine with great potential. \u2013 Ad\u00e9l Bern\u00e1th-Ulcz\" \/>\n<meta property=\"og:url\" content=\"https:\/\/tothferencpinceszet.hu\/termek\/varvedo-egri-bikaver-grand-superior-2022-magnum-masolat\/\" \/>\n<meta property=\"og:site_name\" content=\"T\u00f3th Ferenc Pinc\u00e9szet\" \/>\n<meta property=\"article:modified_time\" content=\"2025-11-26T19:56:13+00:00\" \/>\n<meta property=\"og:image\" content=\"https:\/\/tothferencpinceszet.hu\/wp-content\/uploads\/2025\/11\/vv_magnum_fadoboz@1200.webp\" \/>\n\t<meta property=\"og:image:width\" content=\"1200\" \/>\n\t<meta property=\"og:image:height\" content=\"1200\" \/>\n\t<meta property=\"og:image:type\" content=\"image\/webp\" \/>\n<meta name=\"twitter:card\" content=\"summary_large_image\" \/>\n<script type=\"application\/ld+json\" class=\"yoast-schema-graph\">{\"@context\":\"https:\/\/schema.org\",\"@graph\":[{\"@type\":\"WebPage\",\"@id\":\"https:\/\/tothferencpinceszet.hu\/termek\/varvedo-egri-bikaver-grand-superior-2022-magnum-masolat\/\",\"url\":\"https:\/\/tothferencpinceszet.hu\/termek\/varvedo-egri-bikaver-grand-superior-2022-magnum-masolat\/\",\"name\":\"V\u00e1rv\u00e9d\u0151 Egri Bikav\u00e9r Grand Superior 2022 Magnum + Wooden Box - T\u00f3th Ferenc Pinc\u00e9szet\",\"isPartOf\":{\"@id\":\"https:\/\/tothferencpinceszet.hu\/#website\"},\"primaryImageOfPage\":{\"@id\":\"https:\/\/tothferencpinceszet.hu\/termek\/varvedo-egri-bikaver-grand-superior-2022-magnum-masolat\/#primaryimage\"},\"image\":{\"@id\":\"https:\/\/tothferencpinceszet.hu\/termek\/varvedo-egri-bikaver-grand-superior-2022-magnum-masolat\/#primaryimage\"},\"thumbnailUrl\":\"https:\/\/tothferencpinceszet.hu\/wp-content\/uploads\/2025\/11\/vv_magnum_fadoboz@1200.webp\",\"datePublished\":\"2025-11-26T19:35:42+00:00\",\"dateModified\":\"2025-11-26T19:56:13+00:00\",\"breadcrumb\":{\"@id\":\"https:\/\/tothferencpinceszet.hu\/termek\/varvedo-egri-bikaver-grand-superior-2022-magnum-masolat\/#breadcrumb\"},\"inLanguage\":\"en-US\",\"potentialAction\":[{\"@type\":\"ReadAction\",\"target\":[\"https:\/\/tothferencpinceszet.hu\/termek\/varvedo-egri-bikaver-grand-superior-2022-magnum-masolat\/\"]}]},{\"@type\":\"ImageObject\",\"inLanguage\":\"en-US\",\"@id\":\"https:\/\/tothferencpinceszet.hu\/termek\/varvedo-egri-bikaver-grand-superior-2022-magnum-masolat\/#primaryimage\",\"url\":\"https:\/\/tothferencpinceszet.hu\/wp-content\/uploads\/2025\/11\/vv_magnum_fadoboz@1200.webp\",\"contentUrl\":\"https:\/\/tothferencpinceszet.hu\/wp-content\/uploads\/2025\/11\/vv_magnum_fadoboz@1200.webp\",\"width\":1200,\"height\":1200,\"caption\":\"V\u00e1rv\u00e9d\u0151 2022 Egri Bikav\u00e9r Grand Superior Magnum fadobozzal\"},{\"@type\":\"BreadcrumbList\",\"@id\":\"https:\/\/tothferencpinceszet.hu\/termek\/varvedo-egri-bikaver-grand-superior-2022-magnum-masolat\/#breadcrumb\",\"itemListElement\":[{\"@type\":\"ListItem\",\"position\":1,\"name\":\"Kezd\u0151lap\",\"item\":\"https:\/\/tothferencpinceszet.hu\/en\/\"},{\"@type\":\"ListItem\",\"position\":2,\"name\":\"Shop\",\"item\":\"https:\/\/tothferencpinceszet.hu\/en\/shop\/\"},{\"@type\":\"ListItem\",\"position\":3,\"name\":\"V\u00e1rv\u00e9d\u0151 Egri Bikav\u00e9r Grand Superior 2022 Magnum + Wooden Box\"}]},{\"@type\":\"WebSite\",\"@id\":\"https:\/\/tothferencpinceszet.hu\/#website\",\"url\":\"https:\/\/tothferencpinceszet.hu\/\",\"name\":\"T\u00f3th Ferenc Pinc\u00e9szet\",\"description\":\"40 \u00e9ve az Egri Borvid\u00e9ken\",\"publisher\":{\"@id\":\"https:\/\/tothferencpinceszet.hu\/#organization\"},\"potentialAction\":[{\"@type\":\"SearchAction\",\"target\":{\"@type\":\"EntryPoint\",\"urlTemplate\":\"https:\/\/tothferencpinceszet.hu\/?s={search_term_string}\"},\"query-input\":{\"@type\":\"PropertyValueSpecification\",\"valueRequired\":true,\"valueName\":\"search_term_string\"}}],\"inLanguage\":\"en-US\"},{\"@type\":\"Organization\",\"@id\":\"https:\/\/tothferencpinceszet.hu\/#organization\",\"name\":\"T\u00f3th Ferenc Pinc\u00e9szet\",\"url\":\"https:\/\/tothferencpinceszet.hu\/\",\"logo\":{\"@type\":\"ImageObject\",\"inLanguage\":\"en-US\",\"@id\":\"https:\/\/tothferencpinceszet.hu\/#\/schema\/logo\/image\/\",\"url\":\"https:\/\/tothferencpinceszet.hu\/wp-content\/uploads\/2022\/11\/cropped-tfp_logo_dark4x.png\",\"contentUrl\":\"https:\/\/tothferencpinceszet.hu\/wp-content\/uploads\/2022\/11\/cropped-tfp_logo_dark4x.png\",\"width\":1294,\"height\":679,\"caption\":\"T\u00f3th Ferenc Pinc\u00e9szet\"},\"image\":{\"@id\":\"https:\/\/tothferencpinceszet.hu\/#\/schema\/logo\/image\/\"}}]}<\/script>\n<!-- \/ Yoast SEO plugin. -->","yoast_head_json":{"title":"V\u00e1rv\u00e9d\u0151 Egri Bikav\u00e9r Grand Superior 2022 Magnum + Wooden Box - T\u00f3th Ferenc Pinc\u00e9szet","robots":{"index":"index","follow":"follow","max-snippet":"max-snippet:-1","max-image-preview":"max-image-preview:large","max-video-preview":"max-video-preview:-1"},"canonical":"https:\/\/tothferencpinceszet.hu\/termek\/varvedo-egri-bikaver-grand-superior-2022-magnum-masolat\/","og_locale":"en_US","og_type":"article","og_title":"V\u00e1rv\u00e9d\u0151 Egri Bikav\u00e9r Grand Superior 2022 Magnum + Wooden Box - T\u00f3th Ferenc Pinc\u00e9szet","og_description":"A sparkling, deep ruby-colored wine, whose aroma is even more magnificent than its color. The alcohol is intense in the aroma, but not unpleasant. Violet, cocoa powder, cherry, nutmeg, and vanilla lend it elegance and complexity. There is also a hint of pipe tobacco. Its tannins and acids are intense and firm. Its flavor evokes a classic Black Forest cake, with notes of chocolate, sour cherry, and cherry. A hint of cranberry and rosehip also flashes at the end of each sip. A vibrant, lively, full-bodied, very long wine with great potential. \u2013 Ad\u00e9l Bern\u00e1th-Ulcz","og_url":"https:\/\/tothferencpinceszet.hu\/termek\/varvedo-egri-bikaver-grand-superior-2022-magnum-masolat\/","og_site_name":"T\u00f3th Ferenc Pinc\u00e9szet","article_modified_time":"2025-11-26T19:56:13+00:00","og_image":[{"width":1200,"height":1200,"url":"https:\/\/tothferencpinceszet.hu\/wp-content\/uploads\/2025\/11\/vv_magnum_fadoboz@1200.webp","type":"image\/webp"}],"twitter_card":"summary_large_image","schema":{"@context":"https:\/\/schema.org","@graph":[{"@type":"WebPage","@id":"https:\/\/tothferencpinceszet.hu\/termek\/varvedo-egri-bikaver-grand-superior-2022-magnum-masolat\/","url":"https:\/\/tothferencpinceszet.hu\/termek\/varvedo-egri-bikaver-grand-superior-2022-magnum-masolat\/","name":"V\u00e1rv\u00e9d\u0151 Egri Bikav\u00e9r Grand Superior 2022 Magnum + Wooden Box - T\u00f3th Ferenc Pinc\u00e9szet","isPartOf":{"@id":"https:\/\/tothferencpinceszet.hu\/#website"},"primaryImageOfPage":{"@id":"https:\/\/tothferencpinceszet.hu\/termek\/varvedo-egri-bikaver-grand-superior-2022-magnum-masolat\/#primaryimage"},"image":{"@id":"https:\/\/tothferencpinceszet.hu\/termek\/varvedo-egri-bikaver-grand-superior-2022-magnum-masolat\/#primaryimage"},"thumbnailUrl":"https:\/\/tothferencpinceszet.hu\/wp-content\/uploads\/2025\/11\/vv_magnum_fadoboz@1200.webp","datePublished":"2025-11-26T19:35:42+00:00","dateModified":"2025-11-26T19:56:13+00:00","breadcrumb":{"@id":"https:\/\/tothferencpinceszet.hu\/termek\/varvedo-egri-bikaver-grand-superior-2022-magnum-masolat\/#breadcrumb"},"inLanguage":"en-US","potentialAction":[{"@type":"ReadAction","target":["https:\/\/tothferencpinceszet.hu\/termek\/varvedo-egri-bikaver-grand-superior-2022-magnum-masolat\/"]}]},{"@type":"ImageObject","inLanguage":"en-US","@id":"https:\/\/tothferencpinceszet.hu\/termek\/varvedo-egri-bikaver-grand-superior-2022-magnum-masolat\/#primaryimage","url":"https:\/\/tothferencpinceszet.hu\/wp-content\/uploads\/2025\/11\/vv_magnum_fadoboz@1200.webp","contentUrl":"https:\/\/tothferencpinceszet.hu\/wp-content\/uploads\/2025\/11\/vv_magnum_fadoboz@1200.webp","width":1200,"height":1200,"caption":"V\u00e1rv\u00e9d\u0151 2022 Egri Bikav\u00e9r Grand Superior Magnum fadobozzal"},{"@type":"BreadcrumbList","@id":"https:\/\/tothferencpinceszet.hu\/termek\/varvedo-egri-bikaver-grand-superior-2022-magnum-masolat\/#breadcrumb","itemListElement":[{"@type":"ListItem","position":1,"name":"Kezd\u0151lap","item":"https:\/\/tothferencpinceszet.hu\/en\/"},{"@type":"ListItem","position":2,"name":"Shop","item":"https:\/\/tothferencpinceszet.hu\/en\/shop\/"},{"@type":"ListItem","position":3,"name":"V\u00e1rv\u00e9d\u0151 Egri Bikav\u00e9r Grand Superior 2022 Magnum + Wooden Box"}]},{"@type":"WebSite","@id":"https:\/\/tothferencpinceszet.hu\/#website","url":"https:\/\/tothferencpinceszet.hu\/","name":"T\u00f3th Ferenc Pinc\u00e9szet","description":"40 \u00e9ve az Egri Borvid\u00e9ken","publisher":{"@id":"https:\/\/tothferencpinceszet.hu\/#organization"},"potentialAction":[{"@type":"SearchAction","target":{"@type":"EntryPoint","urlTemplate":"https:\/\/tothferencpinceszet.hu\/?s={search_term_string}"},"query-input":{"@type":"PropertyValueSpecification","valueRequired":true,"valueName":"search_term_string"}}],"inLanguage":"en-US"},{"@type":"Organization","@id":"https:\/\/tothferencpinceszet.hu\/#organization","name":"T\u00f3th Ferenc Pinc\u00e9szet","url":"https:\/\/tothferencpinceszet.hu\/","logo":{"@type":"ImageObject","inLanguage":"en-US","@id":"https:\/\/tothferencpinceszet.hu\/#\/schema\/logo\/image\/","url":"https:\/\/tothferencpinceszet.hu\/wp-content\/uploads\/2022\/11\/cropped-tfp_logo_dark4x.png","contentUrl":"https:\/\/tothferencpinceszet.hu\/wp-content\/uploads\/2022\/11\/cropped-tfp_logo_dark4x.png","width":1294,"height":679,"caption":"T\u00f3th Ferenc Pinc\u00e9szet"},"image":{"@id":"https:\/\/tothferencpinceszet.hu\/#\/schema\/logo\/image\/"}}]}},"_links":{"self":[{"href":"https:\/\/tothferencpinceszet.hu\/en\/wp-json\/wp\/v2\/product\/20384","targetHints":{"allow":["GET"]}}],"collection":[{"href":"https:\/\/tothferencpinceszet.hu\/en\/wp-json\/wp\/v2\/product"}],"about":[{"href":"https:\/\/tothferencpinceszet.hu\/en\/wp-json\/wp\/v2\/types\/product"}],"version-history":[{"count":0,"href":"https:\/\/tothferencpinceszet.hu\/en\/wp-json\/wp\/v2\/product\/20384\/revisions"}],"wp:featuredmedia":[{"embeddable":true,"href":"https:\/\/tothferencpinceszet.hu\/en\/wp-json\/wp\/v2\/media\/20386"}],"wp:attachment":[{"href":"https:\/\/tothferencpinceszet.hu\/en\/wp-json\/wp\/v2\/media?parent=20384"}],"wp:term":[{"taxonomy":"product_brand","embeddable":true,"href":"https:\/\/tothferencpinceszet.hu\/en\/wp-json\/wp\/v2\/product_brand?post=20384"},{"taxonomy":"product_cat","embeddable":true,"href":"https:\/\/tothferencpinceszet.hu\/en\/wp-json\/wp\/v2\/product_cat?post=20384"},{"taxonomy":"product_tag","embeddable":true,"href":"https:\/\/tothferencpinceszet.hu\/en\/wp-json\/wp\/v2\/product_tag?post=20384"}],"curies":[{"name":"wp","href":"https:\/\/api.w.org\/{rel}","templated":true}]}}