{"id":20162,"date":"2025-10-15T15:42:05","date_gmt":"2025-10-15T13:42:05","guid":{"rendered":"https:\/\/tothferencpinceszet.hu\/?post_type=product&#038;p=20162"},"modified":"2025-10-15T15:48:05","modified_gmt":"2025-10-15T13:48:05","slug":"egri-pinot-noir-superior-2021-masolat","status":"publish","type":"product","link":"https:\/\/tothferencpinceszet.hu\/en\/termek\/egri-pinot-noir-superior-2021-masolat\/","title":{"rendered":"Egri Pinot Noir Superior 2023"},"content":{"rendered":"","protected":false},"excerpt":{"rendered":"<p>A garnet-colored wine with aromas that slowly unfold but offer a lot. Its bouquet is very elegant, with hints of cherry pie, hibiscus, a touch of mint, and barrel aging. The lively acidity and slight tannins characteristic of the variety lead the palate. It is characterized by medium body and length. The former aromas are complemented by white pepper spiciness, making the flavor even richer.<br \/>\n<img decoding=\"async\" class=\"alignnone wp-image-18392\" src=\"https:\/\/tothferencpinceszet.hu\/wp-content\/uploads\/2024\/07\/DRS_logo_EGYUTAS_withtext_final-150x150.png\" alt=\"\" width=\"50\" height=\"50\" srcset=\"https:\/\/tothferencpinceszet.hu\/wp-content\/uploads\/2024\/07\/DRS_logo_EGYUTAS_withtext_final-150x150.png 150w, https:\/\/tothferencpinceszet.hu\/wp-content\/uploads\/2024\/07\/DRS_logo_EGYUTAS_withtext_final-230x230.png 230w, https:\/\/tothferencpinceszet.hu\/wp-content\/uploads\/2024\/07\/DRS_logo_EGYUTAS_withtext_final-100x100.png 100w, https:\/\/tothferencpinceszet.hu\/wp-content\/uploads\/2024\/07\/DRS_logo_EGYUTAS_withtext_final.png 237w\" sizes=\"(max-width: 50px) 100vw, 50px\" \/><\/p>\n","protected":false},"featured_media":20672,"template":"","meta":{"_jet_sm_ready_style":"","_jet_sm_style":"","_jet_sm_controls_values":"","_jet_sm_fonts_collection":"","_jet_sm_fonts_links":""},"product_brand":[],"product_cat":[122,99],"product_tag":[],"class_list":{"0":"post-20162","1":"product","2":"type-product","3":"status-publish","4":"has-post-thumbnail","6":"product_cat-featured","7":"product_cat-red","9":"first","10":"instock","11":"shipping-taxable","12":"purchasable","13":"product-type-simple"},"yoast_head":"<!-- This site is optimized with the Yoast SEO plugin v27.0 - https:\/\/yoast.com\/product\/yoast-seo-wordpress\/ -->\n<title>Egri Pinot Noir Superior 2023 - T\u00f3th Ferenc Pinc\u00e9szet<\/title>\n<meta name=\"robots\" content=\"index, follow, max-snippet:-1, max-image-preview:large, max-video-preview:-1\" \/>\n<link rel=\"canonical\" href=\"https:\/\/tothferencpinceszet.hu\/termek\/egri-pinot-noir-superior-2021-masolat\/\" \/>\n<meta property=\"og:locale\" content=\"en_US\" \/>\n<meta property=\"og:type\" content=\"article\" \/>\n<meta property=\"og:title\" content=\"Egri Pinot Noir Superior 2023 - T\u00f3th Ferenc Pinc\u00e9szet\" \/>\n<meta property=\"og:description\" content=\"A garnet-colored wine with aromas that slowly unfold but offer a lot. Its bouquet is very elegant, with hints of cherry pie, hibiscus, a touch of mint, and barrel aging. The lively acidity and slight tannins characteristic of the variety lead the palate. It is characterized by medium body and length. The former aromas are complemented by white pepper spiciness, making the flavor even richer.\" \/>\n<meta property=\"og:url\" content=\"https:\/\/tothferencpinceszet.hu\/termek\/egri-pinot-noir-superior-2021-masolat\/\" \/>\n<meta property=\"og:site_name\" content=\"T\u00f3th Ferenc Pinc\u00e9szet\" \/>\n<meta property=\"article:modified_time\" content=\"2025-10-15T13:48:05+00:00\" \/>\n<meta property=\"og:image\" content=\"https:\/\/tothferencpinceszet.hu\/wp-content\/uploads\/2025\/10\/pinot_noir_sup_23@1200.png\" \/>\n\t<meta property=\"og:image:width\" content=\"1200\" \/>\n\t<meta property=\"og:image:height\" content=\"1200\" \/>\n\t<meta property=\"og:image:type\" content=\"image\/png\" \/>\n<meta name=\"twitter:card\" content=\"summary_large_image\" \/>\n<script type=\"application\/ld+json\" class=\"yoast-schema-graph\">{\"@context\":\"https:\/\/schema.org\",\"@graph\":[{\"@type\":\"WebPage\",\"@id\":\"https:\/\/tothferencpinceszet.hu\/termek\/egri-pinot-noir-superior-2021-masolat\/\",\"url\":\"https:\/\/tothferencpinceszet.hu\/termek\/egri-pinot-noir-superior-2021-masolat\/\",\"name\":\"Egri Pinot Noir Superior 2023 - T\u00f3th Ferenc Pinc\u00e9szet\",\"isPartOf\":{\"@id\":\"https:\/\/tothferencpinceszet.hu\/#website\"},\"primaryImageOfPage\":{\"@id\":\"https:\/\/tothferencpinceszet.hu\/termek\/egri-pinot-noir-superior-2021-masolat\/#primaryimage\"},\"image\":{\"@id\":\"https:\/\/tothferencpinceszet.hu\/termek\/egri-pinot-noir-superior-2021-masolat\/#primaryimage\"},\"thumbnailUrl\":\"https:\/\/tothferencpinceszet.hu\/wp-content\/uploads\/2025\/10\/js_pinot_noir_sup_23@1200-2.webp\",\"datePublished\":\"2025-10-15T13:42:05+00:00\",\"dateModified\":\"2025-10-15T13:48:05+00:00\",\"breadcrumb\":{\"@id\":\"https:\/\/tothferencpinceszet.hu\/termek\/egri-pinot-noir-superior-2021-masolat\/#breadcrumb\"},\"inLanguage\":\"en-US\",\"potentialAction\":[{\"@type\":\"ReadAction\",\"target\":[\"https:\/\/tothferencpinceszet.hu\/termek\/egri-pinot-noir-superior-2021-masolat\/\"]}]},{\"@type\":\"ImageObject\",\"inLanguage\":\"en-US\",\"@id\":\"https:\/\/tothferencpinceszet.hu\/termek\/egri-pinot-noir-superior-2021-masolat\/#primaryimage\",\"url\":\"https:\/\/tothferencpinceszet.hu\/wp-content\/uploads\/2025\/10\/js_pinot_noir_sup_23@1200-2.webp\",\"contentUrl\":\"https:\/\/tothferencpinceszet.hu\/wp-content\/uploads\/2025\/10\/js_pinot_noir_sup_23@1200-2.webp\",\"width\":1200,\"height\":1200,\"caption\":\"Egri Pinot Noir Superior 2023\"},{\"@type\":\"BreadcrumbList\",\"@id\":\"https:\/\/tothferencpinceszet.hu\/termek\/egri-pinot-noir-superior-2021-masolat\/#breadcrumb\",\"itemListElement\":[{\"@type\":\"ListItem\",\"position\":1,\"name\":\"Kezd\u0151lap\",\"item\":\"https:\/\/tothferencpinceszet.hu\/en\/\"},{\"@type\":\"ListItem\",\"position\":2,\"name\":\"Shop\",\"item\":\"https:\/\/tothferencpinceszet.hu\/en\/shop\/\"},{\"@type\":\"ListItem\",\"position\":3,\"name\":\"Egri Pinot Noir Superior 2023\"}]},{\"@type\":\"WebSite\",\"@id\":\"https:\/\/tothferencpinceszet.hu\/#website\",\"url\":\"https:\/\/tothferencpinceszet.hu\/\",\"name\":\"T\u00f3th Ferenc Pinc\u00e9szet\",\"description\":\"40 \u00e9ve az Egri Borvid\u00e9ken\",\"publisher\":{\"@id\":\"https:\/\/tothferencpinceszet.hu\/#organization\"},\"potentialAction\":[{\"@type\":\"SearchAction\",\"target\":{\"@type\":\"EntryPoint\",\"urlTemplate\":\"https:\/\/tothferencpinceszet.hu\/?s={search_term_string}\"},\"query-input\":{\"@type\":\"PropertyValueSpecification\",\"valueRequired\":true,\"valueName\":\"search_term_string\"}}],\"inLanguage\":\"en-US\"},{\"@type\":\"Organization\",\"@id\":\"https:\/\/tothferencpinceszet.hu\/#organization\",\"name\":\"T\u00f3th Ferenc Pinc\u00e9szet\",\"url\":\"https:\/\/tothferencpinceszet.hu\/\",\"logo\":{\"@type\":\"ImageObject\",\"inLanguage\":\"en-US\",\"@id\":\"https:\/\/tothferencpinceszet.hu\/#\/schema\/logo\/image\/\",\"url\":\"https:\/\/tothferencpinceszet.hu\/wp-content\/uploads\/2022\/11\/cropped-tfp_logo_dark4x.png\",\"contentUrl\":\"https:\/\/tothferencpinceszet.hu\/wp-content\/uploads\/2022\/11\/cropped-tfp_logo_dark4x.png\",\"width\":1294,\"height\":679,\"caption\":\"T\u00f3th Ferenc Pinc\u00e9szet\"},\"image\":{\"@id\":\"https:\/\/tothferencpinceszet.hu\/#\/schema\/logo\/image\/\"}}]}<\/script>\n<!-- \/ Yoast SEO plugin. -->","yoast_head_json":{"title":"Egri Pinot Noir Superior 2023 - T\u00f3th Ferenc Pinc\u00e9szet","robots":{"index":"index","follow":"follow","max-snippet":"max-snippet:-1","max-image-preview":"max-image-preview:large","max-video-preview":"max-video-preview:-1"},"canonical":"https:\/\/tothferencpinceszet.hu\/termek\/egri-pinot-noir-superior-2021-masolat\/","og_locale":"en_US","og_type":"article","og_title":"Egri Pinot Noir Superior 2023 - T\u00f3th Ferenc Pinc\u00e9szet","og_description":"A garnet-colored wine with aromas that slowly unfold but offer a lot. Its bouquet is very elegant, with hints of cherry pie, hibiscus, a touch of mint, and barrel aging. The lively acidity and slight tannins characteristic of the variety lead the palate. It is characterized by medium body and length. The former aromas are complemented by white pepper spiciness, making the flavor even richer.","og_url":"https:\/\/tothferencpinceszet.hu\/termek\/egri-pinot-noir-superior-2021-masolat\/","og_site_name":"T\u00f3th Ferenc Pinc\u00e9szet","article_modified_time":"2025-10-15T13:48:05+00:00","og_image":[{"width":1200,"height":1200,"url":"https:\/\/tothferencpinceszet.hu\/wp-content\/uploads\/2025\/10\/pinot_noir_sup_23@1200.png","type":"image\/png"}],"twitter_card":"summary_large_image","schema":{"@context":"https:\/\/schema.org","@graph":[{"@type":"WebPage","@id":"https:\/\/tothferencpinceszet.hu\/termek\/egri-pinot-noir-superior-2021-masolat\/","url":"https:\/\/tothferencpinceszet.hu\/termek\/egri-pinot-noir-superior-2021-masolat\/","name":"Egri Pinot Noir Superior 2023 - T\u00f3th Ferenc Pinc\u00e9szet","isPartOf":{"@id":"https:\/\/tothferencpinceszet.hu\/#website"},"primaryImageOfPage":{"@id":"https:\/\/tothferencpinceszet.hu\/termek\/egri-pinot-noir-superior-2021-masolat\/#primaryimage"},"image":{"@id":"https:\/\/tothferencpinceszet.hu\/termek\/egri-pinot-noir-superior-2021-masolat\/#primaryimage"},"thumbnailUrl":"https:\/\/tothferencpinceszet.hu\/wp-content\/uploads\/2025\/10\/js_pinot_noir_sup_23@1200-2.webp","datePublished":"2025-10-15T13:42:05+00:00","dateModified":"2025-10-15T13:48:05+00:00","breadcrumb":{"@id":"https:\/\/tothferencpinceszet.hu\/termek\/egri-pinot-noir-superior-2021-masolat\/#breadcrumb"},"inLanguage":"en-US","potentialAction":[{"@type":"ReadAction","target":["https:\/\/tothferencpinceszet.hu\/termek\/egri-pinot-noir-superior-2021-masolat\/"]}]},{"@type":"ImageObject","inLanguage":"en-US","@id":"https:\/\/tothferencpinceszet.hu\/termek\/egri-pinot-noir-superior-2021-masolat\/#primaryimage","url":"https:\/\/tothferencpinceszet.hu\/wp-content\/uploads\/2025\/10\/js_pinot_noir_sup_23@1200-2.webp","contentUrl":"https:\/\/tothferencpinceszet.hu\/wp-content\/uploads\/2025\/10\/js_pinot_noir_sup_23@1200-2.webp","width":1200,"height":1200,"caption":"Egri Pinot Noir Superior 2023"},{"@type":"BreadcrumbList","@id":"https:\/\/tothferencpinceszet.hu\/termek\/egri-pinot-noir-superior-2021-masolat\/#breadcrumb","itemListElement":[{"@type":"ListItem","position":1,"name":"Kezd\u0151lap","item":"https:\/\/tothferencpinceszet.hu\/en\/"},{"@type":"ListItem","position":2,"name":"Shop","item":"https:\/\/tothferencpinceszet.hu\/en\/shop\/"},{"@type":"ListItem","position":3,"name":"Egri Pinot Noir Superior 2023"}]},{"@type":"WebSite","@id":"https:\/\/tothferencpinceszet.hu\/#website","url":"https:\/\/tothferencpinceszet.hu\/","name":"T\u00f3th Ferenc Pinc\u00e9szet","description":"40 \u00e9ve az Egri Borvid\u00e9ken","publisher":{"@id":"https:\/\/tothferencpinceszet.hu\/#organization"},"potentialAction":[{"@type":"SearchAction","target":{"@type":"EntryPoint","urlTemplate":"https:\/\/tothferencpinceszet.hu\/?s={search_term_string}"},"query-input":{"@type":"PropertyValueSpecification","valueRequired":true,"valueName":"search_term_string"}}],"inLanguage":"en-US"},{"@type":"Organization","@id":"https:\/\/tothferencpinceszet.hu\/#organization","name":"T\u00f3th Ferenc Pinc\u00e9szet","url":"https:\/\/tothferencpinceszet.hu\/","logo":{"@type":"ImageObject","inLanguage":"en-US","@id":"https:\/\/tothferencpinceszet.hu\/#\/schema\/logo\/image\/","url":"https:\/\/tothferencpinceszet.hu\/wp-content\/uploads\/2022\/11\/cropped-tfp_logo_dark4x.png","contentUrl":"https:\/\/tothferencpinceszet.hu\/wp-content\/uploads\/2022\/11\/cropped-tfp_logo_dark4x.png","width":1294,"height":679,"caption":"T\u00f3th Ferenc Pinc\u00e9szet"},"image":{"@id":"https:\/\/tothferencpinceszet.hu\/#\/schema\/logo\/image\/"}}]}},"_links":{"self":[{"href":"https:\/\/tothferencpinceszet.hu\/en\/wp-json\/wp\/v2\/product\/20162","targetHints":{"allow":["GET"]}}],"collection":[{"href":"https:\/\/tothferencpinceszet.hu\/en\/wp-json\/wp\/v2\/product"}],"about":[{"href":"https:\/\/tothferencpinceszet.hu\/en\/wp-json\/wp\/v2\/types\/product"}],"version-history":[{"count":0,"href":"https:\/\/tothferencpinceszet.hu\/en\/wp-json\/wp\/v2\/product\/20162\/revisions"}],"wp:featuredmedia":[{"embeddable":true,"href":"https:\/\/tothferencpinceszet.hu\/en\/wp-json\/wp\/v2\/media\/20672"}],"wp:attachment":[{"href":"https:\/\/tothferencpinceszet.hu\/en\/wp-json\/wp\/v2\/media?parent=20162"}],"wp:term":[{"taxonomy":"product_brand","embeddable":true,"href":"https:\/\/tothferencpinceszet.hu\/en\/wp-json\/wp\/v2\/product_brand?post=20162"},{"taxonomy":"product_cat","embeddable":true,"href":"https:\/\/tothferencpinceszet.hu\/en\/wp-json\/wp\/v2\/product_cat?post=20162"},{"taxonomy":"product_tag","embeddable":true,"href":"https:\/\/tothferencpinceszet.hu\/en\/wp-json\/wp\/v2\/product_tag?post=20162"}],"curies":[{"name":"wp","href":"https:\/\/api.w.org\/{rel}","templated":true}]}}