{"id":20061,"date":"2025-09-19T09:59:09","date_gmt":"2025-09-19T07:59:09","guid":{"rendered":"https:\/\/tothferencpinceszet.hu\/?post_type=product&#038;p=20061"},"modified":"2026-01-20T14:14:27","modified_gmt":"2026-01-20T13:14:27","slug":"egri-bikaver-superior-2021-masolat","status":"publish","type":"product","link":"https:\/\/tothferencpinceszet.hu\/en\/termek\/egri-bikaver-superior-2021-masolat\/","title":{"rendered":"Egri Bikav\u00e9r Superior 2022"},"content":{"rendered":"","protected":false},"excerpt":{"rendered":"<p>A medium-bodied brick red wine that rolls radiantly and smoothly down the sides of the glass. Its aroma is slow to open, carrying slightly rustic red wine aromas. It brings to mind leather, jam, dark chocolate, and paprika. The taste is accompanied by black fruits, currants, and blackberries. The tannins are ripe, the acids are distinct but well integrated. The alcohol is intense but not distracting. The finish is long, with wood barrel spices and a slight smoky jammy sensation. \u2013 Ad\u00e9l Bern\u00e1th-Ulcz<\/p>\n","protected":false},"featured_media":20664,"template":"","meta":{"_jet_sm_ready_style":"","_jet_sm_style":"","_jet_sm_controls_values":"","_jet_sm_fonts_collection":"","_jet_sm_fonts_links":""},"product_brand":[],"product_cat":[122,99],"product_tag":[],"class_list":{"0":"post-20061","1":"product","2":"type-product","3":"status-publish","4":"has-post-thumbnail","6":"product_cat-featured","7":"product_cat-red","9":"first","10":"instock","11":"shipping-taxable","12":"purchasable","13":"product-type-simple"},"yoast_head":"<!-- This site is optimized with the Yoast SEO plugin v27.0 - https:\/\/yoast.com\/product\/yoast-seo-wordpress\/ -->\n<title>Egri Bikav\u00e9r Superior 2022 - T\u00f3th Ferenc Pinc\u00e9szet<\/title>\n<meta name=\"robots\" content=\"index, follow, max-snippet:-1, max-image-preview:large, max-video-preview:-1\" \/>\n<link rel=\"canonical\" href=\"https:\/\/tothferencpinceszet.hu\/en\/termek\/egri-bikaver-superior-2021-masolat\/\" \/>\n<meta property=\"og:locale\" content=\"en_US\" \/>\n<meta property=\"og:type\" content=\"article\" \/>\n<meta property=\"og:title\" content=\"Egri Bikav\u00e9r Superior 2022 - T\u00f3th Ferenc Pinc\u00e9szet\" \/>\n<meta property=\"og:description\" content=\"A medium-bodied brick red wine that rolls radiantly and smoothly down the sides of the glass. Its aroma is slow to open, carrying slightly rustic red wine aromas. It brings to mind leather, jam, dark chocolate, and paprika. The taste is accompanied by black fruits, currants, and blackberries. The tannins are ripe, the acids are distinct but well integrated. The alcohol is intense but not distracting. The finish is long, with wood barrel spices and a slight smoky jammy sensation. \u2013 Ad\u00e9l Bern\u00e1th-Ulcz\" \/>\n<meta property=\"og:url\" content=\"https:\/\/tothferencpinceszet.hu\/en\/termek\/egri-bikaver-superior-2021-masolat\/\" \/>\n<meta property=\"og:site_name\" content=\"T\u00f3th Ferenc Pinc\u00e9szet\" \/>\n<meta property=\"article:modified_time\" content=\"2026-01-20T13:14:27+00:00\" \/>\n<meta property=\"og:image\" content=\"https:\/\/tothferencpinceszet.hu\/wp-content\/uploads\/2025\/09\/egri_bikaver_sup_22@1200.png\" \/>\n\t<meta property=\"og:image:width\" content=\"1200\" \/>\n\t<meta property=\"og:image:height\" content=\"1200\" \/>\n\t<meta property=\"og:image:type\" content=\"image\/png\" \/>\n<meta name=\"twitter:card\" content=\"summary_large_image\" \/>\n<script type=\"application\/ld+json\" class=\"yoast-schema-graph\">{\"@context\":\"https:\/\/schema.org\",\"@graph\":[{\"@type\":\"WebPage\",\"@id\":\"https:\/\/tothferencpinceszet.hu\/en\/termek\/egri-bikaver-superior-2021-masolat\/\",\"url\":\"https:\/\/tothferencpinceszet.hu\/en\/termek\/egri-bikaver-superior-2021-masolat\/\",\"name\":\"Egri Bikav\u00e9r Superior 2022 - T\u00f3th Ferenc Pinc\u00e9szet\",\"isPartOf\":{\"@id\":\"https:\/\/tothferencpinceszet.hu\/#website\"},\"primaryImageOfPage\":{\"@id\":\"https:\/\/tothferencpinceszet.hu\/en\/termek\/egri-bikaver-superior-2021-masolat\/#primaryimage\"},\"image\":{\"@id\":\"https:\/\/tothferencpinceszet.hu\/en\/termek\/egri-bikaver-superior-2021-masolat\/#primaryimage\"},\"thumbnailUrl\":\"https:\/\/tothferencpinceszet.hu\/wp-content\/uploads\/2025\/09\/js_eb_sup_22@1200.webp\",\"datePublished\":\"2025-09-19T07:59:09+00:00\",\"dateModified\":\"2026-01-20T13:14:27+00:00\",\"breadcrumb\":{\"@id\":\"https:\/\/tothferencpinceszet.hu\/en\/termek\/egri-bikaver-superior-2021-masolat\/#breadcrumb\"},\"inLanguage\":\"en-US\",\"potentialAction\":[{\"@type\":\"ReadAction\",\"target\":[\"https:\/\/tothferencpinceszet.hu\/en\/termek\/egri-bikaver-superior-2021-masolat\/\"]}]},{\"@type\":\"ImageObject\",\"inLanguage\":\"en-US\",\"@id\":\"https:\/\/tothferencpinceszet.hu\/en\/termek\/egri-bikaver-superior-2021-masolat\/#primaryimage\",\"url\":\"https:\/\/tothferencpinceszet.hu\/wp-content\/uploads\/2025\/09\/js_eb_sup_22@1200.webp\",\"contentUrl\":\"https:\/\/tothferencpinceszet.hu\/wp-content\/uploads\/2025\/09\/js_eb_sup_22@1200.webp\",\"width\":1200,\"height\":1200,\"caption\":\"Egri Bikav\u00e9r Superior 2022\"},{\"@type\":\"BreadcrumbList\",\"@id\":\"https:\/\/tothferencpinceszet.hu\/en\/termek\/egri-bikaver-superior-2021-masolat\/#breadcrumb\",\"itemListElement\":[{\"@type\":\"ListItem\",\"position\":1,\"name\":\"Kezd\u0151lap\",\"item\":\"https:\/\/tothferencpinceszet.hu\/en\/\"},{\"@type\":\"ListItem\",\"position\":2,\"name\":\"Shop\",\"item\":\"https:\/\/tothferencpinceszet.hu\/en\/shop\/\"},{\"@type\":\"ListItem\",\"position\":3,\"name\":\"Egri Bikav\u00e9r Superior 2022\"}]},{\"@type\":\"WebSite\",\"@id\":\"https:\/\/tothferencpinceszet.hu\/#website\",\"url\":\"https:\/\/tothferencpinceszet.hu\/\",\"name\":\"T\u00f3th Ferenc Pinc\u00e9szet\",\"description\":\"40 \u00e9ve az Egri Borvid\u00e9ken\",\"publisher\":{\"@id\":\"https:\/\/tothferencpinceszet.hu\/#organization\"},\"potentialAction\":[{\"@type\":\"SearchAction\",\"target\":{\"@type\":\"EntryPoint\",\"urlTemplate\":\"https:\/\/tothferencpinceszet.hu\/?s={search_term_string}\"},\"query-input\":{\"@type\":\"PropertyValueSpecification\",\"valueRequired\":true,\"valueName\":\"search_term_string\"}}],\"inLanguage\":\"en-US\"},{\"@type\":\"Organization\",\"@id\":\"https:\/\/tothferencpinceszet.hu\/#organization\",\"name\":\"T\u00f3th Ferenc Pinc\u00e9szet\",\"url\":\"https:\/\/tothferencpinceszet.hu\/\",\"logo\":{\"@type\":\"ImageObject\",\"inLanguage\":\"en-US\",\"@id\":\"https:\/\/tothferencpinceszet.hu\/#\/schema\/logo\/image\/\",\"url\":\"https:\/\/tothferencpinceszet.hu\/wp-content\/uploads\/2022\/11\/cropped-tfp_logo_dark4x.png\",\"contentUrl\":\"https:\/\/tothferencpinceszet.hu\/wp-content\/uploads\/2022\/11\/cropped-tfp_logo_dark4x.png\",\"width\":1294,\"height\":679,\"caption\":\"T\u00f3th Ferenc Pinc\u00e9szet\"},\"image\":{\"@id\":\"https:\/\/tothferencpinceszet.hu\/#\/schema\/logo\/image\/\"}}]}<\/script>\n<!-- \/ Yoast SEO plugin. -->","yoast_head_json":{"title":"Egri Bikav\u00e9r Superior 2022 - T\u00f3th Ferenc Pinc\u00e9szet","robots":{"index":"index","follow":"follow","max-snippet":"max-snippet:-1","max-image-preview":"max-image-preview:large","max-video-preview":"max-video-preview:-1"},"canonical":"https:\/\/tothferencpinceszet.hu\/en\/termek\/egri-bikaver-superior-2021-masolat\/","og_locale":"en_US","og_type":"article","og_title":"Egri Bikav\u00e9r Superior 2022 - T\u00f3th Ferenc Pinc\u00e9szet","og_description":"A medium-bodied brick red wine that rolls radiantly and smoothly down the sides of the glass. Its aroma is slow to open, carrying slightly rustic red wine aromas. It brings to mind leather, jam, dark chocolate, and paprika. The taste is accompanied by black fruits, currants, and blackberries. The tannins are ripe, the acids are distinct but well integrated. The alcohol is intense but not distracting. The finish is long, with wood barrel spices and a slight smoky jammy sensation. \u2013 Ad\u00e9l Bern\u00e1th-Ulcz","og_url":"https:\/\/tothferencpinceszet.hu\/en\/termek\/egri-bikaver-superior-2021-masolat\/","og_site_name":"T\u00f3th Ferenc Pinc\u00e9szet","article_modified_time":"2026-01-20T13:14:27+00:00","og_image":[{"width":1200,"height":1200,"url":"https:\/\/tothferencpinceszet.hu\/wp-content\/uploads\/2025\/09\/egri_bikaver_sup_22@1200.png","type":"image\/png"}],"twitter_card":"summary_large_image","schema":{"@context":"https:\/\/schema.org","@graph":[{"@type":"WebPage","@id":"https:\/\/tothferencpinceszet.hu\/en\/termek\/egri-bikaver-superior-2021-masolat\/","url":"https:\/\/tothferencpinceszet.hu\/en\/termek\/egri-bikaver-superior-2021-masolat\/","name":"Egri Bikav\u00e9r Superior 2022 - T\u00f3th Ferenc Pinc\u00e9szet","isPartOf":{"@id":"https:\/\/tothferencpinceszet.hu\/#website"},"primaryImageOfPage":{"@id":"https:\/\/tothferencpinceszet.hu\/en\/termek\/egri-bikaver-superior-2021-masolat\/#primaryimage"},"image":{"@id":"https:\/\/tothferencpinceszet.hu\/en\/termek\/egri-bikaver-superior-2021-masolat\/#primaryimage"},"thumbnailUrl":"https:\/\/tothferencpinceszet.hu\/wp-content\/uploads\/2025\/09\/js_eb_sup_22@1200.webp","datePublished":"2025-09-19T07:59:09+00:00","dateModified":"2026-01-20T13:14:27+00:00","breadcrumb":{"@id":"https:\/\/tothferencpinceszet.hu\/en\/termek\/egri-bikaver-superior-2021-masolat\/#breadcrumb"},"inLanguage":"en-US","potentialAction":[{"@type":"ReadAction","target":["https:\/\/tothferencpinceszet.hu\/en\/termek\/egri-bikaver-superior-2021-masolat\/"]}]},{"@type":"ImageObject","inLanguage":"en-US","@id":"https:\/\/tothferencpinceszet.hu\/en\/termek\/egri-bikaver-superior-2021-masolat\/#primaryimage","url":"https:\/\/tothferencpinceszet.hu\/wp-content\/uploads\/2025\/09\/js_eb_sup_22@1200.webp","contentUrl":"https:\/\/tothferencpinceszet.hu\/wp-content\/uploads\/2025\/09\/js_eb_sup_22@1200.webp","width":1200,"height":1200,"caption":"Egri Bikav\u00e9r Superior 2022"},{"@type":"BreadcrumbList","@id":"https:\/\/tothferencpinceszet.hu\/en\/termek\/egri-bikaver-superior-2021-masolat\/#breadcrumb","itemListElement":[{"@type":"ListItem","position":1,"name":"Kezd\u0151lap","item":"https:\/\/tothferencpinceszet.hu\/en\/"},{"@type":"ListItem","position":2,"name":"Shop","item":"https:\/\/tothferencpinceszet.hu\/en\/shop\/"},{"@type":"ListItem","position":3,"name":"Egri Bikav\u00e9r Superior 2022"}]},{"@type":"WebSite","@id":"https:\/\/tothferencpinceszet.hu\/#website","url":"https:\/\/tothferencpinceszet.hu\/","name":"T\u00f3th Ferenc Pinc\u00e9szet","description":"40 \u00e9ve az Egri Borvid\u00e9ken","publisher":{"@id":"https:\/\/tothferencpinceszet.hu\/#organization"},"potentialAction":[{"@type":"SearchAction","target":{"@type":"EntryPoint","urlTemplate":"https:\/\/tothferencpinceszet.hu\/?s={search_term_string}"},"query-input":{"@type":"PropertyValueSpecification","valueRequired":true,"valueName":"search_term_string"}}],"inLanguage":"en-US"},{"@type":"Organization","@id":"https:\/\/tothferencpinceszet.hu\/#organization","name":"T\u00f3th Ferenc Pinc\u00e9szet","url":"https:\/\/tothferencpinceszet.hu\/","logo":{"@type":"ImageObject","inLanguage":"en-US","@id":"https:\/\/tothferencpinceszet.hu\/#\/schema\/logo\/image\/","url":"https:\/\/tothferencpinceszet.hu\/wp-content\/uploads\/2022\/11\/cropped-tfp_logo_dark4x.png","contentUrl":"https:\/\/tothferencpinceszet.hu\/wp-content\/uploads\/2022\/11\/cropped-tfp_logo_dark4x.png","width":1294,"height":679,"caption":"T\u00f3th Ferenc Pinc\u00e9szet"},"image":{"@id":"https:\/\/tothferencpinceszet.hu\/#\/schema\/logo\/image\/"}}]}},"_links":{"self":[{"href":"https:\/\/tothferencpinceszet.hu\/en\/wp-json\/wp\/v2\/product\/20061","targetHints":{"allow":["GET"]}}],"collection":[{"href":"https:\/\/tothferencpinceszet.hu\/en\/wp-json\/wp\/v2\/product"}],"about":[{"href":"https:\/\/tothferencpinceszet.hu\/en\/wp-json\/wp\/v2\/types\/product"}],"version-history":[{"count":1,"href":"https:\/\/tothferencpinceszet.hu\/en\/wp-json\/wp\/v2\/product\/20061\/revisions"}],"predecessor-version":[{"id":20613,"href":"https:\/\/tothferencpinceszet.hu\/en\/wp-json\/wp\/v2\/product\/20061\/revisions\/20613"}],"wp:featuredmedia":[{"embeddable":true,"href":"https:\/\/tothferencpinceszet.hu\/en\/wp-json\/wp\/v2\/media\/20664"}],"wp:attachment":[{"href":"https:\/\/tothferencpinceszet.hu\/en\/wp-json\/wp\/v2\/media?parent=20061"}],"wp:term":[{"taxonomy":"product_brand","embeddable":true,"href":"https:\/\/tothferencpinceszet.hu\/en\/wp-json\/wp\/v2\/product_brand?post=20061"},{"taxonomy":"product_cat","embeddable":true,"href":"https:\/\/tothferencpinceszet.hu\/en\/wp-json\/wp\/v2\/product_cat?post=20061"},{"taxonomy":"product_tag","embeddable":true,"href":"https:\/\/tothferencpinceszet.hu\/en\/wp-json\/wp\/v2\/product_tag?post=20061"}],"curies":[{"name":"wp","href":"https:\/\/api.w.org\/{rel}","templated":true}]}}