{"id":19816,"date":"2025-07-16T07:59:53","date_gmt":"2025-07-16T05:59:53","guid":{"rendered":"https:\/\/tothferencpinceszet.hu\/?post_type=product&#038;p=19816"},"modified":"2025-07-16T08:14:48","modified_gmt":"2025-07-16T06:14:48","slug":"egri-csillag-superior-2022-and-madagascan-milk-chocolate-masolat","status":"publish","type":"product","link":"https:\/\/tothferencpinceszet.hu\/en\/termek\/egri-csillag-superior-2022-and-madagascan-milk-chocolate-masolat\/","title":{"rendered":"Egri Csillag Superior 2023 and Madagascan Milk Chocolate (m\u00e1solat)"},"content":{"rendered":"","protected":false},"excerpt":{"rendered":"<p><span style=\"font-weight: 400;\">The richly flavoured blend and the chocolate with deep taste make a colourful combination. It is always a challenge to taste chocolate with white wine but the cassis-balsamic, fruit-flavoured chocolate that accompanies the wine is an excellent companion to this fresh, pleasant wine. The lime-honey-peach citrus flavours that emerge in the Csillag are enhanced by the chocolate. The crispness of the cocoa bean curd is a pleasure to the taster in itself but also adds an exciting liqueur wine character. Youthful flavours characterise both the chocolate and the wine. The pairing finishes with lovely acidity, lively flavours and exciting fruit notes.<\/span><\/p>\n","protected":false},"featured_media":19818,"template":"","meta":{"_jet_sm_ready_style":"","_jet_sm_style":"","_jet_sm_controls_values":"","_jet_sm_fonts_collection":"","_jet_sm_fonts_links":""},"product_brand":[],"product_cat":[107],"product_tag":[],"class_list":{"0":"post-19816","1":"product","2":"type-product","3":"status-publish","4":"has-post-thumbnail","6":"product_cat-chocolates","8":"first","9":"instock","10":"shipping-taxable","11":"purchasable","12":"product-type-simple"},"yoast_head":"<!-- This site is optimized with the Yoast SEO plugin v27.4 - https:\/\/yoast.com\/product\/yoast-seo-wordpress\/ -->\n<title>Egri Csillag Superior 2023 and Madagascan Milk Chocolate (m\u00e1solat) - T\u00f3th Ferenc Pinc\u00e9szet<\/title>\n<meta name=\"robots\" content=\"index, follow, max-snippet:-1, max-image-preview:large, max-video-preview:-1\" \/>\n<link rel=\"canonical\" href=\"https:\/\/tothferencpinceszet.hu\/termek\/egri-csillag-superior-2022-and-madagascan-milk-chocolate-masolat\/\" \/>\n<meta property=\"og:locale\" content=\"en_US\" \/>\n<meta property=\"og:type\" content=\"article\" \/>\n<meta property=\"og:title\" content=\"Egri Csillag Superior 2023 and Madagascan Milk Chocolate (m\u00e1solat) - T\u00f3th Ferenc Pinc\u00e9szet\" \/>\n<meta property=\"og:description\" content=\"The richly flavoured blend and the chocolate with deep taste make a colourful combination. It is always a challenge to taste chocolate with white wine but the cassis-balsamic, fruit-flavoured chocolate that accompanies the wine is an excellent companion to this fresh, pleasant wine. The lime-honey-peach citrus flavours that emerge in the Csillag are enhanced by the chocolate. The crispness of the cocoa bean curd is a pleasure to the taster in itself but also adds an exciting liqueur wine character. Youthful flavours characterise both the chocolate and the wine. The pairing finishes with lovely acidity, lively flavours and exciting fruit notes.\" \/>\n<meta property=\"og:url\" content=\"https:\/\/tothferencpinceszet.hu\/termek\/egri-csillag-superior-2022-and-madagascan-milk-chocolate-masolat\/\" \/>\n<meta property=\"og:site_name\" content=\"T\u00f3th Ferenc Pinc\u00e9szet\" \/>\n<meta property=\"article:modified_time\" content=\"2025-07-16T06:14:48+00:00\" \/>\n<meta property=\"og:image\" content=\"https:\/\/tothferencpinceszet.hu\/wp-content\/uploads\/2025\/07\/ecssup23_madagaszkar@1200.png\" \/>\n\t<meta property=\"og:image:width\" content=\"1200\" \/>\n\t<meta property=\"og:image:height\" content=\"1200\" \/>\n\t<meta property=\"og:image:type\" content=\"image\/png\" \/>\n<meta name=\"twitter:card\" content=\"summary_large_image\" \/>\n<script type=\"application\/ld+json\" class=\"yoast-schema-graph\">{\"@context\":\"https:\\\/\\\/schema.org\",\"@graph\":[{\"@type\":\"WebPage\",\"@id\":\"https:\\\/\\\/tothferencpinceszet.hu\\\/termek\\\/egri-csillag-superior-2022-and-madagascan-milk-chocolate-masolat\\\/\",\"url\":\"https:\\\/\\\/tothferencpinceszet.hu\\\/termek\\\/egri-csillag-superior-2022-and-madagascan-milk-chocolate-masolat\\\/\",\"name\":\"Egri Csillag Superior 2023 and Madagascan Milk Chocolate (m\u00e1solat) - T\u00f3th Ferenc Pinc\u00e9szet\",\"isPartOf\":{\"@id\":\"https:\\\/\\\/tothferencpinceszet.hu\\\/#website\"},\"primaryImageOfPage\":{\"@id\":\"https:\\\/\\\/tothferencpinceszet.hu\\\/termek\\\/egri-csillag-superior-2022-and-madagascan-milk-chocolate-masolat\\\/#primaryimage\"},\"image\":{\"@id\":\"https:\\\/\\\/tothferencpinceszet.hu\\\/termek\\\/egri-csillag-superior-2022-and-madagascan-milk-chocolate-masolat\\\/#primaryimage\"},\"thumbnailUrl\":\"https:\\\/\\\/tothferencpinceszet.hu\\\/wp-content\\\/uploads\\\/2025\\\/07\\\/ecssup23_madagaszkar@1200.png\",\"datePublished\":\"2025-07-16T05:59:53+00:00\",\"dateModified\":\"2025-07-16T06:14:48+00:00\",\"breadcrumb\":{\"@id\":\"https:\\\/\\\/tothferencpinceszet.hu\\\/termek\\\/egri-csillag-superior-2022-and-madagascan-milk-chocolate-masolat\\\/#breadcrumb\"},\"inLanguage\":\"en-US\",\"potentialAction\":[{\"@type\":\"ReadAction\",\"target\":[\"https:\\\/\\\/tothferencpinceszet.hu\\\/termek\\\/egri-csillag-superior-2022-and-madagascan-milk-chocolate-masolat\\\/\"]}]},{\"@type\":\"ImageObject\",\"inLanguage\":\"en-US\",\"@id\":\"https:\\\/\\\/tothferencpinceszet.hu\\\/termek\\\/egri-csillag-superior-2022-and-madagascan-milk-chocolate-masolat\\\/#primaryimage\",\"url\":\"https:\\\/\\\/tothferencpinceszet.hu\\\/wp-content\\\/uploads\\\/2025\\\/07\\\/ecssup23_madagaszkar@1200.png\",\"contentUrl\":\"https:\\\/\\\/tothferencpinceszet.hu\\\/wp-content\\\/uploads\\\/2025\\\/07\\\/ecssup23_madagaszkar@1200.png\",\"width\":1200,\"height\":1200,\"caption\":\"Egri Csillag Superior 2023 \u00e9s Madagaszk\u00e1ri Tejcsokol\u00e1d\u00e9\"},{\"@type\":\"BreadcrumbList\",\"@id\":\"https:\\\/\\\/tothferencpinceszet.hu\\\/termek\\\/egri-csillag-superior-2022-and-madagascan-milk-chocolate-masolat\\\/#breadcrumb\",\"itemListElement\":[{\"@type\":\"ListItem\",\"position\":1,\"name\":\"Kezd\u0151lap\",\"item\":\"https:\\\/\\\/tothferencpinceszet.hu\\\/en\\\/\"},{\"@type\":\"ListItem\",\"position\":2,\"name\":\"Shop\",\"item\":\"https:\\\/\\\/tothferencpinceszet.hu\\\/en\\\/shop\\\/\"},{\"@type\":\"ListItem\",\"position\":3,\"name\":\"Egri Csillag Superior 2023 and Madagascan Milk Chocolate (m\u00e1solat)\"}]},{\"@type\":\"WebSite\",\"@id\":\"https:\\\/\\\/tothferencpinceszet.hu\\\/#website\",\"url\":\"https:\\\/\\\/tothferencpinceszet.hu\\\/\",\"name\":\"T\u00f3th Ferenc Pinc\u00e9szet\",\"description\":\"40 \u00e9ve az Egri Borvid\u00e9ken\",\"publisher\":{\"@id\":\"https:\\\/\\\/tothferencpinceszet.hu\\\/#organization\"},\"potentialAction\":[{\"@type\":\"SearchAction\",\"target\":{\"@type\":\"EntryPoint\",\"urlTemplate\":\"https:\\\/\\\/tothferencpinceszet.hu\\\/?s={search_term_string}\"},\"query-input\":{\"@type\":\"PropertyValueSpecification\",\"valueRequired\":true,\"valueName\":\"search_term_string\"}}],\"inLanguage\":\"en-US\"},{\"@type\":\"Organization\",\"@id\":\"https:\\\/\\\/tothferencpinceszet.hu\\\/#organization\",\"name\":\"T\u00f3th Ferenc Pinc\u00e9szet\",\"url\":\"https:\\\/\\\/tothferencpinceszet.hu\\\/\",\"logo\":{\"@type\":\"ImageObject\",\"inLanguage\":\"en-US\",\"@id\":\"https:\\\/\\\/tothferencpinceszet.hu\\\/#\\\/schema\\\/logo\\\/image\\\/\",\"url\":\"https:\\\/\\\/tothferencpinceszet.hu\\\/wp-content\\\/uploads\\\/2022\\\/11\\\/cropped-tfp_logo_dark4x.png\",\"contentUrl\":\"https:\\\/\\\/tothferencpinceszet.hu\\\/wp-content\\\/uploads\\\/2022\\\/11\\\/cropped-tfp_logo_dark4x.png\",\"width\":1294,\"height\":679,\"caption\":\"T\u00f3th Ferenc Pinc\u00e9szet\"},\"image\":{\"@id\":\"https:\\\/\\\/tothferencpinceszet.hu\\\/#\\\/schema\\\/logo\\\/image\\\/\"}}]}<\/script>\n<!-- \/ Yoast SEO plugin. -->","yoast_head_json":{"title":"Egri Csillag Superior 2023 and Madagascan Milk Chocolate (m\u00e1solat) - T\u00f3th Ferenc Pinc\u00e9szet","robots":{"index":"index","follow":"follow","max-snippet":"max-snippet:-1","max-image-preview":"max-image-preview:large","max-video-preview":"max-video-preview:-1"},"canonical":"https:\/\/tothferencpinceszet.hu\/termek\/egri-csillag-superior-2022-and-madagascan-milk-chocolate-masolat\/","og_locale":"en_US","og_type":"article","og_title":"Egri Csillag Superior 2023 and Madagascan Milk Chocolate (m\u00e1solat) - T\u00f3th Ferenc Pinc\u00e9szet","og_description":"The richly flavoured blend and the chocolate with deep taste make a colourful combination. It is always a challenge to taste chocolate with white wine but the cassis-balsamic, fruit-flavoured chocolate that accompanies the wine is an excellent companion to this fresh, pleasant wine. The lime-honey-peach citrus flavours that emerge in the Csillag are enhanced by the chocolate. The crispness of the cocoa bean curd is a pleasure to the taster in itself but also adds an exciting liqueur wine character. Youthful flavours characterise both the chocolate and the wine. The pairing finishes with lovely acidity, lively flavours and exciting fruit notes.","og_url":"https:\/\/tothferencpinceszet.hu\/termek\/egri-csillag-superior-2022-and-madagascan-milk-chocolate-masolat\/","og_site_name":"T\u00f3th Ferenc Pinc\u00e9szet","article_modified_time":"2025-07-16T06:14:48+00:00","og_image":[{"width":1200,"height":1200,"url":"https:\/\/tothferencpinceszet.hu\/wp-content\/uploads\/2025\/07\/ecssup23_madagaszkar@1200.png","type":"image\/png"}],"twitter_card":"summary_large_image","schema":{"@context":"https:\/\/schema.org","@graph":[{"@type":"WebPage","@id":"https:\/\/tothferencpinceszet.hu\/termek\/egri-csillag-superior-2022-and-madagascan-milk-chocolate-masolat\/","url":"https:\/\/tothferencpinceszet.hu\/termek\/egri-csillag-superior-2022-and-madagascan-milk-chocolate-masolat\/","name":"Egri Csillag Superior 2023 and Madagascan Milk Chocolate (m\u00e1solat) - T\u00f3th Ferenc Pinc\u00e9szet","isPartOf":{"@id":"https:\/\/tothferencpinceszet.hu\/#website"},"primaryImageOfPage":{"@id":"https:\/\/tothferencpinceszet.hu\/termek\/egri-csillag-superior-2022-and-madagascan-milk-chocolate-masolat\/#primaryimage"},"image":{"@id":"https:\/\/tothferencpinceszet.hu\/termek\/egri-csillag-superior-2022-and-madagascan-milk-chocolate-masolat\/#primaryimage"},"thumbnailUrl":"https:\/\/tothferencpinceszet.hu\/wp-content\/uploads\/2025\/07\/ecssup23_madagaszkar@1200.png","datePublished":"2025-07-16T05:59:53+00:00","dateModified":"2025-07-16T06:14:48+00:00","breadcrumb":{"@id":"https:\/\/tothferencpinceszet.hu\/termek\/egri-csillag-superior-2022-and-madagascan-milk-chocolate-masolat\/#breadcrumb"},"inLanguage":"en-US","potentialAction":[{"@type":"ReadAction","target":["https:\/\/tothferencpinceszet.hu\/termek\/egri-csillag-superior-2022-and-madagascan-milk-chocolate-masolat\/"]}]},{"@type":"ImageObject","inLanguage":"en-US","@id":"https:\/\/tothferencpinceszet.hu\/termek\/egri-csillag-superior-2022-and-madagascan-milk-chocolate-masolat\/#primaryimage","url":"https:\/\/tothferencpinceszet.hu\/wp-content\/uploads\/2025\/07\/ecssup23_madagaszkar@1200.png","contentUrl":"https:\/\/tothferencpinceszet.hu\/wp-content\/uploads\/2025\/07\/ecssup23_madagaszkar@1200.png","width":1200,"height":1200,"caption":"Egri Csillag Superior 2023 \u00e9s Madagaszk\u00e1ri Tejcsokol\u00e1d\u00e9"},{"@type":"BreadcrumbList","@id":"https:\/\/tothferencpinceszet.hu\/termek\/egri-csillag-superior-2022-and-madagascan-milk-chocolate-masolat\/#breadcrumb","itemListElement":[{"@type":"ListItem","position":1,"name":"Kezd\u0151lap","item":"https:\/\/tothferencpinceszet.hu\/en\/"},{"@type":"ListItem","position":2,"name":"Shop","item":"https:\/\/tothferencpinceszet.hu\/en\/shop\/"},{"@type":"ListItem","position":3,"name":"Egri Csillag Superior 2023 and Madagascan Milk Chocolate (m\u00e1solat)"}]},{"@type":"WebSite","@id":"https:\/\/tothferencpinceszet.hu\/#website","url":"https:\/\/tothferencpinceszet.hu\/","name":"T\u00f3th Ferenc Pinc\u00e9szet","description":"40 \u00e9ve az Egri Borvid\u00e9ken","publisher":{"@id":"https:\/\/tothferencpinceszet.hu\/#organization"},"potentialAction":[{"@type":"SearchAction","target":{"@type":"EntryPoint","urlTemplate":"https:\/\/tothferencpinceszet.hu\/?s={search_term_string}"},"query-input":{"@type":"PropertyValueSpecification","valueRequired":true,"valueName":"search_term_string"}}],"inLanguage":"en-US"},{"@type":"Organization","@id":"https:\/\/tothferencpinceszet.hu\/#organization","name":"T\u00f3th Ferenc Pinc\u00e9szet","url":"https:\/\/tothferencpinceszet.hu\/","logo":{"@type":"ImageObject","inLanguage":"en-US","@id":"https:\/\/tothferencpinceszet.hu\/#\/schema\/logo\/image\/","url":"https:\/\/tothferencpinceszet.hu\/wp-content\/uploads\/2022\/11\/cropped-tfp_logo_dark4x.png","contentUrl":"https:\/\/tothferencpinceszet.hu\/wp-content\/uploads\/2022\/11\/cropped-tfp_logo_dark4x.png","width":1294,"height":679,"caption":"T\u00f3th Ferenc Pinc\u00e9szet"},"image":{"@id":"https:\/\/tothferencpinceszet.hu\/#\/schema\/logo\/image\/"}}]}},"_links":{"self":[{"href":"https:\/\/tothferencpinceszet.hu\/en\/wp-json\/wp\/v2\/product\/19816","targetHints":{"allow":["GET"]}}],"collection":[{"href":"https:\/\/tothferencpinceszet.hu\/en\/wp-json\/wp\/v2\/product"}],"about":[{"href":"https:\/\/tothferencpinceszet.hu\/en\/wp-json\/wp\/v2\/types\/product"}],"version-history":[{"count":0,"href":"https:\/\/tothferencpinceszet.hu\/en\/wp-json\/wp\/v2\/product\/19816\/revisions"}],"wp:featuredmedia":[{"embeddable":true,"href":"https:\/\/tothferencpinceszet.hu\/en\/wp-json\/wp\/v2\/media\/19818"}],"wp:attachment":[{"href":"https:\/\/tothferencpinceszet.hu\/en\/wp-json\/wp\/v2\/media?parent=19816"}],"wp:term":[{"taxonomy":"product_brand","embeddable":true,"href":"https:\/\/tothferencpinceszet.hu\/en\/wp-json\/wp\/v2\/product_brand?post=19816"},{"taxonomy":"product_cat","embeddable":true,"href":"https:\/\/tothferencpinceszet.hu\/en\/wp-json\/wp\/v2\/product_cat?post=19816"},{"taxonomy":"product_tag","embeddable":true,"href":"https:\/\/tothferencpinceszet.hu\/en\/wp-json\/wp\/v2\/product_tag?post=19816"}],"curies":[{"name":"wp","href":"https:\/\/api.w.org\/{rel}","templated":true}]}}