{"id":17674,"date":"2024-01-31T10:33:01","date_gmt":"2024-01-31T09:33:01","guid":{"rendered":"https:\/\/tothferencpinceszet.hu\/?post_type=product&#038;p=17674"},"modified":"2025-12-09T23:49:56","modified_gmt":"2025-12-09T22:49:56","slug":"unmatched-pair-superior","status":"publish","type":"product","link":"https:\/\/tothferencpinceszet.hu\/en\/termek\/unmatched-pair-superior\/","title":{"rendered":"Unmatched Pair &#8211; Superior"},"content":{"rendered":"","protected":false},"excerpt":{"rendered":"<p>Our wine pairing includes two Superior blends from the Eger Wine Region: Egri Csillag Superior 2023 and Egri Bikav\u00e9r Superior 2022. Comes with a gift box!<\/p>\n","protected":false},"featured_media":20184,"template":"","meta":{"_jet_sm_ready_style":"","_jet_sm_style":"","_jet_sm_controls_values":"","_jet_sm_fonts_collection":"","_jet_sm_fonts_links":""},"product_brand":[],"product_cat":[136,104],"product_tag":[],"class_list":{"0":"post-17674","1":"product","2":"type-product","3":"status-publish","4":"has-post-thumbnail","6":"product_cat-christmas","7":"product_cat-selections","9":"first","10":"instock","11":"shipping-taxable","12":"purchasable","13":"product-type-simple"},"yoast_head":"<!-- This site is optimized with the Yoast SEO plugin v27.4 - https:\/\/yoast.com\/product\/yoast-seo-wordpress\/ -->\n<title>Unmatched Pair - Superior - T\u00f3th Ferenc Pinc\u00e9szet<\/title>\n<meta name=\"robots\" content=\"index, follow, max-snippet:-1, max-image-preview:large, max-video-preview:-1\" \/>\n<link rel=\"canonical\" href=\"https:\/\/tothferencpinceszet.hu\/en\/termek\/unmatched-pair-superior\/\" \/>\n<meta property=\"og:locale\" content=\"en_US\" \/>\n<meta property=\"og:type\" content=\"article\" \/>\n<meta property=\"og:title\" content=\"Unmatched Pair - Superior - T\u00f3th Ferenc Pinc\u00e9szet\" \/>\n<meta property=\"og:description\" content=\"Our wine pairing includes two Superior blends from the Eger Wine Region: Egri Csillag Superior 2023 and Egri Bikav\u00e9r Superior 2022. Comes with a gift box!\" \/>\n<meta property=\"og:url\" content=\"https:\/\/tothferencpinceszet.hu\/en\/termek\/unmatched-pair-superior\/\" \/>\n<meta property=\"og:site_name\" content=\"T\u00f3th Ferenc Pinc\u00e9szet\" \/>\n<meta property=\"article:modified_time\" content=\"2025-12-09T22:49:56+00:00\" \/>\n<meta property=\"og:image\" content=\"https:\/\/tothferencpinceszet.hu\/wp-content\/uploads\/2024\/01\/paros_superior@1200.png\" \/>\n\t<meta property=\"og:image:width\" content=\"1200\" \/>\n\t<meta property=\"og:image:height\" content=\"1200\" \/>\n\t<meta property=\"og:image:type\" content=\"image\/png\" \/>\n<meta name=\"twitter:card\" content=\"summary_large_image\" \/>\n<meta name=\"twitter:label1\" content=\"Est. reading time\" \/>\n\t<meta name=\"twitter:data1\" content=\"1 minute\" \/>\n<script type=\"application\/ld+json\" class=\"yoast-schema-graph\">{\"@context\":\"https:\\\/\\\/schema.org\",\"@graph\":[{\"@type\":\"WebPage\",\"@id\":\"https:\\\/\\\/tothferencpinceszet.hu\\\/en\\\/termek\\\/unmatched-pair-superior\\\/\",\"url\":\"https:\\\/\\\/tothferencpinceszet.hu\\\/en\\\/termek\\\/unmatched-pair-superior\\\/\",\"name\":\"Unmatched Pair - Superior - T\u00f3th Ferenc Pinc\u00e9szet\",\"isPartOf\":{\"@id\":\"https:\\\/\\\/tothferencpinceszet.hu\\\/#website\"},\"primaryImageOfPage\":{\"@id\":\"https:\\\/\\\/tothferencpinceszet.hu\\\/en\\\/termek\\\/unmatched-pair-superior\\\/#primaryimage\"},\"image\":{\"@id\":\"https:\\\/\\\/tothferencpinceszet.hu\\\/en\\\/termek\\\/unmatched-pair-superior\\\/#primaryimage\"},\"thumbnailUrl\":\"https:\\\/\\\/tothferencpinceszet.hu\\\/wp-content\\\/uploads\\\/2024\\\/01\\\/paros_superior@1200.png\",\"datePublished\":\"2024-01-31T09:33:01+00:00\",\"dateModified\":\"2025-12-09T22:49:56+00:00\",\"breadcrumb\":{\"@id\":\"https:\\\/\\\/tothferencpinceszet.hu\\\/en\\\/termek\\\/unmatched-pair-superior\\\/#breadcrumb\"},\"inLanguage\":\"en-US\",\"potentialAction\":[{\"@type\":\"ReadAction\",\"target\":[\"https:\\\/\\\/tothferencpinceszet.hu\\\/en\\\/termek\\\/unmatched-pair-superior\\\/\"]}]},{\"@type\":\"ImageObject\",\"inLanguage\":\"en-US\",\"@id\":\"https:\\\/\\\/tothferencpinceszet.hu\\\/en\\\/termek\\\/unmatched-pair-superior\\\/#primaryimage\",\"url\":\"https:\\\/\\\/tothferencpinceszet.hu\\\/wp-content\\\/uploads\\\/2024\\\/01\\\/paros_superior@1200.png\",\"contentUrl\":\"https:\\\/\\\/tothferencpinceszet.hu\\\/wp-content\\\/uploads\\\/2024\\\/01\\\/paros_superior@1200.png\",\"width\":1200,\"height\":1200,\"caption\":\"P\u00e1ratlan P\u00e1ros - Superior csomag\"},{\"@type\":\"BreadcrumbList\",\"@id\":\"https:\\\/\\\/tothferencpinceszet.hu\\\/en\\\/termek\\\/unmatched-pair-superior\\\/#breadcrumb\",\"itemListElement\":[{\"@type\":\"ListItem\",\"position\":1,\"name\":\"Kezd\u0151lap\",\"item\":\"https:\\\/\\\/tothferencpinceszet.hu\\\/en\\\/\"},{\"@type\":\"ListItem\",\"position\":2,\"name\":\"Shop\",\"item\":\"https:\\\/\\\/tothferencpinceszet.hu\\\/en\\\/shop\\\/\"},{\"@type\":\"ListItem\",\"position\":3,\"name\":\"Unmatched Pair &#8211; Superior\"}]},{\"@type\":\"WebSite\",\"@id\":\"https:\\\/\\\/tothferencpinceszet.hu\\\/#website\",\"url\":\"https:\\\/\\\/tothferencpinceszet.hu\\\/\",\"name\":\"T\u00f3th Ferenc Pinc\u00e9szet\",\"description\":\"40 \u00e9ve az Egri Borvid\u00e9ken\",\"publisher\":{\"@id\":\"https:\\\/\\\/tothferencpinceszet.hu\\\/#organization\"},\"potentialAction\":[{\"@type\":\"SearchAction\",\"target\":{\"@type\":\"EntryPoint\",\"urlTemplate\":\"https:\\\/\\\/tothferencpinceszet.hu\\\/?s={search_term_string}\"},\"query-input\":{\"@type\":\"PropertyValueSpecification\",\"valueRequired\":true,\"valueName\":\"search_term_string\"}}],\"inLanguage\":\"en-US\"},{\"@type\":\"Organization\",\"@id\":\"https:\\\/\\\/tothferencpinceszet.hu\\\/#organization\",\"name\":\"T\u00f3th Ferenc Pinc\u00e9szet\",\"url\":\"https:\\\/\\\/tothferencpinceszet.hu\\\/\",\"logo\":{\"@type\":\"ImageObject\",\"inLanguage\":\"en-US\",\"@id\":\"https:\\\/\\\/tothferencpinceszet.hu\\\/#\\\/schema\\\/logo\\\/image\\\/\",\"url\":\"https:\\\/\\\/tothferencpinceszet.hu\\\/wp-content\\\/uploads\\\/2022\\\/11\\\/cropped-tfp_logo_dark4x.png\",\"contentUrl\":\"https:\\\/\\\/tothferencpinceszet.hu\\\/wp-content\\\/uploads\\\/2022\\\/11\\\/cropped-tfp_logo_dark4x.png\",\"width\":1294,\"height\":679,\"caption\":\"T\u00f3th Ferenc Pinc\u00e9szet\"},\"image\":{\"@id\":\"https:\\\/\\\/tothferencpinceszet.hu\\\/#\\\/schema\\\/logo\\\/image\\\/\"}}]}<\/script>\n<!-- \/ Yoast SEO plugin. -->","yoast_head_json":{"title":"Unmatched Pair - Superior - T\u00f3th Ferenc Pinc\u00e9szet","robots":{"index":"index","follow":"follow","max-snippet":"max-snippet:-1","max-image-preview":"max-image-preview:large","max-video-preview":"max-video-preview:-1"},"canonical":"https:\/\/tothferencpinceszet.hu\/en\/termek\/unmatched-pair-superior\/","og_locale":"en_US","og_type":"article","og_title":"Unmatched Pair - Superior - T\u00f3th Ferenc Pinc\u00e9szet","og_description":"Our wine pairing includes two Superior blends from the Eger Wine Region: Egri Csillag Superior 2023 and Egri Bikav\u00e9r Superior 2022. Comes with a gift box!","og_url":"https:\/\/tothferencpinceszet.hu\/en\/termek\/unmatched-pair-superior\/","og_site_name":"T\u00f3th Ferenc Pinc\u00e9szet","article_modified_time":"2025-12-09T22:49:56+00:00","og_image":[{"width":1200,"height":1200,"url":"https:\/\/tothferencpinceszet.hu\/wp-content\/uploads\/2024\/01\/paros_superior@1200.png","type":"image\/png"}],"twitter_card":"summary_large_image","twitter_misc":{"Est. reading time":"1 minute"},"schema":{"@context":"https:\/\/schema.org","@graph":[{"@type":"WebPage","@id":"https:\/\/tothferencpinceszet.hu\/en\/termek\/unmatched-pair-superior\/","url":"https:\/\/tothferencpinceszet.hu\/en\/termek\/unmatched-pair-superior\/","name":"Unmatched Pair - Superior - T\u00f3th Ferenc Pinc\u00e9szet","isPartOf":{"@id":"https:\/\/tothferencpinceszet.hu\/#website"},"primaryImageOfPage":{"@id":"https:\/\/tothferencpinceszet.hu\/en\/termek\/unmatched-pair-superior\/#primaryimage"},"image":{"@id":"https:\/\/tothferencpinceszet.hu\/en\/termek\/unmatched-pair-superior\/#primaryimage"},"thumbnailUrl":"https:\/\/tothferencpinceszet.hu\/wp-content\/uploads\/2024\/01\/paros_superior@1200.png","datePublished":"2024-01-31T09:33:01+00:00","dateModified":"2025-12-09T22:49:56+00:00","breadcrumb":{"@id":"https:\/\/tothferencpinceszet.hu\/en\/termek\/unmatched-pair-superior\/#breadcrumb"},"inLanguage":"en-US","potentialAction":[{"@type":"ReadAction","target":["https:\/\/tothferencpinceszet.hu\/en\/termek\/unmatched-pair-superior\/"]}]},{"@type":"ImageObject","inLanguage":"en-US","@id":"https:\/\/tothferencpinceszet.hu\/en\/termek\/unmatched-pair-superior\/#primaryimage","url":"https:\/\/tothferencpinceszet.hu\/wp-content\/uploads\/2024\/01\/paros_superior@1200.png","contentUrl":"https:\/\/tothferencpinceszet.hu\/wp-content\/uploads\/2024\/01\/paros_superior@1200.png","width":1200,"height":1200,"caption":"P\u00e1ratlan P\u00e1ros - Superior csomag"},{"@type":"BreadcrumbList","@id":"https:\/\/tothferencpinceszet.hu\/en\/termek\/unmatched-pair-superior\/#breadcrumb","itemListElement":[{"@type":"ListItem","position":1,"name":"Kezd\u0151lap","item":"https:\/\/tothferencpinceszet.hu\/en\/"},{"@type":"ListItem","position":2,"name":"Shop","item":"https:\/\/tothferencpinceszet.hu\/en\/shop\/"},{"@type":"ListItem","position":3,"name":"Unmatched Pair &#8211; Superior"}]},{"@type":"WebSite","@id":"https:\/\/tothferencpinceszet.hu\/#website","url":"https:\/\/tothferencpinceszet.hu\/","name":"T\u00f3th Ferenc Pinc\u00e9szet","description":"40 \u00e9ve az Egri Borvid\u00e9ken","publisher":{"@id":"https:\/\/tothferencpinceszet.hu\/#organization"},"potentialAction":[{"@type":"SearchAction","target":{"@type":"EntryPoint","urlTemplate":"https:\/\/tothferencpinceszet.hu\/?s={search_term_string}"},"query-input":{"@type":"PropertyValueSpecification","valueRequired":true,"valueName":"search_term_string"}}],"inLanguage":"en-US"},{"@type":"Organization","@id":"https:\/\/tothferencpinceszet.hu\/#organization","name":"T\u00f3th Ferenc Pinc\u00e9szet","url":"https:\/\/tothferencpinceszet.hu\/","logo":{"@type":"ImageObject","inLanguage":"en-US","@id":"https:\/\/tothferencpinceszet.hu\/#\/schema\/logo\/image\/","url":"https:\/\/tothferencpinceszet.hu\/wp-content\/uploads\/2022\/11\/cropped-tfp_logo_dark4x.png","contentUrl":"https:\/\/tothferencpinceszet.hu\/wp-content\/uploads\/2022\/11\/cropped-tfp_logo_dark4x.png","width":1294,"height":679,"caption":"T\u00f3th Ferenc Pinc\u00e9szet"},"image":{"@id":"https:\/\/tothferencpinceszet.hu\/#\/schema\/logo\/image\/"}}]}},"_links":{"self":[{"href":"https:\/\/tothferencpinceszet.hu\/en\/wp-json\/wp\/v2\/product\/17674","targetHints":{"allow":["GET"]}}],"collection":[{"href":"https:\/\/tothferencpinceszet.hu\/en\/wp-json\/wp\/v2\/product"}],"about":[{"href":"https:\/\/tothferencpinceszet.hu\/en\/wp-json\/wp\/v2\/types\/product"}],"version-history":[{"count":3,"href":"https:\/\/tothferencpinceszet.hu\/en\/wp-json\/wp\/v2\/product\/17674\/revisions"}],"predecessor-version":[{"id":20556,"href":"https:\/\/tothferencpinceszet.hu\/en\/wp-json\/wp\/v2\/product\/17674\/revisions\/20556"}],"wp:featuredmedia":[{"embeddable":true,"href":"https:\/\/tothferencpinceszet.hu\/en\/wp-json\/wp\/v2\/media\/20184"}],"wp:attachment":[{"href":"https:\/\/tothferencpinceszet.hu\/en\/wp-json\/wp\/v2\/media?parent=17674"}],"wp:term":[{"taxonomy":"product_brand","embeddable":true,"href":"https:\/\/tothferencpinceszet.hu\/en\/wp-json\/wp\/v2\/product_brand?post=17674"},{"taxonomy":"product_cat","embeddable":true,"href":"https:\/\/tothferencpinceszet.hu\/en\/wp-json\/wp\/v2\/product_cat?post=17674"},{"taxonomy":"product_tag","embeddable":true,"href":"https:\/\/tothferencpinceszet.hu\/en\/wp-json\/wp\/v2\/product_tag?post=17674"}],"curies":[{"name":"wp","href":"https:\/\/api.w.org\/{rel}","templated":true}]}}