{"id":17428,"date":"2023-11-13T09:43:18","date_gmt":"2023-11-13T08:43:18","guid":{"rendered":"https:\/\/tothferencpinceszet.hu\/?post_type=product&#038;p=17428"},"modified":"2024-01-12T13:46:23","modified_gmt":"2024-01-12T12:46:23","slug":"egri-kadarka-2021-and-milk-chocolate-cherry-dragee-with-almonds-2","status":"publish","type":"product","link":"https:\/\/tothferencpinceszet.hu\/en\/termek\/egri-kadarka-2021-and-milk-chocolate-cherry-dragee-with-almonds-2\/","title":{"rendered":"Egri Kadarka 2021 and milk chocolate cherry drag\u00e9e with almonds"},"content":{"rendered":"","protected":false},"excerpt":{"rendered":"<p>Milk chocolate cherry drag\u00e9e with almonds: dried cherries, cane sugar, cocoa butter, milk powder, cocoa beans, sunflower lecithin, almond extract, almond powder.<\/p>\n","protected":false},"featured_media":18904,"template":"","meta":{"_jet_sm_ready_style":"","_jet_sm_style":"","_jet_sm_controls_values":"","_jet_sm_fonts_collection":"","_jet_sm_fonts_links":""},"product_brand":[],"product_cat":[107],"product_tag":[],"class_list":{"0":"post-17428","1":"product","2":"type-product","3":"status-publish","4":"has-post-thumbnail","6":"product_cat-chocolates","8":"first","9":"instock","10":"shipping-taxable","11":"purchasable","12":"product-type-simple"},"yoast_head":"<!-- This site is optimized with the Yoast SEO plugin v27.4 - https:\/\/yoast.com\/product\/yoast-seo-wordpress\/ -->\n<title>Egri Kadarka 2021 and milk chocolate cherry drag\u00e9e with almonds - T\u00f3th Ferenc Pinc\u00e9szet<\/title>\n<meta name=\"robots\" content=\"index, follow, max-snippet:-1, max-image-preview:large, max-video-preview:-1\" \/>\n<link rel=\"canonical\" href=\"https:\/\/tothferencpinceszet.hu\/termek\/egri-kadarka-2022-es-kesudio-drazse\/\" \/>\n<meta property=\"og:locale\" content=\"en_US\" \/>\n<meta property=\"og:type\" content=\"article\" \/>\n<meta property=\"og:title\" content=\"Egri Kadarka 2021 and milk chocolate cherry drag\u00e9e with almonds - T\u00f3th Ferenc Pinc\u00e9szet\" \/>\n<meta property=\"og:description\" content=\"Milk chocolate cherry drag\u00e9e with almonds: dried cherries, cane sugar, cocoa butter, milk powder, cocoa beans, sunflower lecithin, almond extract, almond powder.\" \/>\n<meta property=\"og:url\" content=\"https:\/\/tothferencpinceszet.hu\/termek\/egri-kadarka-2022-es-kesudio-drazse\/\" \/>\n<meta property=\"og:site_name\" content=\"T\u00f3th Ferenc Pinc\u00e9szet\" \/>\n<meta property=\"article:modified_time\" content=\"2024-01-12T12:46:23+00:00\" \/>\n<meta property=\"og:image\" content=\"https:\/\/tothferencpinceszet.hu\/wp-content\/uploads\/2023\/11\/kadarka_22_kesudio@1200.png\" \/>\n\t<meta property=\"og:image:width\" content=\"1200\" \/>\n\t<meta property=\"og:image:height\" content=\"1200\" \/>\n\t<meta property=\"og:image:type\" content=\"image\/png\" \/>\n<meta name=\"twitter:card\" content=\"summary_large_image\" \/>\n<script type=\"application\/ld+json\" class=\"yoast-schema-graph\">{\"@context\":\"https:\\\/\\\/schema.org\",\"@graph\":[{\"@type\":\"WebPage\",\"@id\":\"https:\\\/\\\/tothferencpinceszet.hu\\\/termek\\\/egri-kadarka-2022-es-kesudio-drazse\\\/\",\"url\":\"https:\\\/\\\/tothferencpinceszet.hu\\\/termek\\\/egri-kadarka-2022-es-kesudio-drazse\\\/\",\"name\":\"Egri Kadarka 2021 and milk chocolate cherry drag\u00e9e with almonds - T\u00f3th Ferenc Pinc\u00e9szet\",\"isPartOf\":{\"@id\":\"https:\\\/\\\/tothferencpinceszet.hu\\\/#website\"},\"primaryImageOfPage\":{\"@id\":\"https:\\\/\\\/tothferencpinceszet.hu\\\/termek\\\/egri-kadarka-2022-es-kesudio-drazse\\\/#primaryimage\"},\"image\":{\"@id\":\"https:\\\/\\\/tothferencpinceszet.hu\\\/termek\\\/egri-kadarka-2022-es-kesudio-drazse\\\/#primaryimage\"},\"thumbnailUrl\":\"https:\\\/\\\/tothferencpinceszet.hu\\\/wp-content\\\/uploads\\\/2023\\\/11\\\/kadarka_22_kesudio@1200.png\",\"datePublished\":\"2023-11-13T08:43:18+00:00\",\"dateModified\":\"2024-01-12T12:46:23+00:00\",\"breadcrumb\":{\"@id\":\"https:\\\/\\\/tothferencpinceszet.hu\\\/termek\\\/egri-kadarka-2022-es-kesudio-drazse\\\/#breadcrumb\"},\"inLanguage\":\"en-US\",\"potentialAction\":[{\"@type\":\"ReadAction\",\"target\":[\"https:\\\/\\\/tothferencpinceszet.hu\\\/termek\\\/egri-kadarka-2022-es-kesudio-drazse\\\/\"]}]},{\"@type\":\"ImageObject\",\"inLanguage\":\"en-US\",\"@id\":\"https:\\\/\\\/tothferencpinceszet.hu\\\/termek\\\/egri-kadarka-2022-es-kesudio-drazse\\\/#primaryimage\",\"url\":\"https:\\\/\\\/tothferencpinceszet.hu\\\/wp-content\\\/uploads\\\/2023\\\/11\\\/kadarka_22_kesudio@1200.png\",\"contentUrl\":\"https:\\\/\\\/tothferencpinceszet.hu\\\/wp-content\\\/uploads\\\/2023\\\/11\\\/kadarka_22_kesudio@1200.png\",\"width\":1200,\"height\":1200},{\"@type\":\"BreadcrumbList\",\"@id\":\"https:\\\/\\\/tothferencpinceszet.hu\\\/termek\\\/egri-kadarka-2022-es-kesudio-drazse\\\/#breadcrumb\",\"itemListElement\":[{\"@type\":\"ListItem\",\"position\":1,\"name\":\"Kezd\u0151lap\",\"item\":\"https:\\\/\\\/tothferencpinceszet.hu\\\/en\\\/\"},{\"@type\":\"ListItem\",\"position\":2,\"name\":\"Shop\",\"item\":\"https:\\\/\\\/tothferencpinceszet.hu\\\/en\\\/shop\\\/\"},{\"@type\":\"ListItem\",\"position\":3,\"name\":\"Egri Kadarka 2021 and milk chocolate cherry drag\u00e9e with almonds\"}]},{\"@type\":\"WebSite\",\"@id\":\"https:\\\/\\\/tothferencpinceszet.hu\\\/#website\",\"url\":\"https:\\\/\\\/tothferencpinceszet.hu\\\/\",\"name\":\"T\u00f3th Ferenc Pinc\u00e9szet\",\"description\":\"40 \u00e9ve az Egri Borvid\u00e9ken\",\"publisher\":{\"@id\":\"https:\\\/\\\/tothferencpinceszet.hu\\\/#organization\"},\"potentialAction\":[{\"@type\":\"SearchAction\",\"target\":{\"@type\":\"EntryPoint\",\"urlTemplate\":\"https:\\\/\\\/tothferencpinceszet.hu\\\/?s={search_term_string}\"},\"query-input\":{\"@type\":\"PropertyValueSpecification\",\"valueRequired\":true,\"valueName\":\"search_term_string\"}}],\"inLanguage\":\"en-US\"},{\"@type\":\"Organization\",\"@id\":\"https:\\\/\\\/tothferencpinceszet.hu\\\/#organization\",\"name\":\"T\u00f3th Ferenc Pinc\u00e9szet\",\"url\":\"https:\\\/\\\/tothferencpinceszet.hu\\\/\",\"logo\":{\"@type\":\"ImageObject\",\"inLanguage\":\"en-US\",\"@id\":\"https:\\\/\\\/tothferencpinceszet.hu\\\/#\\\/schema\\\/logo\\\/image\\\/\",\"url\":\"https:\\\/\\\/tothferencpinceszet.hu\\\/wp-content\\\/uploads\\\/2022\\\/11\\\/cropped-tfp_logo_dark4x.png\",\"contentUrl\":\"https:\\\/\\\/tothferencpinceszet.hu\\\/wp-content\\\/uploads\\\/2022\\\/11\\\/cropped-tfp_logo_dark4x.png\",\"width\":1294,\"height\":679,\"caption\":\"T\u00f3th Ferenc Pinc\u00e9szet\"},\"image\":{\"@id\":\"https:\\\/\\\/tothferencpinceszet.hu\\\/#\\\/schema\\\/logo\\\/image\\\/\"}}]}<\/script>\n<!-- \/ Yoast SEO plugin. -->","yoast_head_json":{"title":"Egri Kadarka 2021 and milk chocolate cherry drag\u00e9e with almonds - T\u00f3th Ferenc Pinc\u00e9szet","robots":{"index":"index","follow":"follow","max-snippet":"max-snippet:-1","max-image-preview":"max-image-preview:large","max-video-preview":"max-video-preview:-1"},"canonical":"https:\/\/tothferencpinceszet.hu\/termek\/egri-kadarka-2022-es-kesudio-drazse\/","og_locale":"en_US","og_type":"article","og_title":"Egri Kadarka 2021 and milk chocolate cherry drag\u00e9e with almonds - T\u00f3th Ferenc Pinc\u00e9szet","og_description":"Milk chocolate cherry drag\u00e9e with almonds: dried cherries, cane sugar, cocoa butter, milk powder, cocoa beans, sunflower lecithin, almond extract, almond powder.","og_url":"https:\/\/tothferencpinceszet.hu\/termek\/egri-kadarka-2022-es-kesudio-drazse\/","og_site_name":"T\u00f3th Ferenc Pinc\u00e9szet","article_modified_time":"2024-01-12T12:46:23+00:00","og_image":[{"width":1200,"height":1200,"url":"https:\/\/tothferencpinceszet.hu\/wp-content\/uploads\/2023\/11\/kadarka_22_kesudio@1200.png","type":"image\/png"}],"twitter_card":"summary_large_image","schema":{"@context":"https:\/\/schema.org","@graph":[{"@type":"WebPage","@id":"https:\/\/tothferencpinceszet.hu\/termek\/egri-kadarka-2022-es-kesudio-drazse\/","url":"https:\/\/tothferencpinceszet.hu\/termek\/egri-kadarka-2022-es-kesudio-drazse\/","name":"Egri Kadarka 2021 and milk chocolate cherry drag\u00e9e with almonds - T\u00f3th Ferenc Pinc\u00e9szet","isPartOf":{"@id":"https:\/\/tothferencpinceszet.hu\/#website"},"primaryImageOfPage":{"@id":"https:\/\/tothferencpinceszet.hu\/termek\/egri-kadarka-2022-es-kesudio-drazse\/#primaryimage"},"image":{"@id":"https:\/\/tothferencpinceszet.hu\/termek\/egri-kadarka-2022-es-kesudio-drazse\/#primaryimage"},"thumbnailUrl":"https:\/\/tothferencpinceszet.hu\/wp-content\/uploads\/2023\/11\/kadarka_22_kesudio@1200.png","datePublished":"2023-11-13T08:43:18+00:00","dateModified":"2024-01-12T12:46:23+00:00","breadcrumb":{"@id":"https:\/\/tothferencpinceszet.hu\/termek\/egri-kadarka-2022-es-kesudio-drazse\/#breadcrumb"},"inLanguage":"en-US","potentialAction":[{"@type":"ReadAction","target":["https:\/\/tothferencpinceszet.hu\/termek\/egri-kadarka-2022-es-kesudio-drazse\/"]}]},{"@type":"ImageObject","inLanguage":"en-US","@id":"https:\/\/tothferencpinceszet.hu\/termek\/egri-kadarka-2022-es-kesudio-drazse\/#primaryimage","url":"https:\/\/tothferencpinceszet.hu\/wp-content\/uploads\/2023\/11\/kadarka_22_kesudio@1200.png","contentUrl":"https:\/\/tothferencpinceszet.hu\/wp-content\/uploads\/2023\/11\/kadarka_22_kesudio@1200.png","width":1200,"height":1200},{"@type":"BreadcrumbList","@id":"https:\/\/tothferencpinceszet.hu\/termek\/egri-kadarka-2022-es-kesudio-drazse\/#breadcrumb","itemListElement":[{"@type":"ListItem","position":1,"name":"Kezd\u0151lap","item":"https:\/\/tothferencpinceszet.hu\/en\/"},{"@type":"ListItem","position":2,"name":"Shop","item":"https:\/\/tothferencpinceszet.hu\/en\/shop\/"},{"@type":"ListItem","position":3,"name":"Egri Kadarka 2021 and milk chocolate cherry drag\u00e9e with almonds"}]},{"@type":"WebSite","@id":"https:\/\/tothferencpinceszet.hu\/#website","url":"https:\/\/tothferencpinceszet.hu\/","name":"T\u00f3th Ferenc Pinc\u00e9szet","description":"40 \u00e9ve az Egri Borvid\u00e9ken","publisher":{"@id":"https:\/\/tothferencpinceszet.hu\/#organization"},"potentialAction":[{"@type":"SearchAction","target":{"@type":"EntryPoint","urlTemplate":"https:\/\/tothferencpinceszet.hu\/?s={search_term_string}"},"query-input":{"@type":"PropertyValueSpecification","valueRequired":true,"valueName":"search_term_string"}}],"inLanguage":"en-US"},{"@type":"Organization","@id":"https:\/\/tothferencpinceszet.hu\/#organization","name":"T\u00f3th Ferenc Pinc\u00e9szet","url":"https:\/\/tothferencpinceszet.hu\/","logo":{"@type":"ImageObject","inLanguage":"en-US","@id":"https:\/\/tothferencpinceszet.hu\/#\/schema\/logo\/image\/","url":"https:\/\/tothferencpinceszet.hu\/wp-content\/uploads\/2022\/11\/cropped-tfp_logo_dark4x.png","contentUrl":"https:\/\/tothferencpinceszet.hu\/wp-content\/uploads\/2022\/11\/cropped-tfp_logo_dark4x.png","width":1294,"height":679,"caption":"T\u00f3th Ferenc Pinc\u00e9szet"},"image":{"@id":"https:\/\/tothferencpinceszet.hu\/#\/schema\/logo\/image\/"}}]}},"_links":{"self":[{"href":"https:\/\/tothferencpinceszet.hu\/en\/wp-json\/wp\/v2\/product\/17428","targetHints":{"allow":["GET"]}}],"collection":[{"href":"https:\/\/tothferencpinceszet.hu\/en\/wp-json\/wp\/v2\/product"}],"about":[{"href":"https:\/\/tothferencpinceszet.hu\/en\/wp-json\/wp\/v2\/types\/product"}],"version-history":[{"count":0,"href":"https:\/\/tothferencpinceszet.hu\/en\/wp-json\/wp\/v2\/product\/17428\/revisions"}],"wp:featuredmedia":[{"embeddable":true,"href":"https:\/\/tothferencpinceszet.hu\/en\/wp-json\/wp\/v2\/media\/18904"}],"wp:attachment":[{"href":"https:\/\/tothferencpinceszet.hu\/en\/wp-json\/wp\/v2\/media?parent=17428"}],"wp:term":[{"taxonomy":"product_brand","embeddable":true,"href":"https:\/\/tothferencpinceszet.hu\/en\/wp-json\/wp\/v2\/product_brand?post=17428"},{"taxonomy":"product_cat","embeddable":true,"href":"https:\/\/tothferencpinceszet.hu\/en\/wp-json\/wp\/v2\/product_cat?post=17428"},{"taxonomy":"product_tag","embeddable":true,"href":"https:\/\/tothferencpinceszet.hu\/en\/wp-json\/wp\/v2\/product_tag?post=17428"}],"curies":[{"name":"wp","href":"https:\/\/api.w.org\/{rel}","templated":true}]}}