{"id":2737,"date":"2023-03-29T10:23:58","date_gmt":"2023-03-29T08:23:58","guid":{"rendered":"https:\/\/tfp.kriet.hu\/impress\/"},"modified":"2023-05-08T14:29:34","modified_gmt":"2023-05-08T12:29:34","slug":"impress","status":"publish","type":"page","link":"https:\/\/tothferencpinceszet.hu\/en\/impress\/","title":{"rendered":"Impress"},"content":{"rendered":"\t\t<div data-elementor-type=\"wp-page\" data-elementor-id=\"2737\" class=\"elementor elementor-2737 elementor-2361\">\n\t\t\t\t\t\t<section class=\"elementor-section elementor-top-section elementor-element elementor-element-4849abef elementor-section-stretched elementor-section-content-middle elementor-section-height-min-height elementor-section-boxed elementor-section-height-default elementor-section-items-middle\" data-id=\"4849abef\" data-element_type=\"section\" data-e-type=\"section\" data-settings=\"{&quot;stretch_section&quot;:&quot;section-stretched&quot;,&quot;jet_parallax_layout_list&quot;:[{&quot;jet_parallax_layout_image&quot;:{&quot;url&quot;:&quot;&quot;,&quot;id&quot;:&quot;&quot;,&quot;size&quot;:&quot;&quot;},&quot;_id&quot;:&quot;9d879cb&quot;,&quot;jet_parallax_layout_speed&quot;:{&quot;unit&quot;:&quot;%&quot;,&quot;size&quot;:50,&quot;sizes&quot;:[]},&quot;jet_parallax_layout_image_tablet&quot;:{&quot;url&quot;:&quot;&quot;,&quot;id&quot;:&quot;&quot;,&quot;size&quot;:&quot;&quot;},&quot;jet_parallax_layout_image_mobile&quot;:{&quot;url&quot;:&quot;&quot;,&quot;id&quot;:&quot;&quot;,&quot;size&quot;:&quot;&quot;},&quot;jet_parallax_layout_type&quot;:&quot;scroll&quot;,&quot;jet_parallax_layout_direction&quot;:&quot;1&quot;,&quot;jet_parallax_layout_fx_direction&quot;:null,&quot;jet_parallax_layout_z_index&quot;:&quot;&quot;,&quot;jet_parallax_layout_bg_x&quot;:50,&quot;jet_parallax_layout_bg_x_tablet&quot;:&quot;&quot;,&quot;jet_parallax_layout_bg_x_mobile&quot;:&quot;&quot;,&quot;jet_parallax_layout_bg_y&quot;:50,&quot;jet_parallax_layout_bg_y_tablet&quot;:&quot;&quot;,&quot;jet_parallax_layout_bg_y_mobile&quot;:&quot;&quot;,&quot;jet_parallax_layout_bg_size&quot;:&quot;auto&quot;,&quot;jet_parallax_layout_bg_size_tablet&quot;:&quot;&quot;,&quot;jet_parallax_layout_bg_size_mobile&quot;:&quot;&quot;,&quot;jet_parallax_layout_animation_prop&quot;:&quot;transform&quot;,&quot;jet_parallax_layout_on&quot;:[&quot;desktop&quot;,&quot;tablet&quot;]}],&quot;background_background&quot;:&quot;classic&quot;}\">\n\t\t\t\t\t\t<div class=\"elementor-container elementor-column-gap-default\">\n\t\t\t\t\t<div class=\"elementor-column elementor-col-50 elementor-top-column elementor-element elementor-element-57ca149c\" data-id=\"57ca149c\" data-element_type=\"column\" data-e-type=\"column\">\n\t\t\t<div class=\"elementor-widget-wrap\">\n\t\t\t\t\t\t\t<\/div>\n\t\t<\/div>\n\t\t\t\t<div class=\"elementor-column elementor-col-50 elementor-top-column elementor-element elementor-element-ba834a2 animated-slow elementor-invisible\" data-id=\"ba834a2\" data-element_type=\"column\" data-e-type=\"column\" data-settings=\"{&quot;animation&quot;:&quot;fadeIn&quot;}\">\n\t\t\t<div class=\"elementor-widget-wrap elementor-element-populated\">\n\t\t\t\t\t\t<div class=\"elementor-element elementor-element-4a9dea5a elementor-widget elementor-widget-heading\" data-id=\"4a9dea5a\" data-element_type=\"widget\" data-e-type=\"widget\" data-widget_type=\"heading.default\">\n\t\t\t\t\t<h1 class=\"elementor-heading-title elementor-size-default\">IMPRESS<\/h1>\t\t\t\t<\/div>\n\t\t\t\t\t<\/div>\n\t\t<\/div>\n\t\t\t\t\t<\/div>\n\t\t<\/section>\n\t\t\t\t<section class=\"elementor-section elementor-top-section elementor-element elementor-element-675b68f8 elementor-section-full_width elementor-section-height-default elementor-section-height-default\" data-id=\"675b68f8\" data-element_type=\"section\" data-e-type=\"section\" data-settings=\"{&quot;jet_parallax_layout_list&quot;:[],&quot;background_background&quot;:&quot;classic&quot;}\">\n\t\t\t\t\t\t<div class=\"elementor-container elementor-column-gap-default\">\n\t\t\t\t\t<div class=\"elementor-column elementor-col-100 elementor-top-column elementor-element elementor-element-3129f682\" data-id=\"3129f682\" data-element_type=\"column\" data-e-type=\"column\">\n\t\t\t<div class=\"elementor-widget-wrap elementor-element-populated\">\n\t\t\t\t\t\t<section class=\"elementor-section elementor-inner-section elementor-element elementor-element-2715a0d6 elementor-section-boxed elementor-section-height-default elementor-section-height-default\" data-id=\"2715a0d6\" data-element_type=\"section\" data-e-type=\"section\" data-settings=\"{&quot;jet_parallax_layout_list&quot;:[]}\">\n\t\t\t\t\t\t<div class=\"elementor-container elementor-column-gap-default\">\n\t\t\t\t\t<div class=\"elementor-column elementor-col-100 elementor-inner-column elementor-element elementor-element-118770b5\" data-id=\"118770b5\" data-element_type=\"column\" data-e-type=\"column\">\n\t\t\t<div class=\"elementor-widget-wrap elementor-element-populated\">\n\t\t\t\t\t\t<div class=\"elementor-element elementor-element-62e62364 elementor-widget elementor-widget-text-editor\" data-id=\"62e62364\" data-element_type=\"widget\" data-e-type=\"widget\" data-widget_type=\"text-editor.default\">\n\t\t\t\t\t\t\t\t\t<p>T\u00f3th Ferenc Winery<\/p>\n<p>Company Name: Egri Borv\u00e1r Kft.<br \/>\nPhone: +36 36 311 552<br \/>\nE-mail: katatoth@tothferencpinceszet.hu<br \/>\nHeadquarters: H-3300 Eger, Kist\u00e1lyai \u00fat 40.<br \/>\nTax ID: 14330829-2-10<br \/>\nBank account number: 10300002-10407568-49020011<br \/>\nRegistration number: 10-09-028365<br \/>\nRegistration authority: Company Registry Court of Eger<br \/>\nThe website is operated by Egri Borv\u00e1r Kft.<\/p>\n<p>Design and development: Kriet.Studio<\/p>\n<p>Hosting service provider&#8217;s headquarters, location: ZeroTime Services Kft., 2013 Pom\u00e1z, Miksz\u00e1th K\u00e1lm\u00e1n utca 36\/4<br \/>\nHosting service provider&#8217;s email address: info@zerotimeservices.com<br \/>\nThe servers of ZeroTime Services Kft. are located in the Dr\u00e1vanet data centers.<\/p>\n\t\t\t\t\t\t\t\t<\/div>\n\t\t\t\t\t<\/div>\n\t\t<\/div>\n\t\t\t\t\t<\/div>\n\t\t<\/section>\n\t\t\t\t\t<\/div>\n\t\t<\/div>\n\t\t\t\t\t<\/div>\n\t\t<\/section>\n\t\t\t\t<\/div>\n\t\t","protected":false},"excerpt":{"rendered":"<p>IMPRESS T\u00f3th Ferenc Winery Company Name: Egri Borv\u00e1r Kft. Phone: +36 36 311 552 E-mail: katatoth@tothferencpinceszet.hu Headquarters: H-3300 Eger, Kist\u00e1lyai \u00fat 40. Tax ID: 14330829-2-10 Bank account number: 10300002-10407568-49020011 Registration number: 10-09-028365 Registration authority: Company Registry Court of Eger The website is operated by Egri Borv\u00e1r Kft. Design and development: Kriet.Studio Hosting service provider&#8217;s headquarters, [&hellip;]<\/p>\n","protected":false},"author":4,"featured_media":0,"parent":0,"menu_order":0,"comment_status":"closed","ping_status":"closed","template":"elementor_header_footer","meta":{"_jet_sm_ready_style":"","_jet_sm_style":"","_jet_sm_controls_values":"","_jet_sm_fonts_collection":"","_jet_sm_fonts_links":"","footnotes":""},"class_list":["post-2737","page","type-page","status-publish","hentry"],"yoast_head":"<!-- This site is optimized with the Yoast SEO plugin v27.4 - https:\/\/yoast.com\/product\/yoast-seo-wordpress\/ -->\n<title>Impress - T\u00f3th Ferenc Pinc\u00e9szet<\/title>\n<meta name=\"robots\" content=\"index, follow, max-snippet:-1, max-image-preview:large, max-video-preview:-1\" \/>\n<link rel=\"canonical\" href=\"https:\/\/tothferencpinceszet.hu\/en\/impress\/\" \/>\n<meta property=\"og:locale\" content=\"en_US\" \/>\n<meta property=\"og:type\" content=\"article\" \/>\n<meta property=\"og:title\" content=\"Impress - T\u00f3th Ferenc Pinc\u00e9szet\" \/>\n<meta property=\"og:description\" content=\"IMPRESS T\u00f3th Ferenc Winery Company Name: Egri Borv\u00e1r Kft. Phone: +36 36 311 552 E-mail: katatoth@tothferencpinceszet.hu Headquarters: H-3300 Eger, Kist\u00e1lyai \u00fat 40. Tax ID: 14330829-2-10 Bank account number: 10300002-10407568-49020011 Registration number: 10-09-028365 Registration authority: Company Registry Court of Eger The website is operated by Egri Borv\u00e1r Kft. Design and development: Kriet.Studio Hosting service provider&#8217;s headquarters, [&hellip;]\" \/>\n<meta property=\"og:url\" content=\"https:\/\/tothferencpinceszet.hu\/en\/impress\/\" \/>\n<meta property=\"og:site_name\" content=\"T\u00f3th Ferenc Pinc\u00e9szet\" \/>\n<meta property=\"article:modified_time\" content=\"2023-05-08T12:29:34+00:00\" \/>\n<meta name=\"twitter:card\" content=\"summary_large_image\" \/>\n<script type=\"application\/ld+json\" class=\"yoast-schema-graph\">{\"@context\":\"https:\\\/\\\/schema.org\",\"@graph\":[{\"@type\":\"WebPage\",\"@id\":\"https:\\\/\\\/tothferencpinceszet.hu\\\/en\\\/impress\\\/\",\"url\":\"https:\\\/\\\/tothferencpinceszet.hu\\\/en\\\/impress\\\/\",\"name\":\"Impress - T\u00f3th Ferenc Pinc\u00e9szet\",\"isPartOf\":{\"@id\":\"https:\\\/\\\/tothferencpinceszet.hu\\\/#website\"},\"datePublished\":\"2023-03-29T08:23:58+00:00\",\"dateModified\":\"2023-05-08T12:29:34+00:00\",\"breadcrumb\":{\"@id\":\"https:\\\/\\\/tothferencpinceszet.hu\\\/en\\\/impress\\\/#breadcrumb\"},\"inLanguage\":\"en-US\",\"potentialAction\":[{\"@type\":\"ReadAction\",\"target\":[\"https:\\\/\\\/tothferencpinceszet.hu\\\/en\\\/impress\\\/\"]}]},{\"@type\":\"BreadcrumbList\",\"@id\":\"https:\\\/\\\/tothferencpinceszet.hu\\\/en\\\/impress\\\/#breadcrumb\",\"itemListElement\":[{\"@type\":\"ListItem\",\"position\":1,\"name\":\"Kezd\u0151lap\",\"item\":\"https:\\\/\\\/tothferencpinceszet.hu\\\/en\\\/\"},{\"@type\":\"ListItem\",\"position\":2,\"name\":\"Impress\"}]},{\"@type\":\"WebSite\",\"@id\":\"https:\\\/\\\/tothferencpinceszet.hu\\\/#website\",\"url\":\"https:\\\/\\\/tothferencpinceszet.hu\\\/\",\"name\":\"T\u00f3th Ferenc Pinc\u00e9szet\",\"description\":\"40 \u00e9ve az Egri Borvid\u00e9ken\",\"publisher\":{\"@id\":\"https:\\\/\\\/tothferencpinceszet.hu\\\/#organization\"},\"potentialAction\":[{\"@type\":\"SearchAction\",\"target\":{\"@type\":\"EntryPoint\",\"urlTemplate\":\"https:\\\/\\\/tothferencpinceszet.hu\\\/?s={search_term_string}\"},\"query-input\":{\"@type\":\"PropertyValueSpecification\",\"valueRequired\":true,\"valueName\":\"search_term_string\"}}],\"inLanguage\":\"en-US\"},{\"@type\":\"Organization\",\"@id\":\"https:\\\/\\\/tothferencpinceszet.hu\\\/#organization\",\"name\":\"T\u00f3th Ferenc Pinc\u00e9szet\",\"url\":\"https:\\\/\\\/tothferencpinceszet.hu\\\/\",\"logo\":{\"@type\":\"ImageObject\",\"inLanguage\":\"en-US\",\"@id\":\"https:\\\/\\\/tothferencpinceszet.hu\\\/#\\\/schema\\\/logo\\\/image\\\/\",\"url\":\"https:\\\/\\\/tothferencpinceszet.hu\\\/wp-content\\\/uploads\\\/2022\\\/11\\\/cropped-tfp_logo_dark4x.png\",\"contentUrl\":\"https:\\\/\\\/tothferencpinceszet.hu\\\/wp-content\\\/uploads\\\/2022\\\/11\\\/cropped-tfp_logo_dark4x.png\",\"width\":1294,\"height\":679,\"caption\":\"T\u00f3th Ferenc Pinc\u00e9szet\"},\"image\":{\"@id\":\"https:\\\/\\\/tothferencpinceszet.hu\\\/#\\\/schema\\\/logo\\\/image\\\/\"}}]}<\/script>\n<!-- \/ Yoast SEO plugin. -->","yoast_head_json":{"title":"Impress - T\u00f3th Ferenc Pinc\u00e9szet","robots":{"index":"index","follow":"follow","max-snippet":"max-snippet:-1","max-image-preview":"max-image-preview:large","max-video-preview":"max-video-preview:-1"},"canonical":"https:\/\/tothferencpinceszet.hu\/en\/impress\/","og_locale":"en_US","og_type":"article","og_title":"Impress - T\u00f3th Ferenc Pinc\u00e9szet","og_description":"IMPRESS T\u00f3th Ferenc Winery Company Name: Egri Borv\u00e1r Kft. Phone: +36 36 311 552 E-mail: katatoth@tothferencpinceszet.hu Headquarters: H-3300 Eger, Kist\u00e1lyai \u00fat 40. Tax ID: 14330829-2-10 Bank account number: 10300002-10407568-49020011 Registration number: 10-09-028365 Registration authority: Company Registry Court of Eger The website is operated by Egri Borv\u00e1r Kft. Design and development: Kriet.Studio Hosting service provider&#8217;s headquarters, [&hellip;]","og_url":"https:\/\/tothferencpinceszet.hu\/en\/impress\/","og_site_name":"T\u00f3th Ferenc Pinc\u00e9szet","article_modified_time":"2023-05-08T12:29:34+00:00","twitter_card":"summary_large_image","schema":{"@context":"https:\/\/schema.org","@graph":[{"@type":"WebPage","@id":"https:\/\/tothferencpinceszet.hu\/en\/impress\/","url":"https:\/\/tothferencpinceszet.hu\/en\/impress\/","name":"Impress - T\u00f3th Ferenc Pinc\u00e9szet","isPartOf":{"@id":"https:\/\/tothferencpinceszet.hu\/#website"},"datePublished":"2023-03-29T08:23:58+00:00","dateModified":"2023-05-08T12:29:34+00:00","breadcrumb":{"@id":"https:\/\/tothferencpinceszet.hu\/en\/impress\/#breadcrumb"},"inLanguage":"en-US","potentialAction":[{"@type":"ReadAction","target":["https:\/\/tothferencpinceszet.hu\/en\/impress\/"]}]},{"@type":"BreadcrumbList","@id":"https:\/\/tothferencpinceszet.hu\/en\/impress\/#breadcrumb","itemListElement":[{"@type":"ListItem","position":1,"name":"Kezd\u0151lap","item":"https:\/\/tothferencpinceszet.hu\/en\/"},{"@type":"ListItem","position":2,"name":"Impress"}]},{"@type":"WebSite","@id":"https:\/\/tothferencpinceszet.hu\/#website","url":"https:\/\/tothferencpinceszet.hu\/","name":"T\u00f3th Ferenc Pinc\u00e9szet","description":"40 \u00e9ve az Egri Borvid\u00e9ken","publisher":{"@id":"https:\/\/tothferencpinceszet.hu\/#organization"},"potentialAction":[{"@type":"SearchAction","target":{"@type":"EntryPoint","urlTemplate":"https:\/\/tothferencpinceszet.hu\/?s={search_term_string}"},"query-input":{"@type":"PropertyValueSpecification","valueRequired":true,"valueName":"search_term_string"}}],"inLanguage":"en-US"},{"@type":"Organization","@id":"https:\/\/tothferencpinceszet.hu\/#organization","name":"T\u00f3th Ferenc Pinc\u00e9szet","url":"https:\/\/tothferencpinceszet.hu\/","logo":{"@type":"ImageObject","inLanguage":"en-US","@id":"https:\/\/tothferencpinceszet.hu\/#\/schema\/logo\/image\/","url":"https:\/\/tothferencpinceszet.hu\/wp-content\/uploads\/2022\/11\/cropped-tfp_logo_dark4x.png","contentUrl":"https:\/\/tothferencpinceszet.hu\/wp-content\/uploads\/2022\/11\/cropped-tfp_logo_dark4x.png","width":1294,"height":679,"caption":"T\u00f3th Ferenc Pinc\u00e9szet"},"image":{"@id":"https:\/\/tothferencpinceszet.hu\/#\/schema\/logo\/image\/"}}]}},"_links":{"self":[{"href":"https:\/\/tothferencpinceszet.hu\/en\/wp-json\/wp\/v2\/pages\/2737","targetHints":{"allow":["GET"]}}],"collection":[{"href":"https:\/\/tothferencpinceszet.hu\/en\/wp-json\/wp\/v2\/pages"}],"about":[{"href":"https:\/\/tothferencpinceszet.hu\/en\/wp-json\/wp\/v2\/types\/page"}],"author":[{"embeddable":true,"href":"https:\/\/tothferencpinceszet.hu\/en\/wp-json\/wp\/v2\/users\/4"}],"replies":[{"embeddable":true,"href":"https:\/\/tothferencpinceszet.hu\/en\/wp-json\/wp\/v2\/comments?post=2737"}],"version-history":[{"count":0,"href":"https:\/\/tothferencpinceszet.hu\/en\/wp-json\/wp\/v2\/pages\/2737\/revisions"}],"wp:attachment":[{"href":"https:\/\/tothferencpinceszet.hu\/en\/wp-json\/wp\/v2\/media?parent=2737"}],"curies":[{"name":"wp","href":"https:\/\/api.w.org\/{rel}","templated":true}]}}