{"id":1023,"date":"2022-11-16T14:24:53","date_gmt":"2022-11-16T13:24:53","guid":{"rendered":"https:\/\/tfp.kriet.hu\/my-account\/"},"modified":"2023-03-01T08:51:47","modified_gmt":"2023-03-01T07:51:47","slug":"my-account","status":"publish","type":"page","link":"https:\/\/tothferencpinceszet.hu\/en\/my-account\/","title":{"rendered":"My Account"},"content":{"rendered":"<div class=\"woocommerce\">\n<div class=\"jet-woo-builder-woocommerce-myaccount-login-page\">\n\n\t<div class=\"woocommerce-notices-wrapper\"><\/div>\n\t<div id=\"customer_login\">\n\t\t\t\t<div data-elementor-type=\"jet-woo-builder-myaccount\" data-elementor-id=\"2607\" class=\"elementor elementor-2607\">\n\t\t\t\t\t\t<section class=\"elementor-section elementor-top-section elementor-element elementor-element-d80e56e elementor-section-boxed elementor-section-height-default elementor-section-height-default\" data-id=\"d80e56e\" data-element_type=\"section\" data-e-type=\"section\" data-settings=\"{&quot;jet_parallax_layout_list&quot;:[]}\">\n\t\t\t\t\t\t<div class=\"elementor-container elementor-column-gap-default\">\n\t\t\t\t\t<div class=\"elementor-column elementor-col-33 elementor-top-column elementor-element elementor-element-ea87d1e\" data-id=\"ea87d1e\" data-element_type=\"column\" data-e-type=\"column\">\n\t\t\t<div class=\"elementor-widget-wrap\">\n\t\t\t\t\t\t\t<\/div>\n\t\t<\/div>\n\t\t\t\t<div class=\"elementor-column elementor-col-33 elementor-top-column elementor-element elementor-element-ac62ef0\" data-id=\"ac62ef0\" data-element_type=\"column\" data-e-type=\"column\">\n\t\t\t<div class=\"elementor-widget-wrap elementor-element-populated\">\n\t\t\t\t\t\t<div class=\"elementor-element elementor-element-3f14779 elementor-widget elementor-widget-jet-myaccount-login-form\" data-id=\"3f14779\" data-element_type=\"widget\" data-e-type=\"widget\" data-widget_type=\"jet-myaccount-login-form.default\">\n\t\t\t\t<div class=\"elementor-widget-container\">\n\t\t\t\t\t<div class=\"elementor-jet-myaccount-login-form jet-woo-builder\">\n<h2>Login<\/h2>\n\n<form class=\"woocommerce-form woocommerce-form-login login\" method=\"post\" novalidate>\n\n\t\n\t<p class=\"woocommerce-form-row woocommerce-form-row--wide form-row form-row-wide\">\n\t\t<label for=\"username\">Username or email address&nbsp;<span class=\"required\">*<\/span><\/label>\n\t\t<input type=\"text\" class=\"woocommerce-Input woocommerce-Input--text input-text\" name=\"username\" id=\"username\" autocomplete=\"username\" value=\"\" \/>\t<\/p>\n\t<p class=\"woocommerce-form-row woocommerce-form-row--wide form-row form-row-wide\">\n\t\t<label for=\"password\">Password&nbsp;<span class=\"required\">*<\/span><\/label>\n\t\t<input class=\"woocommerce-Input woocommerce-Input--text input-text\" type=\"password\" name=\"password\" id=\"password\" autocomplete=\"current-password\" \/>\n\t<\/p>\n\n\t\n\t<p class=\"form-row\">\n\t\t<label class=\"woocommerce-form__label woocommerce-form__label-for-checkbox woocommerce-form-login__rememberme\">\n\t\t\t<input class=\"woocommerce-form__input woocommerce-form__input-checkbox\" name=\"rememberme\" type=\"checkbox\" id=\"rememberme\" value=\"forever\" \/> <span>Remember me<\/span>\n\t\t<\/label>\n\t\t<input type=\"hidden\" id=\"woocommerce-login-nonce\" name=\"woocommerce-login-nonce\" value=\"9b4a6fa192\" \/><input type=\"hidden\" name=\"_wp_http_referer\" value=\"\/en\/wp-json\/wp\/v2\/pages\/1023\" \/>\t\t<button type=\"submit\" class=\"woocommerce-button button woocommerce-form-login__submit \" name=\"login\" value=\"Log in\">Log in<\/button>\n\t<\/p>\n\t<p class=\"woocommerce-LostPassword lost_password\">\n\t\t<a href=\"https:\/\/tothferencpinceszet.hu\/en\/my-account\/lost-password\/\">Lost your password?<\/a>\n\t<\/p>\n\n\t\n<\/form><\/div>\t\t\t\t<\/div>\n\t\t\t\t<\/div>\n\t\t\t\t\t<\/div>\n\t\t<\/div>\n\t\t\t\t<div class=\"elementor-column elementor-col-33 elementor-top-column elementor-element elementor-element-271ea5a\" data-id=\"271ea5a\" data-element_type=\"column\" data-e-type=\"column\">\n\t\t\t<div class=\"elementor-widget-wrap\">\n\t\t\t\t\t\t\t<\/div>\n\t\t<\/div>\n\t\t\t\t\t<\/div>\n\t\t<\/section>\n\t\t\t\t<\/div>\n\t\t\t<\/div>\n\n\t\n<\/div>\n\n<\/div>\n","protected":false},"excerpt":{"rendered":"","protected":false},"author":3,"featured_media":0,"parent":0,"menu_order":0,"comment_status":"closed","ping_status":"closed","template":"","meta":{"_jet_sm_ready_style":"","_jet_sm_style":"","_jet_sm_controls_values":"","_jet_sm_fonts_collection":"","_jet_sm_fonts_links":"","footnotes":""},"class_list":["post-1023","page","type-page","status-publish","hentry"],"yoast_head":"<!-- This site is optimized with the Yoast SEO plugin v27.4 - https:\/\/yoast.com\/product\/yoast-seo-wordpress\/ -->\n<title>My Account - T\u00f3th Ferenc Pinc\u00e9szet<\/title>\n<meta name=\"robots\" content=\"index, follow, max-snippet:-1, max-image-preview:large, max-video-preview:-1\" \/>\n<link rel=\"canonical\" href=\"https:\/\/tothferencpinceszet.hu\/en\/my-account\/\" \/>\n<meta property=\"og:locale\" content=\"en_US\" \/>\n<meta property=\"og:type\" content=\"article\" \/>\n<meta property=\"og:title\" content=\"My Account - T\u00f3th Ferenc Pinc\u00e9szet\" \/>\n<meta property=\"og:url\" content=\"https:\/\/tothferencpinceszet.hu\/en\/my-account\/\" \/>\n<meta property=\"og:site_name\" content=\"T\u00f3th Ferenc Pinc\u00e9szet\" \/>\n<meta property=\"article:modified_time\" content=\"2023-03-01T07:51:47+00:00\" \/>\n<meta name=\"twitter:card\" content=\"summary_large_image\" \/>\n<script type=\"application\/ld+json\" class=\"yoast-schema-graph\">{\"@context\":\"https:\\\/\\\/schema.org\",\"@graph\":[{\"@type\":\"WebPage\",\"@id\":\"https:\\\/\\\/tothferencpinceszet.hu\\\/en\\\/my-account\\\/\",\"url\":\"https:\\\/\\\/tothferencpinceszet.hu\\\/en\\\/my-account\\\/\",\"name\":\"My Account - T\u00f3th Ferenc Pinc\u00e9szet\",\"isPartOf\":{\"@id\":\"https:\\\/\\\/tothferencpinceszet.hu\\\/#website\"},\"datePublished\":\"2022-11-16T13:24:53+00:00\",\"dateModified\":\"2023-03-01T07:51:47+00:00\",\"breadcrumb\":{\"@id\":\"https:\\\/\\\/tothferencpinceszet.hu\\\/en\\\/my-account\\\/#breadcrumb\"},\"inLanguage\":\"en-US\",\"potentialAction\":[{\"@type\":\"ReadAction\",\"target\":[\"https:\\\/\\\/tothferencpinceszet.hu\\\/en\\\/my-account\\\/\"]}]},{\"@type\":\"BreadcrumbList\",\"@id\":\"https:\\\/\\\/tothferencpinceszet.hu\\\/en\\\/my-account\\\/#breadcrumb\",\"itemListElement\":[{\"@type\":\"ListItem\",\"position\":1,\"name\":\"Kezd\u0151lap\",\"item\":\"https:\\\/\\\/tothferencpinceszet.hu\\\/en\\\/\"},{\"@type\":\"ListItem\",\"position\":2,\"name\":\"My Account\"}]},{\"@type\":\"WebSite\",\"@id\":\"https:\\\/\\\/tothferencpinceszet.hu\\\/#website\",\"url\":\"https:\\\/\\\/tothferencpinceszet.hu\\\/\",\"name\":\"T\u00f3th Ferenc Pinc\u00e9szet\",\"description\":\"40 \u00e9ve az Egri Borvid\u00e9ken\",\"publisher\":{\"@id\":\"https:\\\/\\\/tothferencpinceszet.hu\\\/#organization\"},\"potentialAction\":[{\"@type\":\"SearchAction\",\"target\":{\"@type\":\"EntryPoint\",\"urlTemplate\":\"https:\\\/\\\/tothferencpinceszet.hu\\\/?s={search_term_string}\"},\"query-input\":{\"@type\":\"PropertyValueSpecification\",\"valueRequired\":true,\"valueName\":\"search_term_string\"}}],\"inLanguage\":\"en-US\"},{\"@type\":\"Organization\",\"@id\":\"https:\\\/\\\/tothferencpinceszet.hu\\\/#organization\",\"name\":\"T\u00f3th Ferenc Pinc\u00e9szet\",\"url\":\"https:\\\/\\\/tothferencpinceszet.hu\\\/\",\"logo\":{\"@type\":\"ImageObject\",\"inLanguage\":\"en-US\",\"@id\":\"https:\\\/\\\/tothferencpinceszet.hu\\\/#\\\/schema\\\/logo\\\/image\\\/\",\"url\":\"https:\\\/\\\/tothferencpinceszet.hu\\\/wp-content\\\/uploads\\\/2022\\\/11\\\/cropped-tfp_logo_dark4x.png\",\"contentUrl\":\"https:\\\/\\\/tothferencpinceszet.hu\\\/wp-content\\\/uploads\\\/2022\\\/11\\\/cropped-tfp_logo_dark4x.png\",\"width\":1294,\"height\":679,\"caption\":\"T\u00f3th Ferenc Pinc\u00e9szet\"},\"image\":{\"@id\":\"https:\\\/\\\/tothferencpinceszet.hu\\\/#\\\/schema\\\/logo\\\/image\\\/\"}}]}<\/script>\n<!-- \/ Yoast SEO plugin. -->","yoast_head_json":{"title":"My Account - T\u00f3th Ferenc Pinc\u00e9szet","robots":{"index":"index","follow":"follow","max-snippet":"max-snippet:-1","max-image-preview":"max-image-preview:large","max-video-preview":"max-video-preview:-1"},"canonical":"https:\/\/tothferencpinceszet.hu\/en\/my-account\/","og_locale":"en_US","og_type":"article","og_title":"My Account - T\u00f3th Ferenc Pinc\u00e9szet","og_url":"https:\/\/tothferencpinceszet.hu\/en\/my-account\/","og_site_name":"T\u00f3th Ferenc Pinc\u00e9szet","article_modified_time":"2023-03-01T07:51:47+00:00","twitter_card":"summary_large_image","schema":{"@context":"https:\/\/schema.org","@graph":[{"@type":"WebPage","@id":"https:\/\/tothferencpinceszet.hu\/en\/my-account\/","url":"https:\/\/tothferencpinceszet.hu\/en\/my-account\/","name":"My Account - T\u00f3th Ferenc Pinc\u00e9szet","isPartOf":{"@id":"https:\/\/tothferencpinceszet.hu\/#website"},"datePublished":"2022-11-16T13:24:53+00:00","dateModified":"2023-03-01T07:51:47+00:00","breadcrumb":{"@id":"https:\/\/tothferencpinceszet.hu\/en\/my-account\/#breadcrumb"},"inLanguage":"en-US","potentialAction":[{"@type":"ReadAction","target":["https:\/\/tothferencpinceszet.hu\/en\/my-account\/"]}]},{"@type":"BreadcrumbList","@id":"https:\/\/tothferencpinceszet.hu\/en\/my-account\/#breadcrumb","itemListElement":[{"@type":"ListItem","position":1,"name":"Kezd\u0151lap","item":"https:\/\/tothferencpinceszet.hu\/en\/"},{"@type":"ListItem","position":2,"name":"My Account"}]},{"@type":"WebSite","@id":"https:\/\/tothferencpinceszet.hu\/#website","url":"https:\/\/tothferencpinceszet.hu\/","name":"T\u00f3th Ferenc Pinc\u00e9szet","description":"40 \u00e9ve az Egri Borvid\u00e9ken","publisher":{"@id":"https:\/\/tothferencpinceszet.hu\/#organization"},"potentialAction":[{"@type":"SearchAction","target":{"@type":"EntryPoint","urlTemplate":"https:\/\/tothferencpinceszet.hu\/?s={search_term_string}"},"query-input":{"@type":"PropertyValueSpecification","valueRequired":true,"valueName":"search_term_string"}}],"inLanguage":"en-US"},{"@type":"Organization","@id":"https:\/\/tothferencpinceszet.hu\/#organization","name":"T\u00f3th Ferenc Pinc\u00e9szet","url":"https:\/\/tothferencpinceszet.hu\/","logo":{"@type":"ImageObject","inLanguage":"en-US","@id":"https:\/\/tothferencpinceszet.hu\/#\/schema\/logo\/image\/","url":"https:\/\/tothferencpinceszet.hu\/wp-content\/uploads\/2022\/11\/cropped-tfp_logo_dark4x.png","contentUrl":"https:\/\/tothferencpinceszet.hu\/wp-content\/uploads\/2022\/11\/cropped-tfp_logo_dark4x.png","width":1294,"height":679,"caption":"T\u00f3th Ferenc Pinc\u00e9szet"},"image":{"@id":"https:\/\/tothferencpinceszet.hu\/#\/schema\/logo\/image\/"}}]}},"_links":{"self":[{"href":"https:\/\/tothferencpinceszet.hu\/en\/wp-json\/wp\/v2\/pages\/1023","targetHints":{"allow":["GET"]}}],"collection":[{"href":"https:\/\/tothferencpinceszet.hu\/en\/wp-json\/wp\/v2\/pages"}],"about":[{"href":"https:\/\/tothferencpinceszet.hu\/en\/wp-json\/wp\/v2\/types\/page"}],"author":[{"embeddable":true,"href":"https:\/\/tothferencpinceszet.hu\/en\/wp-json\/wp\/v2\/users\/3"}],"replies":[{"embeddable":true,"href":"https:\/\/tothferencpinceszet.hu\/en\/wp-json\/wp\/v2\/comments?post=1023"}],"version-history":[{"count":0,"href":"https:\/\/tothferencpinceszet.hu\/en\/wp-json\/wp\/v2\/pages\/1023\/revisions"}],"wp:attachment":[{"href":"https:\/\/tothferencpinceszet.hu\/en\/wp-json\/wp\/v2\/media?parent=1023"}],"curies":[{"name":"wp","href":"https:\/\/api.w.org\/{rel}","templated":true}]}}